{"id":5285211,"date":"2026-01-16T15:51:41","date_gmt":"2026-01-16T13:51:41","guid":{"rendered":"https:\/\/gadgettravellers.eu\/shop\/ardennes-coticule-sharpening-stone-combined-1200-4000\/"},"modified":"2026-04-11T19:20:56","modified_gmt":"2026-04-11T17:20:56","slug":"ardennes-coticule-sharpening-stone-combined-1200-4000","status":"publish","type":"product","link":"https:\/\/gadgettravellers.eu\/en\/shop\/ardennes-coticule-sharpening-stone-combined-1200-4000\/","title":{"rendered":"Ardennes Coticule sharpening stone combined 1200-4000"},"content":{"rendered":"<h2>Natural Sharpening Stone Combined BBW\/Pyr\u00e9n\u00e9es 1200-4000 &#8211; Ardennes Coticule<\/h2>\n<p>CotPyr &#8211; Pyr\u00e8n\u00e8es\/BBW generously sized natural sharpening stone with two combined grits.<br \/>\nThe first side (grey colour) has an estimated grit of 1200 and the second side (purple colour) has an estimated grit of 4000.<br \/>\nThis combination sharpening stone makes it possible to obtain a good bevel in a short time (of course the experience component of the user always makes a difference in obtaining a good result).<br \/>\nBoth sides are ready to use.<br \/>\nSIDE 1<br \/>\nThe side with Pyr\u00e8n\u00e8es stone (grey colour) has an estimated grit 1200 and is indicated for the first sharpening phase, i.e. the creation of the bevel and\/or the elimination of any &#8220;chips&#8221; present on the edge of the razor blade.<br \/>\nSIDE 2<br \/>\nThe side with BBW stone (dark purple colour) with estimated grit 4000 is indicated for the pre-finishing phase. It can be used as a &#8220;second phase&#8221; after having obtained the bevel on the 1200 side of the Pyr\u00e8n\u00e8es stone, or as a separate phase before going on to finishing stones such as Belga yellow Selected or black Slate.<br \/>\nIf you want to lapping the stone, it is recommended to use only the blue Belgian side (BBW &#8220;purple colour&#8221; &#8211; grit 4000) as the manufacturer does not recommend to lapping on the Pyr\u00e8n\u00e8es side (grey colour from grit 1200) because it risks to close the pores and compromise the correct abrasive function of the stone.<br \/>\nHow to use: Wet the stone on the Pyr\u00e8n\u00e8es side (grey colour) with water and work with the razor to obtain the bevel.<br \/>\nBefore switching to the BBW side (dark purple), we suggest to work under running water in order to remove residues from the blade.<br \/>\nType: CotPyr (combined Pyr\u00e9n\u00e9es\/BBW Belgian blue)<br \/>\nGrit: 1200 Pyr\u00e9n\u00e9es \/ 4000 BBW<br \/>\nSuitable for: chamfering and prefinishing<br \/>\nNot suitable: finishing<br \/>\nDimensions: 200x60mm<\/p>\n","protected":false},"excerpt":{"rendered":"<p>Natural Sharpening Stone Combined BBW\/Pyr\u00e9n\u00e9es 1200-4000 &#8211; Ardennes Coticule CotPyr &#8211; Pyr\u00e8n\u00e8es\/BBW generously sized natural sharpening stone with two combined grits. The first side (grey colour) has an estimated grit of 1200 and the second side (purple colour) has an estimated grit of 4000. This combination sharpening stone makes it possible to obtain a good [&hellip;]<\/p>\n","protected":false},"featured_media":5276956,"comment_status":"closed","ping_status":"open","template":"","meta":[],"product_brand":[],"product_cat":[142166],"product_tag":[142242],"class_list":{"0":"post-5285211","1":"product","2":"type-product","3":"status-publish","4":"has-post-thumbnail","6":"product_cat-ardennes-coticule-3","7":"product_tag-ardennes-coticule","9":"first","10":"onbackorder","11":"purchasable","12":"product-type-simple"},"jetpack_sharing_enabled":true,"_links":{"self":[{"href":"https:\/\/gadgettravellers.eu\/en\/wp-json\/wp\/v2\/product\/5285211","targetHints":{"allow":["GET"]}}],"collection":[{"href":"https:\/\/gadgettravellers.eu\/en\/wp-json\/wp\/v2\/product"}],"about":[{"href":"https:\/\/gadgettravellers.eu\/en\/wp-json\/wp\/v2\/types\/product"}],"replies":[{"embeddable":true,"href":"https:\/\/gadgettravellers.eu\/en\/wp-json\/wp\/v2\/comments?post=5285211"}],"wp:featuredmedia":[{"embeddable":true,"href":"https:\/\/gadgettravellers.eu\/en\/wp-json\/wp\/v2\/media\/5276956"}],"wp:attachment":[{"href":"https:\/\/gadgettravellers.eu\/en\/wp-json\/wp\/v2\/media?parent=5285211"}],"wp:term":[{"taxonomy":"product_brand","embeddable":true,"href":"https:\/\/gadgettravellers.eu\/en\/wp-json\/wp\/v2\/product_brand?post=5285211"},{"taxonomy":"product_cat","embeddable":true,"href":"https:\/\/gadgettravellers.eu\/en\/wp-json\/wp\/v2\/product_cat?post=5285211"},{"taxonomy":"product_tag","embeddable":true,"href":"https:\/\/gadgettravellers.eu\/en\/wp-json\/wp\/v2\/product_tag?post=5285211"}],"curies":[{"name":"wp","href":"https:\/\/api.w.org\/{rel}","templated":true}]}}