{"id":5288223,"date":"2026-01-16T16:09:17","date_gmt":"2026-01-16T14:09:17","guid":{"rendered":"https:\/\/gadgettravellers.eu\/shop\/extro-cosmesi-aftershave-the-end-100ml-2\/"},"modified":"2026-04-05T19:40:27","modified_gmt":"2026-04-05T17:40:27","slug":"extro-cosmesi-aftershave-the-end-100ml-2","status":"publish","type":"product","link":"https:\/\/gadgettravellers.eu\/en\/shop\/extro-cosmesi-aftershave-the-end-100ml-2\/","title":{"rendered":"Extro Cosmesi aftershave the end 100ml"},"content":{"rendered":"<h2>Eau de toilette Aftershave The End 100ml Extr\u00f2 Cosmesi<\/h2>\n<p>The Edt Aftershave The End, born as a limited edition production, is permanently included in the Extro&#8217; price list. the fragrance is a tribute to brut faberge launched on the market in 1968.<br \/>\n<strong>Olfactive pyramid<\/strong><br \/>\nTop Notes: basil, Calabrian bergamot (Extr\u00f2), lemon, absinthium artemisia (Extr\u00f2), lavender.<br \/>\nHeart Notes: geranium, ylang ylang.<br \/>\nBase Notes: oak moss, patchouly (camelot extr\u00f2), sandalwood, tonka bean, vetiver (extr\u00f2), vanilla (extr\u00f2).<br \/>\nThis aftershave thanks to the high percentage of essence (10%) can be used as a perfume.<br \/>\nIn 100ml size bottle. 100% Made in Italy<br \/>\n<strong>Ingredients<\/strong>: Alcohol denat., Aqua (Water), Parfum, Menthol<\/p>\n","protected":false},"excerpt":{"rendered":"<p>Eau de toilette Aftershave The End 100ml Extr\u00f2 Cosmesi The Edt Aftershave The End, born as a limited edition production, is permanently included in the Extro&#8217; price list. the fragrance is a tribute to brut faberge launched on the market in 1968. Olfactive pyramid Top Notes: basil, Calabrian bergamot (Extr\u00f2), lemon, absinthium artemisia (Extr\u00f2), lavender. [&hellip;]<\/p>\n","protected":false},"featured_media":63779,"comment_status":"closed","ping_status":"open","template":"","meta":[],"product_brand":[],"product_cat":[142194],"product_tag":[1915],"class_list":{"0":"post-5288223","1":"product","2":"type-product","3":"status-publish","4":"has-post-thumbnail","6":"product_cat-extro-cosmesi-3","7":"product_tag-extro-cosmesi","9":"first","10":"onbackorder","11":"purchasable","12":"product-type-simple"},"jetpack_sharing_enabled":true,"_links":{"self":[{"href":"https:\/\/gadgettravellers.eu\/en\/wp-json\/wp\/v2\/product\/5288223","targetHints":{"allow":["GET"]}}],"collection":[{"href":"https:\/\/gadgettravellers.eu\/en\/wp-json\/wp\/v2\/product"}],"about":[{"href":"https:\/\/gadgettravellers.eu\/en\/wp-json\/wp\/v2\/types\/product"}],"replies":[{"embeddable":true,"href":"https:\/\/gadgettravellers.eu\/en\/wp-json\/wp\/v2\/comments?post=5288223"}],"wp:featuredmedia":[{"embeddable":true,"href":"https:\/\/gadgettravellers.eu\/en\/wp-json\/wp\/v2\/media\/63779"}],"wp:attachment":[{"href":"https:\/\/gadgettravellers.eu\/en\/wp-json\/wp\/v2\/media?parent=5288223"}],"wp:term":[{"taxonomy":"product_brand","embeddable":true,"href":"https:\/\/gadgettravellers.eu\/en\/wp-json\/wp\/v2\/product_brand?post=5288223"},{"taxonomy":"product_cat","embeddable":true,"href":"https:\/\/gadgettravellers.eu\/en\/wp-json\/wp\/v2\/product_cat?post=5288223"},{"taxonomy":"product_tag","embeddable":true,"href":"https:\/\/gadgettravellers.eu\/en\/wp-json\/wp\/v2\/product_tag?post=5288223"}],"curies":[{"name":"wp","href":"https:\/\/api.w.org\/{rel}","templated":true}]}}