{"id":5288280,"date":"2026-01-16T16:09:39","date_gmt":"2026-01-16T14:09:39","guid":{"rendered":"https:\/\/gadgettravellers.eu\/shop\/extro-cosmesi-shower-shampoo-barocco-500ml\/"},"modified":"2026-04-03T20:07:57","modified_gmt":"2026-04-03T18:07:57","slug":"extro-cosmesi-shower-shampoo-barocco-500ml","status":"publish","type":"product","link":"https:\/\/gadgettravellers.eu\/en\/shop\/extro-cosmesi-shower-shampoo-barocco-500ml\/","title":{"rendered":"Extro Cosmesi shower shampoo barocco 500ml"},"content":{"rendered":"<h2>Shower shampoo Barocco 500ml Extr\u00f2 Cosmesi<\/h2>\n<p>Barocco Shower Shampoo by Extr\u00f2 Cosmesi, a shower shampoo that recalls the Barocco shaving line.<br \/>\nExtr\u00f2 Shower Shampoo<strong>Does not contain SLS.<\/strong><br \/>\n500ml size bottle. 100% Made in Italy<br \/>\nINGREDIENTS: aqua, magnesium laureth sulfate, sodium chloride, parfum, polyquaternium-7, cocamidopropyl betaine, cocamidopropylamine oxide, tetrasodium edta, 2-bromo-2-nitropropane-1,3-diol.<\/p>\n","protected":false},"excerpt":{"rendered":"<p>Shower shampoo Barocco 500ml Extr\u00f2 Cosmesi Barocco Shower Shampoo by Extr\u00f2 Cosmesi, a shower shampoo that recalls the Barocco shaving line. Extr\u00f2 Shower ShampooDoes not contain SLS. 500ml size bottle. 100% Made in Italy INGREDIENTS: aqua, magnesium laureth sulfate, sodium chloride, parfum, polyquaternium-7, cocamidopropyl betaine, cocamidopropylamine oxide, tetrasodium edta, 2-bromo-2-nitropropane-1,3-diol.<\/p>\n","protected":false},"featured_media":64007,"comment_status":"closed","ping_status":"open","template":"","meta":[],"product_brand":[],"product_cat":[142194],"product_tag":[1915],"class_list":{"0":"post-5288280","1":"product","2":"type-product","3":"status-publish","4":"has-post-thumbnail","6":"product_cat-extro-cosmesi-3","7":"product_tag-extro-cosmesi","9":"first","10":"onbackorder","11":"purchasable","12":"product-type-simple"},"jetpack_sharing_enabled":true,"_links":{"self":[{"href":"https:\/\/gadgettravellers.eu\/en\/wp-json\/wp\/v2\/product\/5288280","targetHints":{"allow":["GET"]}}],"collection":[{"href":"https:\/\/gadgettravellers.eu\/en\/wp-json\/wp\/v2\/product"}],"about":[{"href":"https:\/\/gadgettravellers.eu\/en\/wp-json\/wp\/v2\/types\/product"}],"replies":[{"embeddable":true,"href":"https:\/\/gadgettravellers.eu\/en\/wp-json\/wp\/v2\/comments?post=5288280"}],"wp:featuredmedia":[{"embeddable":true,"href":"https:\/\/gadgettravellers.eu\/en\/wp-json\/wp\/v2\/media\/64007"}],"wp:attachment":[{"href":"https:\/\/gadgettravellers.eu\/en\/wp-json\/wp\/v2\/media?parent=5288280"}],"wp:term":[{"taxonomy":"product_brand","embeddable":true,"href":"https:\/\/gadgettravellers.eu\/en\/wp-json\/wp\/v2\/product_brand?post=5288280"},{"taxonomy":"product_cat","embeddable":true,"href":"https:\/\/gadgettravellers.eu\/en\/wp-json\/wp\/v2\/product_cat?post=5288280"},{"taxonomy":"product_tag","embeddable":true,"href":"https:\/\/gadgettravellers.eu\/en\/wp-json\/wp\/v2\/product_tag?post=5288280"}],"curies":[{"name":"wp","href":"https:\/\/api.w.org\/{rel}","templated":true}]}}