{"id":5323176,"date":"2026-02-02T02:42:22","date_gmt":"2026-02-02T00:42:22","guid":{"rendered":""},"modified":"2026-04-08T20:16:58","modified_gmt":"2026-04-08T18:16:58","slug":"raider-plastic-brushes-set-with-1-4%c2%a8-socket-o50h26-o100h26-o90h90-170113","status":"publish","type":"product","link":"https:\/\/gadgettravellers.eu\/en\/shop\/raider-plastic-brushes-set-with-1-4%c2%a8-socket-o50h26-o100h26-o90h90-170113\/","title":{"rendered":"RAIDER Plastic brushes set with 1\/4\u00a8 socket (\u00d850H26 \u00d8100H26 \u00d890H90) 170113"},"content":{"rendered":"<p><strong>Technical Specifications:<\/strong><\/p>\n<p>Material: Plastic<br \/>\nSocket Set: 1\/4\u00a8<br \/>\nDimensions: \u00d850H26, \u00d8100H26, \u00d890H90  <\/p>\n<p><strong>Description:<\/strong><\/p>\n<p>The plastic brushes with 1\/4\u00a8 socket set by Raider are suitable for a wide range of applications in cleaning various surfaces. Made of durable plastic, the set includes brushes of different sizes and shapes for effective cleaning in hard-to-reach areas.<\/p>\n<p><strong>Key Features:<\/strong><\/p>\n<p>Suitable for Various Surfaces: Ideal for wheels, sinks, washbasins, faucets, carpets, tiles, upholstery, joints, etc.<br \/>\nEasy Cleaning in Hard-to-Reach Areas: Effectively cleans in hard-to-reach places.<br \/>\nVariety of Shapes and Sizes: The set includes brushes of different sizes and shapes for a variety of applications.<\/p>\n","protected":false},"excerpt":{"rendered":"<p>Set of plastic brushes with 1\/4&#8243; socket for drill attachment, includes three different sizes (\u00d850H26, \u00d8100H26, \u00d890H90) for cleaning wheels, tiles, sinks, and hard-to-reach areas.<\/p>\n","protected":false},"featured_media":9073,"comment_status":"closed","ping_status":"open","template":"","meta":[],"product_brand":[],"product_cat":[],"product_tag":[15],"class_list":{"0":"post-5323176","1":"product","2":"type-product","3":"status-publish","4":"has-post-thumbnail","6":"product_tag-uncategorized","8":"first","9":"onbackorder","10":"purchasable","11":"product-type-simple"},"jetpack_sharing_enabled":true,"_links":{"self":[{"href":"https:\/\/gadgettravellers.eu\/en\/wp-json\/wp\/v2\/product\/5323176","targetHints":{"allow":["GET"]}}],"collection":[{"href":"https:\/\/gadgettravellers.eu\/en\/wp-json\/wp\/v2\/product"}],"about":[{"href":"https:\/\/gadgettravellers.eu\/en\/wp-json\/wp\/v2\/types\/product"}],"replies":[{"embeddable":true,"href":"https:\/\/gadgettravellers.eu\/en\/wp-json\/wp\/v2\/comments?post=5323176"}],"wp:featuredmedia":[{"embeddable":true,"href":"https:\/\/gadgettravellers.eu\/en\/wp-json\/wp\/v2\/media\/9073"}],"wp:attachment":[{"href":"https:\/\/gadgettravellers.eu\/en\/wp-json\/wp\/v2\/media?parent=5323176"}],"wp:term":[{"taxonomy":"product_brand","embeddable":true,"href":"https:\/\/gadgettravellers.eu\/en\/wp-json\/wp\/v2\/product_brand?post=5323176"},{"taxonomy":"product_cat","embeddable":true,"href":"https:\/\/gadgettravellers.eu\/en\/wp-json\/wp\/v2\/product_cat?post=5323176"},{"taxonomy":"product_tag","embeddable":true,"href":"https:\/\/gadgettravellers.eu\/en\/wp-json\/wp\/v2\/product_tag?post=5323176"}],"curies":[{"name":"wp","href":"https:\/\/api.w.org\/{rel}","templated":true}]}}