{"id":5358286,"date":"2026-02-02T04:12:43","date_gmt":"2026-02-02T02:12:43","guid":{"rendered":""},"modified":"2026-04-21T21:09:40","modified_gmt":"2026-04-21T19:09:40","slug":"unicorn-party-plates-o18cm-pack10pcs-o18cm-homie-3786","status":"publish","type":"product","link":"https:\/\/gadgettravellers.eu\/en\/shop\/unicorn-party-plates-o18cm-pack10pcs-o18cm-homie-3786\/","title":{"rendered":"Unicorn Party Plates \u00f818cm pack=10pcs \u00f818cm Homie 3786"},"content":{"rendered":"<p>Pak=10pcs \u00f818cm<\/p>\n","protected":false},"excerpt":{"rendered":"<p>Pak=10pcs \u00f818cm<\/p>\n","protected":false},"featured_media":5297,"comment_status":"closed","ping_status":"open","template":"","meta":[],"product_brand":[],"product_cat":[],"product_tag":[15],"class_list":{"0":"post-5358286","1":"product","2":"type-product","3":"status-publish","4":"has-post-thumbnail","6":"product_tag-uncategorized","8":"first","9":"onbackorder","10":"purchasable","11":"product-type-simple"},"jetpack_sharing_enabled":true,"_links":{"self":[{"href":"https:\/\/gadgettravellers.eu\/en\/wp-json\/wp\/v2\/product\/5358286","targetHints":{"allow":["GET"]}}],"collection":[{"href":"https:\/\/gadgettravellers.eu\/en\/wp-json\/wp\/v2\/product"}],"about":[{"href":"https:\/\/gadgettravellers.eu\/en\/wp-json\/wp\/v2\/types\/product"}],"replies":[{"embeddable":true,"href":"https:\/\/gadgettravellers.eu\/en\/wp-json\/wp\/v2\/comments?post=5358286"}],"wp:featuredmedia":[{"embeddable":true,"href":"https:\/\/gadgettravellers.eu\/en\/wp-json\/wp\/v2\/media\/5297"}],"wp:attachment":[{"href":"https:\/\/gadgettravellers.eu\/en\/wp-json\/wp\/v2\/media?parent=5358286"}],"wp:term":[{"taxonomy":"product_brand","embeddable":true,"href":"https:\/\/gadgettravellers.eu\/en\/wp-json\/wp\/v2\/product_brand?post=5358286"},{"taxonomy":"product_cat","embeddable":true,"href":"https:\/\/gadgettravellers.eu\/en\/wp-json\/wp\/v2\/product_cat?post=5358286"},{"taxonomy":"product_tag","embeddable":true,"href":"https:\/\/gadgettravellers.eu\/en\/wp-json\/wp\/v2\/product_tag?post=5358286"}],"curies":[{"name":"wp","href":"https:\/\/api.w.org\/{rel}","templated":true}]}}