{"id":5360482,"date":"2026-02-02T04:18:39","date_gmt":"2026-02-02T02:18:39","guid":{"rendered":""},"modified":"2026-04-14T02:34:41","modified_gmt":"2026-04-14T00:34:41","slug":"carioca-bravo-markers-set12-colors-tip-o6mm-carioca-42755","status":"publish","type":"product","link":"https:\/\/gadgettravellers.eu\/en\/shop\/carioca-bravo-markers-set12-colors-tip-o6mm-carioca-42755\/","title":{"rendered":"Carioca Bravo Markers set=12 Colors Tip \u00f86mm Carioca 42755"},"content":{"rendered":"<p>Set=12 colors thick carioca } tip \u00f86mm Tip \u00f86mm<\/p>\n","protected":false},"excerpt":{"rendered":"<p>Set=12 colors thick carioca } tip \u00f86mm Tip \u00f86mm<\/p>\n","protected":false},"featured_media":15136,"comment_status":"closed","ping_status":"open","template":"","meta":[],"product_brand":[],"product_cat":[],"product_tag":[15],"class_list":{"0":"post-5360482","1":"product","2":"type-product","3":"status-publish","4":"has-post-thumbnail","6":"product_tag-uncategorized","8":"first","9":"onbackorder","10":"purchasable","11":"product-type-simple"},"jetpack_sharing_enabled":true,"_links":{"self":[{"href":"https:\/\/gadgettravellers.eu\/en\/wp-json\/wp\/v2\/product\/5360482","targetHints":{"allow":["GET"]}}],"collection":[{"href":"https:\/\/gadgettravellers.eu\/en\/wp-json\/wp\/v2\/product"}],"about":[{"href":"https:\/\/gadgettravellers.eu\/en\/wp-json\/wp\/v2\/types\/product"}],"replies":[{"embeddable":true,"href":"https:\/\/gadgettravellers.eu\/en\/wp-json\/wp\/v2\/comments?post=5360482"}],"wp:featuredmedia":[{"embeddable":true,"href":"https:\/\/gadgettravellers.eu\/en\/wp-json\/wp\/v2\/media\/15136"}],"wp:attachment":[{"href":"https:\/\/gadgettravellers.eu\/en\/wp-json\/wp\/v2\/media?parent=5360482"}],"wp:term":[{"taxonomy":"product_brand","embeddable":true,"href":"https:\/\/gadgettravellers.eu\/en\/wp-json\/wp\/v2\/product_brand?post=5360482"},{"taxonomy":"product_cat","embeddable":true,"href":"https:\/\/gadgettravellers.eu\/en\/wp-json\/wp\/v2\/product_cat?post=5360482"},{"taxonomy":"product_tag","embeddable":true,"href":"https:\/\/gadgettravellers.eu\/en\/wp-json\/wp\/v2\/product_tag?post=5360482"}],"curies":[{"name":"wp","href":"https:\/\/api.w.org\/{rel}","templated":true}]}}