{"id":5363687,"date":"2026-02-02T04:28:48","date_gmt":"2026-02-02T02:28:48","guid":{"rendered":""},"modified":"2026-04-19T23:08:05","modified_gmt":"2026-04-19T21:08:05","slug":"glitter-ball-pack12pcs-o4-o4cm-xmasfest-1131478","status":"publish","type":"product","link":"https:\/\/gadgettravellers.eu\/en\/shop\/glitter-ball-pack12pcs-o4-o4cm-xmasfest-1131478\/","title":{"rendered":"Glitter Ball pack=12pcs \u00f84 \u00f84cm Xmasfest 1131478"},"content":{"rendered":"<p>Pak=12pcs \u00f84cm<\/p>\n<div class='aiseo-faq-section' style='margin-top:30px; border-top:1px solid #eee; padding-top:20px;'>\n<h3>Frequently Asked Questions<\/h3>\n<details style='margin-bottom:10px; padding:10px; background:#f9f9f9; border-radius:5px;'>\n<summary style='font-weight:bold; cursor:pointer;'>How many pieces does the set include?<\/summary>\n<div style='margin-top:10px; color:#555;'>The set includes 12 balls.<\/div>\n<\/details>\n<details style='margin-bottom:10px; padding:10px; background:#f9f9f9; border-radius:5px;'>\n<summary style='font-weight:bold; cursor:pointer;'>What is the diameter of the balls?<\/summary>\n<div style='margin-top:10px; color:#555;'>The diameter of each ball is 4 cm.<\/div>\n<\/details>\n<details style='margin-bottom:10px; padding:10px; background:#f9f9f9; border-radius:5px;'>\n<summary style='font-weight:bold; cursor:pointer;'>Where can these balls be used?<\/summary>\n<div style='margin-top:10px; color:#555;'>They are suitable for indoor spaces and events, such as trees, wreaths, and garlands.<\/div>\n<\/details>\n<details style='margin-bottom:10px; padding:10px; background:#f9f9f9; border-radius:5px;'>\n<summary style='font-weight:bold; cursor:pointer;'>Is installation and storage easy?<\/summary>\n<div style='margin-top:10px; color:#555;'>Yes, the balls are light, easy to hang and store.<\/div>\n<\/details>\n<\/div>\n","protected":false},"excerpt":{"rendered":"<p>Pak=12pcs \u00f84cm Frequently Asked Questions How many pieces does the set include? The set includes 12 balls. What is the diameter of the balls? The diameter of each ball is 4 cm. Where can these balls be used? They are suitable for indoor spaces and events, such as trees, wreaths, and garlands. Is installation and [&hellip;]<\/p>\n","protected":false},"featured_media":5181560,"comment_status":"closed","ping_status":"open","template":"","meta":[],"product_brand":[],"product_cat":[],"product_tag":[15],"class_list":{"0":"post-5363687","1":"product","2":"type-product","3":"status-publish","4":"has-post-thumbnail","6":"product_tag-uncategorized","8":"first","9":"onbackorder","10":"purchasable","11":"product-type-simple"},"jetpack_sharing_enabled":true,"_links":{"self":[{"href":"https:\/\/gadgettravellers.eu\/en\/wp-json\/wp\/v2\/product\/5363687","targetHints":{"allow":["GET"]}}],"collection":[{"href":"https:\/\/gadgettravellers.eu\/en\/wp-json\/wp\/v2\/product"}],"about":[{"href":"https:\/\/gadgettravellers.eu\/en\/wp-json\/wp\/v2\/types\/product"}],"replies":[{"embeddable":true,"href":"https:\/\/gadgettravellers.eu\/en\/wp-json\/wp\/v2\/comments?post=5363687"}],"wp:featuredmedia":[{"embeddable":true,"href":"https:\/\/gadgettravellers.eu\/en\/wp-json\/wp\/v2\/media\/5181560"}],"wp:attachment":[{"href":"https:\/\/gadgettravellers.eu\/en\/wp-json\/wp\/v2\/media?parent=5363687"}],"wp:term":[{"taxonomy":"product_brand","embeddable":true,"href":"https:\/\/gadgettravellers.eu\/en\/wp-json\/wp\/v2\/product_brand?post=5363687"},{"taxonomy":"product_cat","embeddable":true,"href":"https:\/\/gadgettravellers.eu\/en\/wp-json\/wp\/v2\/product_cat?post=5363687"},{"taxonomy":"product_tag","embeddable":true,"href":"https:\/\/gadgettravellers.eu\/en\/wp-json\/wp\/v2\/product_tag?post=5363687"}],"curies":[{"name":"wp","href":"https:\/\/api.w.org\/{rel}","templated":true}]}}