{"id":5363721,"date":"2026-02-02T04:28:55","date_gmt":"2026-02-02T02:28:55","guid":{"rendered":""},"modified":"2026-04-19T23:08:16","modified_gmt":"2026-04-19T21:08:16","slug":"shiny-ball-pack12pcs-o5-o5cm-xmasfest-1131710","status":"publish","type":"product","link":"https:\/\/gadgettravellers.eu\/en\/shop\/shiny-ball-pack12pcs-o5-o5cm-xmasfest-1131710\/","title":{"rendered":"Shiny Ball pack=12pcs \u00f85 \u00f85cm Xmasfest 1131710"},"content":{"rendered":"<p>Pak=12pcs \u00f85cm<\/p>\n<div class='aiseo-faq-section' style='margin-top:30px; border-top:1px solid #eee; padding-top:20px;'>\n<h3>Frequently Asked Questions<\/h3>\n<details style='margin-bottom:10px; padding:10px; background:#f9f9f9; border-radius:5px;'>\n<summary style='font-weight:bold; cursor:pointer;'>How many balls does the package include?<\/summary>\n<div style='margin-top:10px; color:#555;'>The package includes 12 shiny balls.<\/div>\n<\/details>\n<details style='margin-bottom:10px; padding:10px; background:#f9f9f9; border-radius:5px;'>\n<summary style='font-weight:bold; cursor:pointer;'>What is the diameter of the balls?<\/summary>\n<div style='margin-top:10px; color:#555;'>The diameter of each ball is \u00f85 cm.<\/div>\n<\/details>\n<details style='margin-bottom:10px; padding:10px; background:#f9f9f9; border-radius:5px;'>\n<summary style='font-weight:bold; cursor:pointer;'>Can they be used outdoors?<\/summary>\n<div style='margin-top:10px; color:#555;'>No, the balls are intended for indoor use.<\/div>\n<\/details>\n<details style='margin-bottom:10px; padding:10px; background:#f9f9f9; border-radius:5px;'>\n<summary style='font-weight:bold; cursor:pointer;'>Are they easy to hang?<\/summary>\n<div style='margin-top:10px; color:#555;'>Yes, they are light and easy to hang, ideal for trees and wreaths.<\/div>\n<\/details>\n<\/div>\n","protected":false},"excerpt":{"rendered":"<p>Pak=12pcs \u00f85cm Frequently Asked Questions How many balls does the package include? The package includes 12 shiny balls. What is the diameter of the balls? The diameter of each ball is \u00f85 cm. Can they be used outdoors? No, the balls are intended for indoor use. Are they easy to hang? Yes, they are light [&hellip;]<\/p>\n","protected":false},"featured_media":5181631,"comment_status":"closed","ping_status":"open","template":"","meta":[],"product_brand":[],"product_cat":[],"product_tag":[15],"class_list":{"0":"post-5363721","1":"product","2":"type-product","3":"status-publish","4":"has-post-thumbnail","6":"product_tag-uncategorized","8":"first","9":"onbackorder","10":"purchasable","11":"product-type-simple"},"jetpack_sharing_enabled":true,"_links":{"self":[{"href":"https:\/\/gadgettravellers.eu\/en\/wp-json\/wp\/v2\/product\/5363721","targetHints":{"allow":["GET"]}}],"collection":[{"href":"https:\/\/gadgettravellers.eu\/en\/wp-json\/wp\/v2\/product"}],"about":[{"href":"https:\/\/gadgettravellers.eu\/en\/wp-json\/wp\/v2\/types\/product"}],"replies":[{"embeddable":true,"href":"https:\/\/gadgettravellers.eu\/en\/wp-json\/wp\/v2\/comments?post=5363721"}],"wp:featuredmedia":[{"embeddable":true,"href":"https:\/\/gadgettravellers.eu\/en\/wp-json\/wp\/v2\/media\/5181631"}],"wp:attachment":[{"href":"https:\/\/gadgettravellers.eu\/en\/wp-json\/wp\/v2\/media?parent=5363721"}],"wp:term":[{"taxonomy":"product_brand","embeddable":true,"href":"https:\/\/gadgettravellers.eu\/en\/wp-json\/wp\/v2\/product_brand?post=5363721"},{"taxonomy":"product_cat","embeddable":true,"href":"https:\/\/gadgettravellers.eu\/en\/wp-json\/wp\/v2\/product_cat?post=5363721"},{"taxonomy":"product_tag","embeddable":true,"href":"https:\/\/gadgettravellers.eu\/en\/wp-json\/wp\/v2\/product_tag?post=5363721"}],"curies":[{"name":"wp","href":"https:\/\/api.w.org\/{rel}","templated":true}]}}