{"id":5363837,"date":"2026-02-02T04:29:21","date_gmt":"2026-02-02T02:29:21","guid":{"rendered":""},"modified":"2026-04-19T23:09:17","modified_gmt":"2026-04-19T21:09:17","slug":"balls-with-filling-decor-pack6pcs-o8-o8cm-xmasfest-1132544","status":"publish","type":"product","link":"https:\/\/gadgettravellers.eu\/en\/shop\/balls-with-filling-decor-pack6pcs-o8-o8cm-xmasfest-1132544\/","title":{"rendered":"Balls with Filling Decor pack=6pcs \u00f88 \u00f88cm Xmasfest 1132544"},"content":{"rendered":"<p>Pack=6pcs (3 assorted designs) \u00f88cm<\/p>\n<div class='aiseo-faq-section' style='margin-top:30px; border-top:1px solid #eee; padding-top:20px;'>\n<h3>Frequently Asked Questions<\/h3>\n<details style='margin-bottom:10px; padding:10px; background:#f9f9f9; border-radius:5px;'>\n<summary style='font-weight:bold; cursor:pointer;'>How many pieces does the package include?<\/summary>\n<div style='margin-top:10px; color:#555;'>The package includes 6 pieces.<\/div>\n<\/details>\n<details style='margin-bottom:10px; padding:10px; background:#f9f9f9; border-radius:5px;'>\n<summary style='font-weight:bold; cursor:pointer;'>What is the diameter of the balls?<\/summary>\n<div style='margin-top:10px; color:#555;'>Each ball has a diameter of 8 cm.<\/div>\n<\/details>\n<details style='margin-bottom:10px; padding:10px; background:#f9f9f9; border-radius:5px;'>\n<summary style='font-weight:bold; cursor:pointer;'>How many designs are included and what does &#8216;assorti&#8217; mean?<\/summary>\n<div style='margin-top:10px; color:#555;'>Includes 3 different designs and &#8216;assorted&#8217; means that the package contains a mix of the designs.<\/div>\n<\/details>\n<details style='margin-bottom:10px; padding:10px; background:#f9f9f9; border-radius:5px;'>\n<summary style='font-weight:bold; cursor:pointer;'>What use are the balls recommended for?<\/summary>\n<div style='margin-top:10px; color:#555;'>Suitable for decorating a Christmas tree and general festive decoration.<\/div>\n<\/details>\n<\/div>\n","protected":false},"excerpt":{"rendered":"<p>Pack=6pcs (3 assorted designs) \u00f88cm Frequently Asked Questions How many pieces does the package include? The package includes 6 pieces. What is the diameter of the balls? Each ball has a diameter of 8 cm. How many designs are included and what does &#8216;assorti&#8217; mean? Includes 3 different designs and &#8216;assorted&#8217; means that the package [&hellip;]<\/p>\n","protected":false},"featured_media":5182021,"comment_status":"closed","ping_status":"open","template":"","meta":[],"product_brand":[],"product_cat":[],"product_tag":[15],"class_list":{"0":"post-5363837","1":"product","2":"type-product","3":"status-publish","4":"has-post-thumbnail","6":"product_tag-uncategorized","8":"first","9":"onbackorder","10":"purchasable","11":"product-type-simple"},"jetpack_sharing_enabled":true,"_links":{"self":[{"href":"https:\/\/gadgettravellers.eu\/en\/wp-json\/wp\/v2\/product\/5363837","targetHints":{"allow":["GET"]}}],"collection":[{"href":"https:\/\/gadgettravellers.eu\/en\/wp-json\/wp\/v2\/product"}],"about":[{"href":"https:\/\/gadgettravellers.eu\/en\/wp-json\/wp\/v2\/types\/product"}],"replies":[{"embeddable":true,"href":"https:\/\/gadgettravellers.eu\/en\/wp-json\/wp\/v2\/comments?post=5363837"}],"wp:featuredmedia":[{"embeddable":true,"href":"https:\/\/gadgettravellers.eu\/en\/wp-json\/wp\/v2\/media\/5182021"}],"wp:attachment":[{"href":"https:\/\/gadgettravellers.eu\/en\/wp-json\/wp\/v2\/media?parent=5363837"}],"wp:term":[{"taxonomy":"product_brand","embeddable":true,"href":"https:\/\/gadgettravellers.eu\/en\/wp-json\/wp\/v2\/product_brand?post=5363837"},{"taxonomy":"product_cat","embeddable":true,"href":"https:\/\/gadgettravellers.eu\/en\/wp-json\/wp\/v2\/product_cat?post=5363837"},{"taxonomy":"product_tag","embeddable":true,"href":"https:\/\/gadgettravellers.eu\/en\/wp-json\/wp\/v2\/product_tag?post=5363837"}],"curies":[{"name":"wp","href":"https:\/\/api.w.org\/{rel}","templated":true}]}}