{"id":5363894,"date":"2026-02-02T04:29:40","date_gmt":"2026-02-02T02:29:40","guid":{"rendered":""},"modified":"2026-04-19T23:09:54","modified_gmt":"2026-04-19T21:09:54","slug":"decor-balls-red-gold-pack6pcs-o6cm-o6cm-xmasfest-1132843","status":"publish","type":"product","link":"https:\/\/gadgettravellers.eu\/en\/shop\/decor-balls-red-gold-pack6pcs-o6cm-o6cm-xmasfest-1132843\/","title":{"rendered":"Decor Balls Red-Gold pack=6pcs \u00f86cm \u00f86cm Xmasfest 1132843"},"content":{"rendered":"<p>Pack=6pcs (assorted) \u00f86cm<\/p>\n<div class='aiseo-faq-section' style='margin-top:30px; border-top:1px solid #eee; padding-top:20px;'>\n<h3>Frequently Asked Questions<\/h3>\n<details style='margin-bottom:10px; padding:10px; background:#f9f9f9; border-radius:5px;'>\n<summary style='font-weight:bold; cursor:pointer;'>What does the package include?<\/summary>\n<div style='margin-top:10px; color:#555;'>Set of 6 assorted decorative balls in red-gold.<\/div>\n<\/details>\n<details style='margin-bottom:10px; padding:10px; background:#f9f9f9; border-radius:5px;'>\n<summary style='font-weight:bold; cursor:pointer;'>What is the diameter of the balls?<\/summary>\n<div style='margin-top:10px; color:#555;'>Each ball has a diameter of 6 cm (\u00f86cm).<\/div>\n<\/details>\n<details style='margin-bottom:10px; padding:10px; background:#f9f9f9; border-radius:5px;'>\n<summary style='font-weight:bold; cursor:pointer;'>For which spaces are they suitable?<\/summary>\n<div style='margin-top:10px; color:#555;'>Ideal for decorating Christmas trees and interior spaces.<\/div>\n<\/details>\n<details style='margin-bottom:10px; padding:10px; background:#f9f9f9; border-radius:5px;'>\n<summary style='font-weight:bold; cursor:pointer;'>Is the installation easy?<\/summary>\n<div style='margin-top:10px; color:#555;'>Yes, they are light and matching for easy decoration.<\/div>\n<\/details>\n<\/div>\n","protected":false},"excerpt":{"rendered":"<p>Pack=6pcs (assorted) \u00f86cm Frequently Asked Questions What does the package include? Set of 6 assorted decorative balls in red-gold. What is the diameter of the balls? Each ball has a diameter of 6 cm (\u00f86cm). For which spaces are they suitable? Ideal for decorating Christmas trees and interior spaces. Is the installation easy? Yes, they [&hellip;]<\/p>\n","protected":false},"featured_media":5182350,"comment_status":"closed","ping_status":"open","template":"","meta":[],"product_brand":[],"product_cat":[],"product_tag":[15],"class_list":{"0":"post-5363894","1":"product","2":"type-product","3":"status-publish","4":"has-post-thumbnail","6":"product_tag-uncategorized","8":"first","9":"onbackorder","10":"purchasable","11":"product-type-simple"},"jetpack_sharing_enabled":true,"_links":{"self":[{"href":"https:\/\/gadgettravellers.eu\/en\/wp-json\/wp\/v2\/product\/5363894","targetHints":{"allow":["GET"]}}],"collection":[{"href":"https:\/\/gadgettravellers.eu\/en\/wp-json\/wp\/v2\/product"}],"about":[{"href":"https:\/\/gadgettravellers.eu\/en\/wp-json\/wp\/v2\/types\/product"}],"replies":[{"embeddable":true,"href":"https:\/\/gadgettravellers.eu\/en\/wp-json\/wp\/v2\/comments?post=5363894"}],"wp:featuredmedia":[{"embeddable":true,"href":"https:\/\/gadgettravellers.eu\/en\/wp-json\/wp\/v2\/media\/5182350"}],"wp:attachment":[{"href":"https:\/\/gadgettravellers.eu\/en\/wp-json\/wp\/v2\/media?parent=5363894"}],"wp:term":[{"taxonomy":"product_brand","embeddable":true,"href":"https:\/\/gadgettravellers.eu\/en\/wp-json\/wp\/v2\/product_brand?post=5363894"},{"taxonomy":"product_cat","embeddable":true,"href":"https:\/\/gadgettravellers.eu\/en\/wp-json\/wp\/v2\/product_cat?post=5363894"},{"taxonomy":"product_tag","embeddable":true,"href":"https:\/\/gadgettravellers.eu\/en\/wp-json\/wp\/v2\/product_tag?post=5363894"}],"curies":[{"name":"wp","href":"https:\/\/api.w.org\/{rel}","templated":true}]}}