{"id":5363909,"date":"2026-02-02T04:29:44","date_gmt":"2026-02-02T02:29:44","guid":{"rendered":""},"modified":"2026-04-19T23:10:05","modified_gmt":"2026-04-19T21:10:05","slug":"balls-3-designs-red-pack6pcs-o7cm-o7cm-xmasfest-1132848","status":"publish","type":"product","link":"https:\/\/gadgettravellers.eu\/en\/shop\/balls-3-designs-red-pack6pcs-o7cm-o7cm-xmasfest-1132848\/","title":{"rendered":"Balls 3 Designs Red pack=6pcs \u00f87cm \u00f87cm Xmasfest 1132848"},"content":{"rendered":"<p>Pack=6pcs (assorted 3 designs) \u00f87cm<\/p>\n<div class='aiseo-faq-section' style='margin-top:30px; border-top:1px solid #eee; padding-top:20px;'>\n<h3>Frequently Asked Questions<\/h3>\n<details style='margin-bottom:10px; padding:10px; background:#f9f9f9; border-radius:5px;'>\n<summary style='font-weight:bold; cursor:pointer;'>How many pieces does the package include?<\/summary>\n<div style='margin-top:10px; color:#555;'>The package includes 6 pieces.<\/div>\n<\/details>\n<details style='margin-bottom:10px; padding:10px; background:#f9f9f9; border-radius:5px;'>\n<summary style='font-weight:bold; cursor:pointer;'>What is the diameter of the balls?<\/summary>\n<div style='margin-top:10px; color:#555;'>Each ball has a diameter of 7 cm.<\/div>\n<\/details>\n<details style='margin-bottom:10px; padding:10px; background:#f9f9f9; border-radius:5px;'>\n<summary style='font-weight:bold; cursor:pointer;'>What color and designs do the balls have?<\/summary>\n<div style='margin-top:10px; color:#555;'>Set with bright red color in 3 different designs.<\/div>\n<\/details>\n<details style='margin-bottom:10px; padding:10px; background:#f9f9f9; border-radius:5px;'>\n<summary style='font-weight:bold; cursor:pointer;'>For which spaces are they intended?<\/summary>\n<div style='margin-top:10px; color:#555;'>Ideal for decorating Christmas trees and indoor spaces.<\/div>\n<\/details>\n<\/div>\n","protected":false},"excerpt":{"rendered":"<p>Pack=6pcs (assorted 3 designs) \u00f87cm Frequently Asked Questions How many pieces does the package include? The package includes 6 pieces. What is the diameter of the balls? Each ball has a diameter of 7 cm. What color and designs do the balls have? Set with bright red color in 3 different designs. For which spaces [&hellip;]<\/p>\n","protected":false},"featured_media":5182370,"comment_status":"closed","ping_status":"open","template":"","meta":[],"product_brand":[],"product_cat":[],"product_tag":[15],"class_list":{"0":"post-5363909","1":"product","2":"type-product","3":"status-publish","4":"has-post-thumbnail","6":"product_tag-uncategorized","8":"first","9":"onbackorder","10":"purchasable","11":"product-type-simple"},"jetpack_sharing_enabled":true,"_links":{"self":[{"href":"https:\/\/gadgettravellers.eu\/en\/wp-json\/wp\/v2\/product\/5363909","targetHints":{"allow":["GET"]}}],"collection":[{"href":"https:\/\/gadgettravellers.eu\/en\/wp-json\/wp\/v2\/product"}],"about":[{"href":"https:\/\/gadgettravellers.eu\/en\/wp-json\/wp\/v2\/types\/product"}],"replies":[{"embeddable":true,"href":"https:\/\/gadgettravellers.eu\/en\/wp-json\/wp\/v2\/comments?post=5363909"}],"wp:featuredmedia":[{"embeddable":true,"href":"https:\/\/gadgettravellers.eu\/en\/wp-json\/wp\/v2\/media\/5182370"}],"wp:attachment":[{"href":"https:\/\/gadgettravellers.eu\/en\/wp-json\/wp\/v2\/media?parent=5363909"}],"wp:term":[{"taxonomy":"product_brand","embeddable":true,"href":"https:\/\/gadgettravellers.eu\/en\/wp-json\/wp\/v2\/product_brand?post=5363909"},{"taxonomy":"product_cat","embeddable":true,"href":"https:\/\/gadgettravellers.eu\/en\/wp-json\/wp\/v2\/product_cat?post=5363909"},{"taxonomy":"product_tag","embeddable":true,"href":"https:\/\/gadgettravellers.eu\/en\/wp-json\/wp\/v2\/product_tag?post=5363909"}],"curies":[{"name":"wp","href":"https:\/\/api.w.org\/{rel}","templated":true}]}}