{"id":5364270,"date":"2026-02-02T04:30:48","date_gmt":"2026-02-02T02:30:48","guid":{"rendered":""},"modified":"2026-04-15T22:36:10","modified_gmt":"2026-04-15T20:36:10","slug":"carved-silver-balls-pack6pcs-o8-o8cm-xmasfest-1133578","status":"publish","type":"product","link":"https:\/\/gadgettravellers.eu\/en\/shop\/carved-silver-balls-pack6pcs-o8-o8cm-xmasfest-1133578\/","title":{"rendered":"Carved Silver Balls pack=6pcs \u00f88 \u00f88cm Xmasfest 1133578"},"content":{"rendered":"<p>Pak=6pcs \u00f88cm<\/p>\n<div class='aiseo-faq-section' style='margin-top:30px; border-top:1px solid #eee; padding-top:20px;'>\n<h3>Frequently Asked Questions<\/h3>\n<details style='margin-bottom:10px; padding:10px; background:#f9f9f9; border-radius:5px;'>\n<summary style='font-weight:bold; cursor:pointer;'>How many pieces are included in the set?<\/summary>\n<div style='margin-top:10px; color:#555;'>The set contains 6 balls.<\/div>\n<\/details>\n<details style='margin-bottom:10px; padding:10px; background:#f9f9f9; border-radius:5px;'>\n<summary style='font-weight:bold; cursor:pointer;'>What is the diameter of the balls?<\/summary>\n<div style='margin-top:10px; color:#555;'>Each ball has a diameter of \u00d88 cm.<\/div>\n<\/details>\n<details style='margin-bottom:10px; padding:10px; background:#f9f9f9; border-radius:5px;'>\n<summary style='font-weight:bold; cursor:pointer;'>For which spaces are they suitable?<\/summary>\n<div style='margin-top:10px; color:#555;'>They are intended for indoor use in homes and shops.<\/div>\n<\/details>\n<details style='margin-bottom:10px; padding:10px; background:#f9f9f9; border-radius:5px;'>\n<summary style='font-weight:bold; cursor:pointer;'>Where can they be used besides the Christmas tree?<\/summary>\n<div style='margin-top:10px; color:#555;'>Ideal for wreaths, garlands, tables, and general festive decoration.<\/div>\n<\/details>\n<\/div>\n","protected":false},"excerpt":{"rendered":"<p>Pak=6pcs \u00f88cm Frequently Asked Questions How many pieces are included in the set? The set contains 6 balls. What is the diameter of the balls? Each ball has a diameter of \u00d88 cm. For which spaces are they suitable? They are intended for indoor use in homes and shops. Where can they be used besides [&hellip;]<\/p>\n","protected":false},"featured_media":5183512,"comment_status":"closed","ping_status":"open","template":"","meta":[],"product_brand":[],"product_cat":[],"product_tag":[15],"class_list":{"0":"post-5364270","1":"product","2":"type-product","3":"status-publish","4":"has-post-thumbnail","6":"product_tag-uncategorized","8":"first","9":"onbackorder","10":"purchasable","11":"product-type-simple"},"jetpack_sharing_enabled":true,"_links":{"self":[{"href":"https:\/\/gadgettravellers.eu\/en\/wp-json\/wp\/v2\/product\/5364270","targetHints":{"allow":["GET"]}}],"collection":[{"href":"https:\/\/gadgettravellers.eu\/en\/wp-json\/wp\/v2\/product"}],"about":[{"href":"https:\/\/gadgettravellers.eu\/en\/wp-json\/wp\/v2\/types\/product"}],"replies":[{"embeddable":true,"href":"https:\/\/gadgettravellers.eu\/en\/wp-json\/wp\/v2\/comments?post=5364270"}],"wp:featuredmedia":[{"embeddable":true,"href":"https:\/\/gadgettravellers.eu\/en\/wp-json\/wp\/v2\/media\/5183512"}],"wp:attachment":[{"href":"https:\/\/gadgettravellers.eu\/en\/wp-json\/wp\/v2\/media?parent=5364270"}],"wp:term":[{"taxonomy":"product_brand","embeddable":true,"href":"https:\/\/gadgettravellers.eu\/en\/wp-json\/wp\/v2\/product_brand?post=5364270"},{"taxonomy":"product_cat","embeddable":true,"href":"https:\/\/gadgettravellers.eu\/en\/wp-json\/wp\/v2\/product_cat?post=5364270"},{"taxonomy":"product_tag","embeddable":true,"href":"https:\/\/gadgettravellers.eu\/en\/wp-json\/wp\/v2\/product_tag?post=5364270"}],"curies":[{"name":"wp","href":"https:\/\/api.w.org\/{rel}","templated":true}]}}