{"id":5364280,"date":"2026-02-02T04:30:50","date_gmt":"2026-02-02T02:30:50","guid":{"rendered":""},"modified":"2026-04-19T23:13:14","modified_gmt":"2026-04-19T21:13:14","slug":"carved-red-balls-pack6pcs-o6-o6cm-xmasfest-1133579","status":"publish","type":"product","link":"https:\/\/gadgettravellers.eu\/en\/shop\/carved-red-balls-pack6pcs-o6-o6cm-xmasfest-1133579\/","title":{"rendered":"Carved Red Balls pack=6pcs \u00f86 \u00f86cm Xmasfest 1133579"},"content":{"rendered":"<p>Pak=6pcs \u00f86cm<\/p>\n<div class='aiseo-faq-section' style='margin-top:30px; border-top:1px solid #eee; padding-top:20px;'>\n<h3>Frequently Asked Questions<\/h3>\n<details style='margin-bottom:10px; padding:10px; background:#f9f9f9; border-radius:5px;'>\n<summary style='font-weight:bold; cursor:pointer;'>What is the diameter of the balls?<\/summary>\n<div style='margin-top:10px; color:#555;'>Each ball has a diameter of 6 cm (\u00f86cm).<\/div>\n<\/details>\n<details style='margin-bottom:10px; padding:10px; background:#f9f9f9; border-radius:5px;'>\n<summary style='font-weight:bold; cursor:pointer;'>How many pieces does the set include?<\/summary>\n<div style='margin-top:10px; color:#555;'>The package contains 6 pieces.<\/div>\n<\/details>\n<details style='margin-bottom:10px; padding:10px; background:#f9f9f9; border-radius:5px;'>\n<summary style='font-weight:bold; cursor:pointer;'>What type of decoration are they suitable for?<\/summary>\n<div style='margin-top:10px; color:#555;'>They are ideal for decorating Christmas trees, wreaths, and general indoor decoration.<\/div>\n<\/details>\n<details style='margin-bottom:10px; padding:10px; background:#f9f9f9; border-radius:5px;'>\n<summary style='font-weight:bold; cursor:pointer;'>Is the installation difficult?<\/summary>\n<div style='margin-top:10px; color:#555;'>The installation is easy and the set offers a uniform appearance on the tree.<\/div>\n<\/details>\n<\/div>\n","protected":false},"excerpt":{"rendered":"<p>Pak=6pcs \u00f86cm Frequently Asked Questions What is the diameter of the balls? Each ball has a diameter of 6 cm (\u00f86cm). How many pieces does the set include? The package contains 6 pieces. What type of decoration are they suitable for? They are ideal for decorating Christmas trees, wreaths, and general indoor decoration. Is the [&hellip;]<\/p>\n","protected":false},"featured_media":5183516,"comment_status":"closed","ping_status":"open","template":"","meta":[],"product_brand":[],"product_cat":[],"product_tag":[15],"class_list":{"0":"post-5364280","1":"product","2":"type-product","3":"status-publish","4":"has-post-thumbnail","6":"product_tag-uncategorized","8":"first","9":"onbackorder","10":"purchasable","11":"product-type-simple"},"jetpack_sharing_enabled":true,"_links":{"self":[{"href":"https:\/\/gadgettravellers.eu\/en\/wp-json\/wp\/v2\/product\/5364280","targetHints":{"allow":["GET"]}}],"collection":[{"href":"https:\/\/gadgettravellers.eu\/en\/wp-json\/wp\/v2\/product"}],"about":[{"href":"https:\/\/gadgettravellers.eu\/en\/wp-json\/wp\/v2\/types\/product"}],"replies":[{"embeddable":true,"href":"https:\/\/gadgettravellers.eu\/en\/wp-json\/wp\/v2\/comments?post=5364280"}],"wp:featuredmedia":[{"embeddable":true,"href":"https:\/\/gadgettravellers.eu\/en\/wp-json\/wp\/v2\/media\/5183516"}],"wp:attachment":[{"href":"https:\/\/gadgettravellers.eu\/en\/wp-json\/wp\/v2\/media?parent=5364280"}],"wp:term":[{"taxonomy":"product_brand","embeddable":true,"href":"https:\/\/gadgettravellers.eu\/en\/wp-json\/wp\/v2\/product_brand?post=5364280"},{"taxonomy":"product_cat","embeddable":true,"href":"https:\/\/gadgettravellers.eu\/en\/wp-json\/wp\/v2\/product_cat?post=5364280"},{"taxonomy":"product_tag","embeddable":true,"href":"https:\/\/gadgettravellers.eu\/en\/wp-json\/wp\/v2\/product_tag?post=5364280"}],"curies":[{"name":"wp","href":"https:\/\/api.w.org\/{rel}","templated":true}]}}