{"id":5364297,"date":"2026-02-02T04:30:52","date_gmt":"2026-02-02T02:30:52","guid":{"rendered":""},"modified":"2026-04-19T23:13:23","modified_gmt":"2026-04-19T21:13:23","slug":"velvet-balls-cypress-pack4pcs-o10-o10cm-xmasfest-1133576","status":"publish","type":"product","link":"https:\/\/gadgettravellers.eu\/en\/shop\/velvet-balls-cypress-pack4pcs-o10-o10cm-xmasfest-1133576\/","title":{"rendered":"Velvet Balls Cypress pack=4pcs \u00f810 \u00f810cm Xmasfest 1133576"},"content":{"rendered":"<p>Pack=4pcs velvet \u00f810cm<\/p>\n<div class='aiseo-faq-section' style='margin-top:30px; border-top:1px solid #eee; padding-top:20px;'>\n<h3>Frequently Asked Questions<\/h3>\n<details style='margin-bottom:10px; padding:10px; background:#f9f9f9; border-radius:5px;'>\n<summary style='font-weight:bold; cursor:pointer;'>What material are the balls made of?<\/summary>\n<div style='margin-top:10px; color:#555;'>The balls have a velvety surface (velvet).<\/div>\n<\/details>\n<details style='margin-bottom:10px; padding:10px; background:#f9f9f9; border-radius:5px;'>\n<summary style='font-weight:bold; cursor:pointer;'>What is the diameter of each ball?<\/summary>\n<div style='margin-top:10px; color:#555;'>Each ball has a diameter of 10 cm.<\/div>\n<\/details>\n<details style='margin-bottom:10px; padding:10px; background:#f9f9f9; border-radius:5px;'>\n<summary style='font-weight:bold; cursor:pointer;'>What does the package include?<\/summary>\n<div style='margin-top:10px; color:#555;'>The package contains 4 pieces.<\/div>\n<\/details>\n<details style='margin-bottom:10px; padding:10px; background:#f9f9f9; border-radius:5px;'>\n<summary style='font-weight:bold; cursor:pointer;'>In which spaces are they recommended?<\/summary>\n<div style='margin-top:10px; color:#555;'>Ideal for the Christmas tree and general indoor decoration.<\/div>\n<\/details>\n<\/div>\n","protected":false},"excerpt":{"rendered":"<p>Pack=4pcs velvet \u00f810cm Frequently Asked Questions What material are the balls made of? The balls have a velvety surface (velvet). What is the diameter of each ball? Each ball has a diameter of 10 cm. What does the package include? The package contains 4 pieces. In which spaces are they recommended? Ideal for the Christmas [&hellip;]<\/p>\n","protected":false},"featured_media":5183504,"comment_status":"closed","ping_status":"open","template":"","meta":[],"product_brand":[],"product_cat":[],"product_tag":[15],"class_list":{"0":"post-5364297","1":"product","2":"type-product","3":"status-publish","4":"has-post-thumbnail","6":"product_tag-uncategorized","8":"first","9":"onbackorder","10":"purchasable","11":"product-type-simple"},"jetpack_sharing_enabled":true,"_links":{"self":[{"href":"https:\/\/gadgettravellers.eu\/en\/wp-json\/wp\/v2\/product\/5364297","targetHints":{"allow":["GET"]}}],"collection":[{"href":"https:\/\/gadgettravellers.eu\/en\/wp-json\/wp\/v2\/product"}],"about":[{"href":"https:\/\/gadgettravellers.eu\/en\/wp-json\/wp\/v2\/types\/product"}],"replies":[{"embeddable":true,"href":"https:\/\/gadgettravellers.eu\/en\/wp-json\/wp\/v2\/comments?post=5364297"}],"wp:featuredmedia":[{"embeddable":true,"href":"https:\/\/gadgettravellers.eu\/en\/wp-json\/wp\/v2\/media\/5183504"}],"wp:attachment":[{"href":"https:\/\/gadgettravellers.eu\/en\/wp-json\/wp\/v2\/media?parent=5364297"}],"wp:term":[{"taxonomy":"product_brand","embeddable":true,"href":"https:\/\/gadgettravellers.eu\/en\/wp-json\/wp\/v2\/product_brand?post=5364297"},{"taxonomy":"product_cat","embeddable":true,"href":"https:\/\/gadgettravellers.eu\/en\/wp-json\/wp\/v2\/product_cat?post=5364297"},{"taxonomy":"product_tag","embeddable":true,"href":"https:\/\/gadgettravellers.eu\/en\/wp-json\/wp\/v2\/product_tag?post=5364297"}],"curies":[{"name":"wp","href":"https:\/\/api.w.org\/{rel}","templated":true}]}}