{"id":5364456,"date":"2026-02-02T04:31:15","date_gmt":"2026-02-02T02:31:15","guid":{"rendered":""},"modified":"2026-04-15T22:36:45","modified_gmt":"2026-04-15T20:36:45","slug":"snowball-saint-o6-5cm-o6-5x9cm-xmasfest-1133708","status":"publish","type":"product","link":"https:\/\/gadgettravellers.eu\/en\/shop\/snowball-saint-o6-5cm-o6-5x9cm-xmasfest-1133708\/","title":{"rendered":"Snowball Saint \u00f86.5cm \u00f86.5x9cm Xmasfest 1133708"},"content":{"rendered":"<p>(assorted in styrofoam) \u00f86.5x9cm<\/p>\n<div class='aiseo-faq-section' style='margin-top:30px; border-top:1px solid #eee; padding-top:20px;'>\n<h3>Frequently Asked Questions<\/h3>\n<details style='margin-bottom:10px; padding:10px; background:#f9f9f9; border-radius:5px;'>\n<summary style='font-weight:bold; cursor:pointer;'>What are the dimensions of the snow globe?<\/summary>\n<div style='margin-top:10px; color:#555;'>Diameter 6.5 cm and height 9 cm.<\/div>\n<\/details>\n<details style='margin-bottom:10px; padding:10px; background:#f9f9f9; border-radius:5px;'>\n<summary style='font-weight:bold; cursor:pointer;'>What material is the base made of?<\/summary>\n<div style='margin-top:10px; color:#555;'>The base is made of styrofoam.<\/div>\n<\/details>\n<details style='margin-bottom:10px; padding:10px; background:#f9f9f9; border-radius:5px;'>\n<summary style='font-weight:bold; cursor:pointer;'>In what designs is the product available?<\/summary>\n<div style='margin-top:10px; color:#555;'>Available in assorted designs.<\/div>\n<\/details>\n<details style='margin-bottom:10px; padding:10px; background:#f9f9f9; border-radius:5px;'>\n<summary style='font-weight:bold; cursor:pointer;'>Where is the snowball recommended to be used?<\/summary>\n<div style='margin-top:10px; color:#555;'>Ideal for table decoration, display window, or as a gift.<\/div>\n<\/details>\n<\/div>\n","protected":false},"excerpt":{"rendered":"<p>(assorted in styrofoam) \u00f86.5x9cm Frequently Asked Questions What are the dimensions of the snow globe? Diameter 6.5 cm and height 9 cm. What material is the base made of? The base is made of styrofoam. In what designs is the product available? Available in assorted designs. Where is the snowball recommended to be used? Ideal [&hellip;]<\/p>\n","protected":false},"featured_media":5183913,"comment_status":"closed","ping_status":"open","template":"","meta":[],"product_brand":[],"product_cat":[],"product_tag":[15],"class_list":{"0":"post-5364456","1":"product","2":"type-product","3":"status-publish","4":"has-post-thumbnail","6":"product_tag-uncategorized","8":"first","9":"onbackorder","10":"purchasable","11":"product-type-simple"},"jetpack_sharing_enabled":true,"_links":{"self":[{"href":"https:\/\/gadgettravellers.eu\/en\/wp-json\/wp\/v2\/product\/5364456","targetHints":{"allow":["GET"]}}],"collection":[{"href":"https:\/\/gadgettravellers.eu\/en\/wp-json\/wp\/v2\/product"}],"about":[{"href":"https:\/\/gadgettravellers.eu\/en\/wp-json\/wp\/v2\/types\/product"}],"replies":[{"embeddable":true,"href":"https:\/\/gadgettravellers.eu\/en\/wp-json\/wp\/v2\/comments?post=5364456"}],"wp:featuredmedia":[{"embeddable":true,"href":"https:\/\/gadgettravellers.eu\/en\/wp-json\/wp\/v2\/media\/5183913"}],"wp:attachment":[{"href":"https:\/\/gadgettravellers.eu\/en\/wp-json\/wp\/v2\/media?parent=5364456"}],"wp:term":[{"taxonomy":"product_brand","embeddable":true,"href":"https:\/\/gadgettravellers.eu\/en\/wp-json\/wp\/v2\/product_brand?post=5364456"},{"taxonomy":"product_cat","embeddable":true,"href":"https:\/\/gadgettravellers.eu\/en\/wp-json\/wp\/v2\/product_cat?post=5364456"},{"taxonomy":"product_tag","embeddable":true,"href":"https:\/\/gadgettravellers.eu\/en\/wp-json\/wp\/v2\/product_tag?post=5364456"}],"curies":[{"name":"wp","href":"https:\/\/api.w.org\/{rel}","templated":true}]}}