{"id":5364542,"date":"2026-02-02T04:31:29","date_gmt":"2026-02-02T02:31:29","guid":{"rendered":""},"modified":"2026-04-15T22:37:03","modified_gmt":"2026-04-15T20:37:03","slug":"small-green-velvet-poinsettia-flower-o17cm-xmasfest-1133764","status":"publish","type":"product","link":"https:\/\/gadgettravellers.eu\/en\/shop\/small-green-velvet-poinsettia-flower-o17cm-xmasfest-1133764\/","title":{"rendered":"Small Green Velvet Poinsettia Flower \u00f817cm Xmasfest 1133764"},"content":{"rendered":"<p>Velout\u00e9 \u00f817cm<\/p>\n<div class='aiseo-faq-section' style='margin-top:30px; border-top:1px solid #eee; padding-top:20px;'>\n<h3>Frequently Asked Questions<\/h3>\n<details style='margin-bottom:10px; padding:10px; background:#f9f9f9; border-radius:5px;'>\n<summary style='font-weight:bold; cursor:pointer;'>What is the diameter of the flower?<\/summary>\n<div style='margin-top:10px; color:#555;'>The diameter is 17 cm.<\/div>\n<\/details>\n<details style='margin-bottom:10px; padding:10px; background:#f9f9f9; border-radius:5px;'>\n<summary style='font-weight:bold; cursor:pointer;'>What texture does the product have?<\/summary>\n<div style='margin-top:10px; color:#555;'>It has a velvety texture with a soft finish.<\/div>\n<\/details>\n<details style='margin-bottom:10px; padding:10px; background:#f9f9f9; border-radius:5px;'>\n<summary style='font-weight:bold; cursor:pointer;'>Can it be used outdoors?<\/summary>\n<div style='margin-top:10px; color:#555;'>The product is recommended for indoor use.<\/div>\n<\/details>\n<details style='margin-bottom:10px; padding:10px; background:#f9f9f9; border-radius:5px;'>\n<summary style='font-weight:bold; cursor:pointer;'>Does it require maintenance and can it be reused?<\/summary>\n<div style='margin-top:10px; color:#555;'>It is reusable and does not require special maintenance.<\/div>\n<\/details>\n<\/div>\n","protected":false},"excerpt":{"rendered":"<p>Velout\u00e9 \u00f817cm Frequently Asked Questions What is the diameter of the flower? The diameter is 17 cm. What texture does the product have? It has a velvety texture with a soft finish. Can it be used outdoors? The product is recommended for indoor use. Does it require maintenance and can it be reused? It is [&hellip;]<\/p>\n","protected":false},"featured_media":5184119,"comment_status":"closed","ping_status":"open","template":"","meta":[],"product_brand":[],"product_cat":[],"product_tag":[15],"class_list":{"0":"post-5364542","1":"product","2":"type-product","3":"status-publish","4":"has-post-thumbnail","6":"product_tag-uncategorized","8":"first","9":"onbackorder","10":"purchasable","11":"product-type-simple"},"jetpack_sharing_enabled":true,"_links":{"self":[{"href":"https:\/\/gadgettravellers.eu\/en\/wp-json\/wp\/v2\/product\/5364542","targetHints":{"allow":["GET"]}}],"collection":[{"href":"https:\/\/gadgettravellers.eu\/en\/wp-json\/wp\/v2\/product"}],"about":[{"href":"https:\/\/gadgettravellers.eu\/en\/wp-json\/wp\/v2\/types\/product"}],"replies":[{"embeddable":true,"href":"https:\/\/gadgettravellers.eu\/en\/wp-json\/wp\/v2\/comments?post=5364542"}],"wp:featuredmedia":[{"embeddable":true,"href":"https:\/\/gadgettravellers.eu\/en\/wp-json\/wp\/v2\/media\/5184119"}],"wp:attachment":[{"href":"https:\/\/gadgettravellers.eu\/en\/wp-json\/wp\/v2\/media?parent=5364542"}],"wp:term":[{"taxonomy":"product_brand","embeddable":true,"href":"https:\/\/gadgettravellers.eu\/en\/wp-json\/wp\/v2\/product_brand?post=5364542"},{"taxonomy":"product_cat","embeddable":true,"href":"https:\/\/gadgettravellers.eu\/en\/wp-json\/wp\/v2\/product_cat?post=5364542"},{"taxonomy":"product_tag","embeddable":true,"href":"https:\/\/gadgettravellers.eu\/en\/wp-json\/wp\/v2\/product_tag?post=5364542"}],"curies":[{"name":"wp","href":"https:\/\/api.w.org\/{rel}","templated":true}]}}