{"id":5364556,"date":"2026-02-02T04:31:31","date_gmt":"2026-02-02T02:31:31","guid":{"rendered":""},"modified":"2026-04-15T22:37:05","modified_gmt":"2026-04-15T20:37:05","slug":"large-alexandrine-flower-sea-blue-velvety-o27cm-xmasfest-1133771","status":"publish","type":"product","link":"https:\/\/gadgettravellers.eu\/en\/shop\/large-alexandrine-flower-sea-blue-velvety-o27cm-xmasfest-1133771\/","title":{"rendered":"Large Alexandrine Flower Sea Blue Velvety \u00f827cm Xmasfest 1133771"},"content":{"rendered":"<p>Velout\u00e9 \u00f827cm<\/p>\n<div class='aiseo-faq-section' style='margin-top:30px; border-top:1px solid #eee; padding-top:20px;'>\n<h3>Frequently Asked Questions<\/h3>\n<details style='margin-bottom:10px; padding:10px; background:#f9f9f9; border-radius:5px;'>\n<summary style='font-weight:bold; cursor:pointer;'>What is the material of the flower?<\/summary>\n<div style='margin-top:10px; color:#555;'>It is a velvety (velour) decorative fabric with a soft texture.<\/div>\n<\/details>\n<details style='margin-bottom:10px; padding:10px; background:#f9f9f9; border-radius:5px;'>\n<summary style='font-weight:bold; cursor:pointer;'>What is the diameter of the flower?<\/summary>\n<div style='margin-top:10px; color:#555;'>The diameter is 27 cm.<\/div>\n<\/details>\n<details style='margin-bottom:10px; padding:10px; background:#f9f9f9; border-radius:5px;'>\n<summary style='font-weight:bold; cursor:pointer;'>Is it suitable for Christmas decoration?<\/summary>\n<div style='margin-top:10px; color:#555;'>Yes, it is ideal for Christmas decoration, wreaths, tables, and shop windows.<\/div>\n<\/details>\n<details style='margin-bottom:10px; padding:10px; background:#f9f9f9; border-radius:5px;'>\n<summary style='font-weight:bold; cursor:pointer;'>Does the color fade easily?<\/summary>\n<div style='margin-top:10px; color:#555;'>No, it offers rich color without fading easily.<\/div>\n<\/details>\n<details style='margin-bottom:10px; padding:10px; background:#f9f9f9; border-radius:5px;'>\n<summary style='font-weight:bold; cursor:pointer;'>Is installation and maintenance difficult?<\/summary>\n<div style='margin-top:10px; color:#555;'>No, it is easy to install and maintain.<\/div>\n<\/details>\n<\/div>\n","protected":false},"excerpt":{"rendered":"<p>Velout\u00e9 \u00f827cm Frequently Asked Questions What is the material of the flower? It is a velvety (velour) decorative fabric with a soft texture. What is the diameter of the flower? The diameter is 27 cm. Is it suitable for Christmas decoration? Yes, it is ideal for Christmas decoration, wreaths, tables, and shop windows. Does the [&hellip;]<\/p>\n","protected":false},"featured_media":5184147,"comment_status":"closed","ping_status":"open","template":"","meta":[],"product_brand":[],"product_cat":[],"product_tag":[15],"class_list":{"0":"post-5364556","1":"product","2":"type-product","3":"status-publish","4":"has-post-thumbnail","6":"product_tag-uncategorized","8":"first","9":"onbackorder","10":"purchasable","11":"product-type-simple"},"jetpack_sharing_enabled":true,"_links":{"self":[{"href":"https:\/\/gadgettravellers.eu\/en\/wp-json\/wp\/v2\/product\/5364556","targetHints":{"allow":["GET"]}}],"collection":[{"href":"https:\/\/gadgettravellers.eu\/en\/wp-json\/wp\/v2\/product"}],"about":[{"href":"https:\/\/gadgettravellers.eu\/en\/wp-json\/wp\/v2\/types\/product"}],"replies":[{"embeddable":true,"href":"https:\/\/gadgettravellers.eu\/en\/wp-json\/wp\/v2\/comments?post=5364556"}],"wp:featuredmedia":[{"embeddable":true,"href":"https:\/\/gadgettravellers.eu\/en\/wp-json\/wp\/v2\/media\/5184147"}],"wp:attachment":[{"href":"https:\/\/gadgettravellers.eu\/en\/wp-json\/wp\/v2\/media?parent=5364556"}],"wp:term":[{"taxonomy":"product_brand","embeddable":true,"href":"https:\/\/gadgettravellers.eu\/en\/wp-json\/wp\/v2\/product_brand?post=5364556"},{"taxonomy":"product_cat","embeddable":true,"href":"https:\/\/gadgettravellers.eu\/en\/wp-json\/wp\/v2\/product_cat?post=5364556"},{"taxonomy":"product_tag","embeddable":true,"href":"https:\/\/gadgettravellers.eu\/en\/wp-json\/wp\/v2\/product_tag?post=5364556"}],"curies":[{"name":"wp","href":"https:\/\/api.w.org\/{rel}","templated":true}]}}