{"id":5365022,"date":"2026-02-02T04:32:42","date_gmt":"2026-02-02T02:32:42","guid":{"rendered":""},"modified":"2026-04-15T22:38:41","modified_gmt":"2026-04-15T20:38:41","slug":"snowball-saint-o4-5cm-o4-5x6-5cm-xmasfest-113521","status":"publish","type":"product","link":"https:\/\/gadgettravellers.eu\/en\/shop\/snowball-saint-o4-5cm-o4-5x6-5cm-xmasfest-113521\/","title":{"rendered":"Snowball Saint \u00f84.5cm \u00f84.5&#215;6.5cm Xmasfest 113521"},"content":{"rendered":"<p>(assorted) \u00f84.5&#215;6.5cm<\/p>\n<div class='aiseo-faq-section' style='margin-top:30px; border-top:1px solid #eee; padding-top:20px;'>\n<h3>Frequently Asked Questions<\/h3>\n<details style='margin-bottom:10px; padding:10px; background:#f9f9f9; border-radius:5px;'>\n<summary style='font-weight:bold; cursor:pointer;'>What is the size of the snowball?<\/summary>\n<div style='margin-top:10px; color:#555;'>Diameter 4.5 cm and height 6.5 cm.<\/div>\n<\/details>\n<details style='margin-bottom:10px; padding:10px; background:#f9f9f9; border-radius:5px;'>\n<summary style='font-weight:bold; cursor:pointer;'>What is depicted inside?<\/summary>\n<div style='margin-top:10px; color:#555;'>It depicts Santa Claus.<\/div>\n<\/details>\n<details style='margin-bottom:10px; padding:10px; background:#f9f9f9; border-radius:5px;'>\n<summary style='font-weight:bold; cursor:pointer;'>What use is the product suitable for?<\/summary>\n<div style='margin-top:10px; color:#555;'>Ideal for Christmas decoration, as a tabletop ornament or small gift.<\/div>\n<\/details>\n<details style='margin-bottom:10px; padding:10px; background:#f9f9f9; border-radius:5px;'>\n<summary style='font-weight:bold; cursor:pointer;'>Is it available in different colors?<\/summary>\n<div style='margin-top:10px; color:#555;'>Yes, it is available assorti in various colors.<\/div>\n<\/details>\n<\/div>\n","protected":false},"excerpt":{"rendered":"<p>(assorted) \u00f84.5&#215;6.5cm Frequently Asked Questions What is the size of the snowball? Diameter 4.5 cm and height 6.5 cm. What is depicted inside? It depicts Santa Claus. What use is the product suitable for? Ideal for Christmas decoration, as a tabletop ornament or small gift. Is it available in different colors? Yes, it is available [&hellip;]<\/p>\n","protected":false},"featured_media":5185362,"comment_status":"closed","ping_status":"open","template":"","meta":[],"product_brand":[],"product_cat":[],"product_tag":[15],"class_list":{"0":"post-5365022","1":"product","2":"type-product","3":"status-publish","4":"has-post-thumbnail","6":"product_tag-uncategorized","8":"first","9":"onbackorder","10":"purchasable","11":"product-type-simple"},"jetpack_sharing_enabled":true,"_links":{"self":[{"href":"https:\/\/gadgettravellers.eu\/en\/wp-json\/wp\/v2\/product\/5365022","targetHints":{"allow":["GET"]}}],"collection":[{"href":"https:\/\/gadgettravellers.eu\/en\/wp-json\/wp\/v2\/product"}],"about":[{"href":"https:\/\/gadgettravellers.eu\/en\/wp-json\/wp\/v2\/types\/product"}],"replies":[{"embeddable":true,"href":"https:\/\/gadgettravellers.eu\/en\/wp-json\/wp\/v2\/comments?post=5365022"}],"wp:featuredmedia":[{"embeddable":true,"href":"https:\/\/gadgettravellers.eu\/en\/wp-json\/wp\/v2\/media\/5185362"}],"wp:attachment":[{"href":"https:\/\/gadgettravellers.eu\/en\/wp-json\/wp\/v2\/media?parent=5365022"}],"wp:term":[{"taxonomy":"product_brand","embeddable":true,"href":"https:\/\/gadgettravellers.eu\/en\/wp-json\/wp\/v2\/product_brand?post=5365022"},{"taxonomy":"product_cat","embeddable":true,"href":"https:\/\/gadgettravellers.eu\/en\/wp-json\/wp\/v2\/product_cat?post=5365022"},{"taxonomy":"product_tag","embeddable":true,"href":"https:\/\/gadgettravellers.eu\/en\/wp-json\/wp\/v2\/product_tag?post=5365022"}],"curies":[{"name":"wp","href":"https:\/\/api.w.org\/{rel}","templated":true}]}}