{"id":5365032,"date":"2026-02-02T04:32:43","date_gmt":"2026-02-02T02:32:43","guid":{"rendered":""},"modified":"2026-04-15T22:38:43","modified_gmt":"2026-04-15T20:38:43","slug":"snowball-saint-with-light-o6-5cm-o6-5x9cm-xmasfest-113623","status":"publish","type":"product","link":"https:\/\/gadgettravellers.eu\/en\/shop\/snowball-saint-with-light-o6-5cm-o6-5x9cm-xmasfest-113623\/","title":{"rendered":"Snowball Saint with light \u00f86.5cm \u00f86.5x9cm Xmasfest 113623"},"content":{"rendered":"<p>(matching in polystyrene) with light \u00f86.5x9cm<\/p>\n<div class='aiseo-faq-section' style='margin-top:30px; border-top:1px solid #eee; padding-top:20px;'>\n<h3>Frequently Asked Questions<\/h3>\n<details style='margin-bottom:10px; padding:10px; background:#f9f9f9; border-radius:5px;'>\n<summary style='font-weight:bold; cursor:pointer;'>What are the dimensions of the snow globe?<\/summary>\n<div style='margin-top:10px; color:#555;'>The dimensions are \u00f86.5x9cm (diameter \u00f86.5cm).<\/div>\n<\/details>\n<details style='margin-bottom:10px; padding:10px; background:#f9f9f9; border-radius:5px;'>\n<summary style='font-weight:bold; cursor:pointer;'>Does the snow globe have lighting?<\/summary>\n<div style='margin-top:10px; color:#555;'>Yes, it has built-in lighting as described.<\/div>\n<\/details>\n<details style='margin-bottom:10px; padding:10px; background:#f9f9f9; border-radius:5px;'>\n<summary style='font-weight:bold; cursor:pointer;'>What does &#8220;matching in styrofoam&#8221; mean?<\/summary>\n<div style='margin-top:10px; color:#555;'>Available in a base\/packaging made of styrofoam and is matching in design or color.<\/div>\n<\/details>\n<details style='margin-bottom:10px; padding:10px; background:#f9f9f9; border-radius:5px;'>\n<summary style='font-weight:bold; cursor:pointer;'>What uses is the product suitable for?<\/summary>\n<div style='margin-top:10px; color:#555;'>Ideal for decorating a table or window and as a small Christmas gift.<\/div>\n<\/details>\n<\/div>\n","protected":false},"excerpt":{"rendered":"<p>(matching in polystyrene) with light \u00f86.5x9cm Frequently Asked Questions What are the dimensions of the snow globe? The dimensions are \u00f86.5x9cm (diameter \u00f86.5cm). Does the snow globe have lighting? Yes, it has built-in lighting as described. What does &#8220;matching in styrofoam&#8221; mean? Available in a base\/packaging made of styrofoam and is matching in design or [&hellip;]<\/p>\n","protected":false},"featured_media":5185417,"comment_status":"closed","ping_status":"open","template":"","meta":[],"product_brand":[],"product_cat":[],"product_tag":[15],"class_list":{"0":"post-5365032","1":"product","2":"type-product","3":"status-publish","4":"has-post-thumbnail","6":"product_tag-uncategorized","8":"first","9":"onbackorder","10":"purchasable","11":"product-type-simple"},"jetpack_sharing_enabled":true,"_links":{"self":[{"href":"https:\/\/gadgettravellers.eu\/en\/wp-json\/wp\/v2\/product\/5365032","targetHints":{"allow":["GET"]}}],"collection":[{"href":"https:\/\/gadgettravellers.eu\/en\/wp-json\/wp\/v2\/product"}],"about":[{"href":"https:\/\/gadgettravellers.eu\/en\/wp-json\/wp\/v2\/types\/product"}],"replies":[{"embeddable":true,"href":"https:\/\/gadgettravellers.eu\/en\/wp-json\/wp\/v2\/comments?post=5365032"}],"wp:featuredmedia":[{"embeddable":true,"href":"https:\/\/gadgettravellers.eu\/en\/wp-json\/wp\/v2\/media\/5185417"}],"wp:attachment":[{"href":"https:\/\/gadgettravellers.eu\/en\/wp-json\/wp\/v2\/media?parent=5365032"}],"wp:term":[{"taxonomy":"product_brand","embeddable":true,"href":"https:\/\/gadgettravellers.eu\/en\/wp-json\/wp\/v2\/product_brand?post=5365032"},{"taxonomy":"product_cat","embeddable":true,"href":"https:\/\/gadgettravellers.eu\/en\/wp-json\/wp\/v2\/product_cat?post=5365032"},{"taxonomy":"product_tag","embeddable":true,"href":"https:\/\/gadgettravellers.eu\/en\/wp-json\/wp\/v2\/product_tag?post=5365032"}],"curies":[{"name":"wp","href":"https:\/\/api.w.org\/{rel}","templated":true}]}}