{"id":5365492,"date":"2026-02-02T04:33:54","date_gmt":"2026-02-02T02:33:54","guid":{"rendered":""},"modified":"2026-04-15T22:40:11","modified_gmt":"2026-04-15T20:40:11","slug":"paper-plates-o18-o21cm-pack20pcs-homie-1002073","status":"publish","type":"product","link":"https:\/\/gadgettravellers.eu\/en\/shop\/paper-plates-o18-o21cm-pack20pcs-homie-1002073\/","title":{"rendered":"Paper Plates \u00f818-\u00f821cm pack=20pcs Homie 1002073"},"content":{"rendered":"<p>Pack=20 pcs paper \u00f818-\u00f821cm<\/p>\n","protected":false},"excerpt":{"rendered":"<p>Paper plates \u00f818\u2013\u00f821cm, pack of 20 pieces. Ideal for parties and events, lightweight and food safe.<\/p>\n","protected":false},"featured_media":23436,"comment_status":"closed","ping_status":"open","template":"","meta":[],"product_brand":[],"product_cat":[],"product_tag":[15],"class_list":{"0":"post-5365492","1":"product","2":"type-product","3":"status-publish","4":"has-post-thumbnail","6":"product_tag-uncategorized","8":"first","9":"onbackorder","10":"purchasable","11":"product-type-simple"},"jetpack_sharing_enabled":true,"_links":{"self":[{"href":"https:\/\/gadgettravellers.eu\/en\/wp-json\/wp\/v2\/product\/5365492","targetHints":{"allow":["GET"]}}],"collection":[{"href":"https:\/\/gadgettravellers.eu\/en\/wp-json\/wp\/v2\/product"}],"about":[{"href":"https:\/\/gadgettravellers.eu\/en\/wp-json\/wp\/v2\/types\/product"}],"replies":[{"embeddable":true,"href":"https:\/\/gadgettravellers.eu\/en\/wp-json\/wp\/v2\/comments?post=5365492"}],"wp:featuredmedia":[{"embeddable":true,"href":"https:\/\/gadgettravellers.eu\/en\/wp-json\/wp\/v2\/media\/23436"}],"wp:attachment":[{"href":"https:\/\/gadgettravellers.eu\/en\/wp-json\/wp\/v2\/media?parent=5365492"}],"wp:term":[{"taxonomy":"product_brand","embeddable":true,"href":"https:\/\/gadgettravellers.eu\/en\/wp-json\/wp\/v2\/product_brand?post=5365492"},{"taxonomy":"product_cat","embeddable":true,"href":"https:\/\/gadgettravellers.eu\/en\/wp-json\/wp\/v2\/product_cat?post=5365492"},{"taxonomy":"product_tag","embeddable":true,"href":"https:\/\/gadgettravellers.eu\/en\/wp-json\/wp\/v2\/product_tag?post=5365492"}],"curies":[{"name":"wp","href":"https:\/\/api.w.org\/{rel}","templated":true}]}}