{"id":5319377,"date":"2026-01-26T18:22:04","date_gmt":"2026-01-26T16:22:04","guid":{"rendered":"https:\/\/gadgettravellers.eu\/informativa-sulla-privacy\/"},"modified":"2026-01-26T18:30:58","modified_gmt":"2026-01-26T16:30:58","slug":"informativa-sulla-privacy","status":"publish","type":"page","link":"https:\/\/gadgettravellers.eu\/it\/informativa-sulla-privacy\/","title":{"rendered":"Informativa sulla privacy"},"content":{"rendered":"\n<p>Raccogliamo informazioni su di te durante il processo di checkout nel nostro negozio.<\/p>\n\n<h2 class=\"wp-block-heading\">Cosa raccogliamo e conserviamo<\/h2>\n\n<p>Mentre visiti il nostro sito web, monitoreremo:<\/p>\n\n<ul class=\"wp-block-list\">\n<li>I prodotti che hai visualizzato: lo useremo per mostrare, ad esempio, i prodotti che hai visualizzato di recente.<\/li>\n\n\n\n<li>Posizione, indirizzo IP e tipo di browser: li utilizzeremo per scopi quali il calcolo dell&#8217;IVA e delle spese di spedizione<\/li>\n\n\n\n<li>Indirizzo di spedizione: ti chiederemo di inserire questo indirizzo in modo da poter, ad esempio, stimare il costo di spedizione prima di effettuare un ordine e anche per inviarti l&#8217;ordine!<\/li>\n<\/ul>\n\n<p>Utilizzeremo i cookie anche per tenere traccia del contenuto del carrello mentre navighi sul nostro sito web.<\/p>\n\n<p>Quando acquisti da noi, ti chiederemo di fornire informazioni quali nome, indirizzo di fatturazione, indirizzo di spedizione, indirizzo email, numero di telefono, dettagli della carta di credito \/ pagamento e informazioni opzionali sull&#8217;account come nome utente e password. Utilizzeremo queste informazioni per scopi quali:<\/p>\n\n<ul class=\"wp-block-list\">\n<li>Inviarti informazioni sul tuo account e sul tuo ordine<\/li>\n\n\n\n<li>Rispondere alle tue richieste, inclusi resi e reclami<\/li>\n\n\n\n<li>Elaborazione dei pagamenti e prevenzione delle frodi<\/li>\n\n\n\n<li>Configurazione del tuo account per il nostro negozio<\/li>\n\n\n\n<li>Rispetto degli obblighi legali che abbiamo, come il calcolo delle imposte<\/li>\n\n\n\n<li>Migliora le offerte del nostro negozio<\/li>\n\n\n\n<li>Inviarti messaggi promozionali se scegli di riceverli<\/li>\n<\/ul>\n\n<p>Se crei un account, memorizzeremo il tuo nome, indirizzo, e-mail e numero di telefono, che verranno utilizzati per i tuoi ordini futuri.<\/p>\n\n<p>Generalmente conserviamo le informazioni su di te per tutto il tempo in cui abbiamo bisogno delle informazioni per gli scopi per i quali le raccogliamo e le utilizziamo e non siamo legalmente obbligati a continuare a farlo. Ad esempio, memorizzeremo le informazioni sugli ordini per XXX anni a fini fiscali e contabili. Ci\u00f2 include il tuo nome, indirizzo email, indirizzi di fatturazione e spedizione.<\/p>\n\n<p>Memorizzeremo anche commenti o recensioni se scegli di lasciarli.<\/p>\n\n<h2 class=\"wp-block-heading\">Chi nel nostro team ha accesso<\/h2>\n\n<p>I membri del nostro team hanno accesso alle informazioni che ci fornisci. Ad esempio, sia i gestori della piattaforma che quelli degli store hanno accesso a:<\/p>\n\n<ul class=\"wp-block-list\">\n<li>Dettagli dell&#8217;ordine come ci\u00f2 che \u00e8 stato acquistato, quando \u00e8 stato acquistato e dove dovrebbe essere inviato, anche<\/li>\n\n\n\n<li>Informazioni sui clienti, ad esempio nome, indirizzo e-mail e informazioni di fatturazione e spedizione.<\/li>\n<\/ul>\n\n<p>I membri del nostro team hanno accesso a queste informazioni per aiutarti a evadere gli ordini, elaborare i resi e supportarti.<\/p>\n\n<h2 class=\"wp-block-heading\">Cosa condividiamo con terze parti<\/h2>\n\n<p>Condividiamo informazioni con terze parti che ci aiutano a fornire servizi di spedizione per i tuoi ordini.<\/p>\n","protected":false},"excerpt":{"rendered":"<p>Raccogliamo informazioni su di te durante il processo di checkout nel nostro negozio. Cosa raccogliamo e conserviamo Mentre visiti il nostro sito web, monitoreremo: Utilizzeremo i cookie anche per tenere traccia del contenuto del carrello mentre navighi sul nostro sito web. Quando acquisti da noi, ti chiederemo di fornire informazioni quali nome, indirizzo di fatturazione, [&hellip;]<\/p>\n","protected":false},"author":6,"featured_media":0,"parent":0,"menu_order":0,"comment_status":"closed","ping_status":"closed","template":"","meta":{"footnotes":""},"class_list":["post-5319377","page","type-page","status-publish","hentry"],"jetpack_sharing_enabled":true,"_links":{"self":[{"href":"https:\/\/gadgettravellers.eu\/it\/wp-json\/wp\/v2\/pages\/5319377","targetHints":{"allow":["GET"]}}],"collection":[{"href":"https:\/\/gadgettravellers.eu\/it\/wp-json\/wp\/v2\/pages"}],"about":[{"href":"https:\/\/gadgettravellers.eu\/it\/wp-json\/wp\/v2\/types\/page"}],"author":[{"embeddable":true,"href":"https:\/\/gadgettravellers.eu\/it\/wp-json\/wp\/v2\/users\/6"}],"replies":[{"embeddable":true,"href":"https:\/\/gadgettravellers.eu\/it\/wp-json\/wp\/v2\/comments?post=5319377"}],"version-history":[{"count":1,"href":"https:\/\/gadgettravellers.eu\/it\/wp-json\/wp\/v2\/pages\/5319377\/revisions"}],"predecessor-version":[{"id":5319378,"href":"https:\/\/gadgettravellers.eu\/it\/wp-json\/wp\/v2\/pages\/5319377\/revisions\/5319378"}],"wp:attachment":[{"href":"https:\/\/gadgettravellers.eu\/it\/wp-json\/wp\/v2\/media?parent=5319377"}],"curies":[{"name":"wp","href":"https:\/\/api.w.org\/{rel}","templated":true}]}}