{"id":5319381,"date":"2026-01-26T18:30:22","date_gmt":"2026-01-26T16:30:22","guid":{"rendered":"https:\/\/gadgettravellers.eu\/termini-e-condizioni\/"},"modified":"2026-01-26T18:36:08","modified_gmt":"2026-01-26T16:36:08","slug":"termini-e-condizioni","status":"publish","type":"page","link":"https:\/\/gadgettravellers.eu\/it\/termini-e-condizioni\/","title":{"rendered":"Termini e condizioni"},"content":{"rendered":"\n<div>Tutte le transazioni effettuate tramite gadgettravellers.eu sono regolate e protette dalla normativa internazionale ed europea che regolamenta le questioni relative al commercio elettronico (Direttiva 2000\/31\/CE, DPR 131\/2003) nonch\u00e9 dalla Legge sulla tutela dei consumatori (<a href=\"http:\/\/vapetravellers.eu\/wp-content\/uploads\/2018\/08\/N2251-1994.pdf\" target=\"_blank\" rel=\"noopener\">N. 2251\/1994<\/a>) che regola le questioni relative alla vendita a distanza, come integrato e modificato da <a href=\"http:\/\/vapetravellers.eu\/wp-content\/uploads\/2018\/08\/KYA-Z1-891-2013.pdf\" target=\"_blank\" rel=\"noopener\">J.Y.A. Z1-891\/13-8-2013 (Gazzetta Ufficiale B&#8217; 2144\/30-08-2013)<\/a><\/div>\n\n<div> <\/div>\n\n<div>Obblighi di informazione per i contratti a distanza e negoziati fuori dei locali commerciali<br\/>1. Prima che il consumatore sia vincolato da un contratto a distanza o negoziato fuori dei locali commerciali o da un&#8217;offerta corrispondente, il fornitore fornisce al consumatore le seguenti informazioni in modo chiaro e comprensibile:<br\/>a) le caratteristiche principali dei beni o servizi, nella misura appropriata al supporto e ai beni o servizi;<br\/>b) l&#8217;identit\u00e0 del fornitore, ad esempio la sua denominazione commerciale;<br\/>c) l&#8217;indirizzo geografico in cui \u00e8 stabilito il fornitore e il numero di telefono, il numero di fax e l&#8217;eventuale indirizzo di posta elettronica del fornitore per consentire al consumatore di contattare il fornitore in modo rapido ed efficiente e, se del caso, l&#8217;indirizzo geografico e l&#8217;identit\u00e0 del fornitore per conto del quale agisce;<br\/>d) se diverso dall&#8217;indirizzo di cui alla lettera c), l&#8217;indirizzo geografico della sede del fornitore e, se del caso, l&#8217;indirizzo del fornitore per conto del quale agisce, dove il consumatore pu\u00f2 presentare eventuali reclami;<br\/>e) il prezzo totale dei beni o dei servizi, comprensivo di IVA e di qualsiasi altro onere, o se, a causa della natura dei beni o dei servizi, il prezzo non pu\u00f2 ragionevolmente essere determinato in anticipo, le modalit\u00e0 di calcolo del prezzo nonch\u00e9, se del caso, tutte le spese supplementari di spedizione, consegna o postali e qualsiasi altra spesa, oppure  qualora tali spese non possano ragionevolmente essere calcolate in anticipo, il fatto che tali spese supplementari possono essere richieste. Nel caso di un contratto a tempo indeterminato o di un contratto che include un abbonamento, il prezzo totale include il costo totale per periodo di fatturazione. Se questi contratti comportano un prezzo fisso, il prezzo totale indica anche la spesa mensile totale. Se il costo totale non pu\u00f2 essere ragionevolmente calcolato in anticipo, descrivere come deve essere calcolato il prezzo<br\/>f) il costo dell&#8217;utilizzo dei mezzi di comunicazione a distanza per la conclusione del contratto, se questo \u00e8 calcolato sulla base di una tariffa diversa dalle tariffe di base;<br\/>g) le modalit\u00e0 di pagamento, consegna, esecuzione, il termine entro il quale il fornitore si impegna a consegnare i beni o a fornire i servizi e, se del caso, la politica perseguita dal fornitore per trattare i reclami;<br\/>h) in caso di diritto di recesso, le condizioni, i termini e le modalit\u00e0 per l&#8217;esercizio del diritto a norma dell&#8217;articolo 3 octies, paragrafo 1, nonch\u00e9 il modello del modulo di recesso di cui alla sezione B dell&#8217;allegato, che \u00e8 allegato e costituisce parte integrante di N. Regolamento (CE) n. 2251\/1994 relativo alla protezione dei consumatori.<br\/>(i) ove applicabile, che il consumatore sosterr\u00e0 il costo della restituzione dei beni in caso di recesso e, per i contratti a distanza, se i beni per loro natura non possono essere normalmente restituiti per posta, il costo della loro restituzione<br\/>j) nel caso in cui il consumatore eserciti il \u200b\u200bdiritto di recesso dopo aver esercitato la sua opzione, che il consumatore si impegni a pagare al fornitore le spese ragionevoli.<br\/>(k) qualora non sia previsto alcun diritto di recesso ai sensi del paragrafo F, l&#8217;informazione che il consumatore non avr\u00e0 diritto di recesso o, se del caso, le circostanze in cui il consumatore perde il diritto di recesso;<br\/>l) richiamo all&#8217;esistenza della responsabilit\u00e0 del venditore per vizi materiali e mancanza delle qualit\u00e0 pattuite ai sensi degli articoli 534 e seguenti del Codice Civile<br\/>m) ove applicabile, l&#8217;esistenza e le modalit\u00e0 di applicazione dei servizi di assistenza clienti post-vendita, del servizio post-vendita e delle garanzie commerciali<br\/>n) l&#8217;esistenza di codici di condotta pertinenti, come definiti dalla legge.  regolamento (CEE) n. 2251\/94 e, se del caso, le modalit\u00e0 per ottenerne copia,<br\/>o) la durata del contratto, se del caso, o, se il contratto \u00e8 di durata indeterminata o automaticamente prorogata, le condizioni di risoluzione del contratto;<br\/>p) se del caso, la durata minima degli obblighi del consumatore derivanti dal contratto;<br\/>q) ove applicabile, l&#8217;esistenza e le modalit\u00e0 di depositi in denaro o altre garanzie finanziarie da versare o fornire da parte del consumatore ogniqualvolta richiesto dal fornitore<br\/>r) ove applicabile, le capacit\u00e0 operative del contenuto digitale, unitamente alle misure tecniche di protezione applicabili<br\/>(s) ove applicabile, qualsiasi interoperabilit\u00e0 tipica dei contenuti digitali con hardware e software di cui il fornitore \u00e8 a conoscenza o di cui si pu\u00f2 ragionevolmente prevedere che sia a conoscenza;<br\/>t) ove applicabile, la possibilit\u00e0 di ricorrere a un meccanismo extragiudiziale di reclamo e ricorso,<br\/>a cui appartiene il fornitore, nonch\u00e9 le modalit\u00e0 di accesso allo stesso.<br\/>4. Le informazioni di cui al paragrafo 1 costituiscono parte integrante del contratto a distanza o negoziato fuori dei locali commerciali e non possono essere modificate salvo esplicito accordo delle parti.<br\/>5. Se il fornitore non ha rispettato gli obblighi di fornire informazioni sui supplementi o altri costi di cui al paragrafo 1, lettera e), o sui costi di restituzione dei beni di cui al paragrafo 1, lettera i), il consumatore non paga tali oneri o costi.<br\/>6. Per quanto riguarda l&#8217;adempimento degli obblighi di informazione di cui agli articoli da 3 ter a 3 terdecies, l&#8217;onere della prova incombe al fornitore.<br\/>7. Se il fornitore non rispetta gli obblighi di informazione di cui al presente articolo, il contratto a distanza o negoziato fuori dei locali commerciali \u00e8 nullo a favore del consumatore.<\/div>\n\n<div> <\/div>\n\n<div>\n<h3>Resi di prodotti<\/h3>\n<p>Resi di prodotti<\/p>\n<p>1. Salvo quanto previsto dalle eccezioni di seguito indicate (vedi F.), il consumatore ha un periodo di 14 giorni di calendario per recedere dal contratto a distanza o dal contratto negoziato fuori dai locali commerciali senza dover fornire motivazioni e senza dover sostenere alcun costo oltre a quelli previsti (vedi sotto, punti C e D).<\/p>\n<p>2. Fatto salvo l&#8217;articolo 3 septies, il periodo di recesso di cui al paragrafo 1 del presente articolo scade 14 giorni di calendario, nel caso di contratti di vendita, dal giorno in cui il consumatore o un terzo da lui designato, diverso dal vettore, acquisisce il possesso fisico dei beni o:<\/p>\n<p>i) dal giorno in cui il consumatore o un terzo da lui designato, diverso dal vettore, acquisisce il possesso fisico dell&#8217;ultimo bene, nel caso di pi\u00f9 beni ordinati dal consumatore in un unico ordine e consegnati separatamente;<\/p>\n<p>ii) dal giorno in cui il consumatore o un terzo da lui designato, diverso dal vettore, acquisisce il possesso fisico dell&#8217;ultimo lotto o pezzo in caso di cessione di beni costituiti da pi\u00f9 lotti o pezzi;<\/p>\n<p>iii) dal giorno in cui il consumatore o un terzo da lui designato, diverso dal vettore, acquisisce il possesso fisico del primo bene, nel caso di un contratto di fornitura regolare di beni per un periodo di tempo determinato;<\/p>\n<p>3. Le parti contraenti possono, se lo desiderano, adempiere ai loro obblighi contrattuali durante il periodo di recesso.<\/p>\n<p>Un. Esercizio del diritto di recesso<\/p>\n<p>1. Prima della scadenza del periodo di recesso, il consumatore informa il fornitore della sua decisione di recedere dal contratto. A tal fine, il consumatore pu\u00f2:<\/p>\n<p>a) utilizzare il modulo di recesso tipo <a href=\"https:\/\/vapetravellers.eu\/wp-content\/uploads\/2021\/04\/ypodeigma-entypou-upanaxorishs_vape.doc\" target=\"_blank\" rel=\"noopener\">qui<\/a> fornito<\/p>\n<p>b) o di fare qualsiasi altra dichiarazione chiara che illustri la sua decisione di recedere dal contratto.<\/p>\n<p>2. Il consumatore si \u00e8 avvalso del diritto di recesso entro il termine di cui sopra, se la comunicazione di esercizio del diritto di recesso \u00e8 inviata dal consumatore prima della scadenza del termine.<\/p>\n<p>3. Il fornitore pu\u00f2, oltre alle possibilit\u00e0 di cui al paragrafo 1, offrire al consumatore la possibilit\u00e0 di compilare e inviare elettronicamente il modulo tipo di recesso <a href=\"http:\/\/vapetravellers.eu\/wp-content\/uploads\/2018\/08\/ypodeigma-entypou-upanaxorishs.doc\" target=\"_blank\" rel=\"noopener\">qui<\/a> riportato, oppure qualsiasi altra chiara dichiarazione reperibile sul sito web del fornitore. In tali casi, il fornitore comunica senza indugio al consumatore un avviso di ricevimento di tale recesso su un supporto durevole.<\/p>\n<p>4. Incombe al consumatore provare di aver esercitato il diritto di recesso ai sensi del presente articolo.<\/p>\n<p><strong>B. Effetti del recesso<\/strong><\/p>\n<p>L&#8217;esercizio del diritto di recesso pone fine agli obblighi delle parti contraenti:<\/p>\n<p>a) per eseguire il contratto a distanza o negoziato fuori dei locali commerciali, o<\/p>\n<p>b) concludere un contratto a distanza o negoziato fuori dei locali commerciali nei casi in cui il consumatore abbia fatto un&#8217;offerta.<\/p>\n<p>C. Obblighi del fornitore in caso di recesso<\/p>\n<p>1. Il fornitore rimborsa qualsiasi pagamento ricevuto dal consumatore, comprese, se del caso, le spese di consegna, senza indebito ritardo e in ogni caso entro 14 giorni di calendario dal giorno in cui \u00e8 stato informato della decisione del consumatore di recedere dal contratto.<\/p>\n<p>Il fornitore effettua il rimborso di cui al primo comma utilizzando lo stesso mezzo di pagamento utilizzato dal consumatore per la transazione originaria, a meno che il consumatore non abbia espressamente convenuto altrimenti e a condizione che al consumatore non siano addebitati costi derivanti dal rimborso.<\/p>\n<p>2. In deroga a quanto precede, il fornitore non \u00e8 tenuto a rimborsare le spese di consegna supplementari se il consumatore ha espressamente scelto un metodo di consegna diverso dal metodo di consegna standard pi\u00f9 economico offerto dal fornitore.<\/p>\n<p>3. A meno che il fornitore non abbia offerto di ricevere egli stesso i beni, nel caso di contratti di vendita, il fornitore pu\u00f2 trattenere il rimborso fino a quando non abbia ricevuto i beni o fino a quando il consumatore non abbia fornito la prova di aver rispedito i beni, se precedente.<\/p>\n<p>D. Obblighi del consumatore in caso di recesso<\/p>\n<p>1. A meno che il fornitore non abbia offerto di prendere in consegna egli stesso i beni, il consumatore deve restituire i beni o trasferirli al fornitore o a una persona autorizzata dal fornitore a ricevere i beni senza indebito ritardo e in ogni caso entro 14 giorni di calendario dal giorno in cui ha informato il fornitore della sua decisione di recedere dal contratto. Il termine \u00e8 rispettato se il consumatore rispedisce la merce prima della scadenza del periodo di 14 giorni.<\/p>\n<p>Il consumatore sostiene solo i costi diretti della restituzione dei beni, a meno che il fornitore non abbia accettato di sostenere tali costi o il fornitore non abbia omesso di informare il consumatore che il consumatore deve sostenerli.<\/p>\n<p>Nel caso di contratti negoziati fuori dei locali commerciali, se i beni sono stati consegnati al domicilio del consumatore al momento della conclusione del contratto, il fornitore ritira i beni a proprie spese, nella misura in cui si tratta di beni che, per loro natura, non possono normalmente essere restituiti per posta.<\/p>\n<p>2. Il consumatore \u00e8 responsabile della diminuzione del valore dei beni solo a causa di una manipolazione dei beni diversa da quella necessaria per stabilire la natura, le caratteristiche e il funzionamento dei beni. Il consumatore non \u00e8 in alcun caso responsabile per eventuali riduzioni di valore dei beni qualora il fornitore non abbia notificato il diritto di recesso.<\/p>\n<p>3. Se il consumatore esercita il diritto di recesso dopo aver gi\u00e0 presentato una richiesta conformemente a quanto precede, il consumatore deve pagare al fornitore, rispetto alla copertura integrale del contratto, un importo proporzionale a quello fornito fino al momento in cui il consumatore ha informato il fornitore che avrebbe esercitato il suo diritto di recesso. L&#8217;importo proporzionale che il consumatore deve pagare al fornitore \u00e8 calcolato sulla base del prezzo totale concordato nel contratto. Se il prezzo totale \u00e8 eccessivo, l&#8217;importo proporzionale dovrebbe essere calcolato sulla base del valore di mercato delle forniture.<\/p>\n<p>4. Se non diversamente specificato, il consumatore non \u00e8 responsabile se esercita il suo diritto di recesso.<\/p>\n<p>E. Conseguenze dell&#8217;esercizio del diritto di recesso nei contratti collegati<\/p>\n<p>1. Fatto salvo l&#8217;articolo 15 della decisione ministeriale congiunta Z1-699\/2010 (B \u0301 917) &#8220;Adeguamento della legislazione greca alla direttiva 2008\/48\/CE del Parlamento europeo e del Consiglio, del 23 aprile 2008, relativa ai contratti di credito ai consumatori e che abroga la direttiva 87\/102\/CEE del Consiglio&#8221;, se il consumatore esercita il diritto di recesso da un contratto a distanza o negoziato fuori dei locali commerciali conformemente a quanto precede,  Eventuali contratti collegati si risolveranno automaticamente, senza alcun costo per il consumatore, ad eccezione di quanto sopra previsto.<\/p>\n<p><strong>F. Eccezioni al diritto di recesso<\/strong><\/p>\n<p>Il diritto di recesso di cui sopra per i contratti a distanza e negoziati fuori dei locali commerciali non si applica nei seguenti casi:<\/p>\n<p>a) contratti di servizi dopo che il servizio \u00e8 stato interamente fornito, se l&#8217;esecuzione \u00e8 iniziata con il previo consenso esplicito del consumatore e con il riconoscimento da parte del consumatore che perder\u00e0 il diritto di recesso una volta che il contratto \u00e8 stato completamente eseguito dal fornitore;<\/p>\n<p>b) la fornitura di beni o servizi il cui prezzo dipende da fluttuazioni del mercato monetario che non possono essere controllate dal fornitore e che possono verificarsi durante il periodo di recesso;<\/p>\n<p>c) la fornitura di beni fabbricati secondo le specifiche del consumatore o chiaramente personalizzati;<\/p>\n<p>d) la cessione di beni che possono deteriorarsi o scadere rapidamente;<\/p>\n<p>e) la fornitura di beni sigillati che non sono adatti alla restituzione, per motivi di protezione della salute o di igiene e che sono stati aperti dopo la consegna;<\/p>\n<p>f) la cessione di beni che, dopo la consegna, per loro natura, sono inestricabilmente mescolati con altri elementi;<\/p>\n<p>G. Mancata comunicazione del diritto di recesso<\/p>\n<p>1. Se il fornitore non ha fornito al consumatore le informazioni sul diritto di recesso richieste, il periodo di recesso scade 12 mesi dopo la fine del periodo di recesso iniziale come sopra specificato.<\/p>\n<p>2. Se il fornitore ha fornito al consumatore le informazioni di cui sopra, il periodo di recesso scade 14 giorni di calendario a decorrere dal giorno in cui il consumatore riceve tali informazioni.<\/p>\n<\/div>\n\n<div> <\/div>\n\n<p><strong>Nota sulla spedizione internazionale<\/strong> : si prega di notare che alcuni paesi non consentono la vendita o l&#8217;importazione di determinati prodotti. Se stai effettuando un ordine di tali prodotti, che devono essere consegnati in uno di questi paesi, assicurati di essere a conoscenza delle normative locali e delle politiche doganali, poich\u00e9 il tuo ordine potrebbe essere trattenuto o sequestrato dalla dogana se l&#8217;importazione di (alcuni o tutti) i prodotti che hai ordinato non \u00e8 consentita. TRAVELLERS EMPORIKI P.C. non \u00e8 responsabile per eventuali ritardi nella ricezione dell&#8217;ordine e\/o trattenute o sequestri di prodotti dovuti alle norme applicabili o alle politiche doganali nel paese in cui i prodotti devono essere consegnati.<\/p>\n\n<p>Inoltre, la consegna di prodotti al di fuori dell&#8217;UE pu\u00f2 essere soggetta a dazi doganali e \/ o tasse di importazione locali ed \u00e8 tua responsabilit\u00e0 sapere se tali tasse si applicano. Nel caso in cui si applichino dazi e tasse di importazione al tuo ordine, la compagnia di spedizioni DHL ti contatter\u00e0 non appena il tuo ordine sar\u00e0 in dogana per informarti dei relativi costi di sdoganamento, che potrebbero ritardare i tempi di consegna stimati. \u00c8 tua responsabilit\u00e0 pagare i dazi e \/ o le tasse necessarie alle autorit\u00e0 locali e organizzare il rilascio e la ricezione dei tuoi prodotti.<\/p>\n\n<p>Si prega di notare che TRAVELLERS EMPORIKI P.C. non \u00e8 responsabile per i prodotti che possono essere trattenuti o sequestrati presso l&#8217;ufficio doganale del paese di spedizione e non sarete risarciti da TRAVELLERS EMPORIKI P.C. per i prodotti trattenuti o sequestrati.<\/p>\n\n<p>Se non paghi i dazi e le tasse di importazione corrispondenti ai prodotti che hai ordinato e quindi i prodotti non ti vengono rilasciati, TRAVELLERS EMPORIKI P.C. si riserva il diritto di addebitarti &#8211; oltre all&#8217;importo di acquisto pagato &#8211; eventuali costi aggiuntivi sostenuti a tale scopo (ad es. costi di restituzione dei prodotti in Grecia).<\/p>\n","protected":false},"excerpt":{"rendered":"<p>Tutte le transazioni effettuate tramite gadgettravellers.eu sono regolate e protette dalla normativa internazionale ed europea che regolamenta le questioni relative al commercio elettronico (Direttiva 2000\/31\/CE, DPR 131\/2003) nonch\u00e9 dalla Legge sulla tutela dei consumatori (N. 2251\/1994) che regola le questioni relative alla vendita a distanza, come integrato e modificato da J.Y.A. Z1-891\/13-8-2013 (Gazzetta Ufficiale B&#8217; [&hellip;]<\/p>\n","protected":false},"author":6,"featured_media":0,"parent":0,"menu_order":0,"comment_status":"closed","ping_status":"closed","template":"","meta":{"footnotes":""},"class_list":["post-5319381","page","type-page","status-publish","hentry"],"jetpack_sharing_enabled":true,"_links":{"self":[{"href":"https:\/\/gadgettravellers.eu\/it\/wp-json\/wp\/v2\/pages\/5319381","targetHints":{"allow":["GET"]}}],"collection":[{"href":"https:\/\/gadgettravellers.eu\/it\/wp-json\/wp\/v2\/pages"}],"about":[{"href":"https:\/\/gadgettravellers.eu\/it\/wp-json\/wp\/v2\/types\/page"}],"author":[{"embeddable":true,"href":"https:\/\/gadgettravellers.eu\/it\/wp-json\/wp\/v2\/users\/6"}],"replies":[{"embeddable":true,"href":"https:\/\/gadgettravellers.eu\/it\/wp-json\/wp\/v2\/comments?post=5319381"}],"version-history":[{"count":1,"href":"https:\/\/gadgettravellers.eu\/it\/wp-json\/wp\/v2\/pages\/5319381\/revisions"}],"predecessor-version":[{"id":5319382,"href":"https:\/\/gadgettravellers.eu\/it\/wp-json\/wp\/v2\/pages\/5319381\/revisions\/5319382"}],"wp:attachment":[{"href":"https:\/\/gadgettravellers.eu\/it\/wp-json\/wp\/v2\/media?parent=5319381"}],"curies":[{"name":"wp","href":"https:\/\/api.w.org\/{rel}","templated":true}]}}