{"id":5288658,"date":"2026-01-16T16:58:44","date_gmt":"2026-01-16T14:58:44","guid":{"rendered":"https:\/\/gadgettravellers.eu\/shop\/stirling-sapone-da-barba-arkadia-170ml\/"},"modified":"2026-04-19T17:57:20","modified_gmt":"2026-04-19T15:57:20","slug":"stirling-sapone-da-barba-arkadia-170ml","status":"publish","type":"product","link":"https:\/\/gadgettravellers.eu\/it\/shop\/stirling-sapone-da-barba-arkadia-170ml\/","title":{"rendered":"Stirling sapone da barba Arkadia 170ml"},"content":{"rendered":"<h2>Stirling sapone da barba Arkadia 170ml<\/h2>\n<p>Stirling sapone da barba <strong>Arkadia<\/strong> ha note di testa di arancia e pompelmo, note di cuore di pepe nero e pelargonium (geranio) e note di fondo di patchouli, cedro, vetiver e vaniglia. Il sapone da barba <strong>Arkadia<\/strong> \u00e8 caratterizzato da una profumazione elegante, erbosa e sorprendentemente provocante, un classico nell&#8217;evergreen del mondo della rasatura tradizionale. Stirling sapone da barba Arkadia \u00e8 ispirato a Terre d&#8217;Hermes.<\/p>\n<p>Formato: 170ml<\/p>\n<p><strong>Ingredients:<\/strong> Beef Tallow, Stearic Acid, Distilled Water, Castor Oil, Potassium Hydroxide, Vegetable Glycerin, Fragrance Oil, Almond Oil, Shea Butter, Coconut Milk, Lanolin, Sodium Hydroxide, Sodium Lactate<\/p>\n<p><strong>Stirling<\/strong> \u00e8 sinonimo di qualit\u00e0 ed <strong>ecosostenibilit\u00e0<\/strong>:\u00a0 oltre agli ingredienti naturali<strong>*<\/strong>, la maggior parte delle etichette sono biodegradabili e i contenitori sono creati per essere facilmente smaltiti dal nostro ecosistema rispetto alla comune plastica<\/p>\n<p>Made in USA<\/p>\n<p><strong>*<\/strong>Nell&#8217;interesse di mantenere il rapporto qualit\u00e0\/prezzo, alcuni dei prodotti <strong>Stirling<\/strong> possono contenere oli profumati sintetici.<\/p>\n","protected":false},"excerpt":{"rendered":"<p>Stirling sapone da barba Arkadia 170ml Stirling sapone da barba Arkadia ha note di testa di arancia e pompelmo, note di cuore di pepe nero e pelargonium (geranio) e note di fondo di patchouli, cedro, vetiver e vaniglia. Il sapone da barba Arkadia \u00e8 caratterizzato da una profumazione elegante, erbosa e sorprendentemente provocante, un classico [&hellip;]<\/p>\n","protected":false},"featured_media":53163,"comment_status":"closed","ping_status":"open","template":"","meta":[],"product_brand":[],"product_cat":[],"product_tag":[1807],"class_list":{"0":"post-5288658","1":"product","2":"type-product","3":"status-publish","4":"has-post-thumbnail","6":"product_tag-stirling-soap-company","8":"first","9":"onbackorder","10":"purchasable","11":"product-type-simple"},"jetpack_sharing_enabled":true,"_links":{"self":[{"href":"https:\/\/gadgettravellers.eu\/it\/wp-json\/wp\/v2\/product\/5288658","targetHints":{"allow":["GET"]}}],"collection":[{"href":"https:\/\/gadgettravellers.eu\/it\/wp-json\/wp\/v2\/product"}],"about":[{"href":"https:\/\/gadgettravellers.eu\/it\/wp-json\/wp\/v2\/types\/product"}],"replies":[{"embeddable":true,"href":"https:\/\/gadgettravellers.eu\/it\/wp-json\/wp\/v2\/comments?post=5288658"}],"wp:featuredmedia":[{"embeddable":true,"href":"https:\/\/gadgettravellers.eu\/it\/wp-json\/wp\/v2\/media\/53163"}],"wp:attachment":[{"href":"https:\/\/gadgettravellers.eu\/it\/wp-json\/wp\/v2\/media?parent=5288658"}],"wp:term":[{"taxonomy":"product_brand","embeddable":true,"href":"https:\/\/gadgettravellers.eu\/it\/wp-json\/wp\/v2\/product_brand?post=5288658"},{"taxonomy":"product_cat","embeddable":true,"href":"https:\/\/gadgettravellers.eu\/it\/wp-json\/wp\/v2\/product_cat?post=5288658"},{"taxonomy":"product_tag","embeddable":true,"href":"https:\/\/gadgettravellers.eu\/it\/wp-json\/wp\/v2\/product_tag?post=5288658"}],"curies":[{"name":"wp","href":"https:\/\/api.w.org\/{rel}","templated":true}]}}