{"id":5288659,"date":"2026-01-16T16:58:44","date_gmt":"2026-01-16T14:58:44","guid":{"rendered":"https:\/\/gadgettravellers.eu\/shop\/razorock-rasoio-di-sicurezza-hawk-v2-electric-blue-se\/"},"modified":"2026-04-22T19:21:16","modified_gmt":"2026-04-22T17:21:16","slug":"razorock-rasoio-di-sicurezza-hawk-v2-electric-blue-se","status":"publish","type":"product","link":"https:\/\/gadgettravellers.eu\/it\/shop\/razorock-rasoio-di-sicurezza-hawk-v2-electric-blue-se\/","title":{"rendered":"Razorock rasoio di sicurezza Hawk v2 Electric Blue SE"},"content":{"rendered":"<h2>Razorock rasoio di sicurezza Hawk v2 Electric Blue SE<\/h2>\n<p><strong>RazoRock<\/strong> con questo nuovo rasoio ha voluto aggiornare la versione preesistente. La geometria della rasatura NON \u00e8 cambiata, quindi ha le stesse prestazioni dell&#8217;<strong>HAWK<\/strong> originale, sono semplicemente stati apportati notevoli miglioramenti estetici, di peso e all&#8217;inserimento della lama.<\/p>\n<p>Le modifiche nello specifico sono le seguenti:<\/p>\n<ul>\n<li>Il cappuccio \u00e8 stato arrotondato per una sensazione di rasatura pi\u00f9 naturale possibile<\/li>\n<li>Rafforzata la barra di sicurezza sulla piastrina con un nuovo design a tre slot, questo evita che il bordo anteriore si rovini se viene colpito accidentalmente o se il rasoio subisce una piccola caduta.<\/li>\n<li>Il manico \u00e8 stato rivisitato aggiungendo un pezzo mobile al fondello che permette di allungare o accorciare il manico per una miglior maneggiabilit\u00e0.<\/li>\n<\/ul>\n<p>Questo rasoio \u00e8 lavorato a CNC in alluminio 6061 e rifinito in blu elettrico satinato. L&#8217;alluminio \u00e8 stato scelto per due motivi: leggerezza (riducendo cos\u00ec ili il peso complessivo del rasoio), l&#8217;alluminio \u00e8 molto pi\u00f9 veloce e meno costoso da lavorare e da rifinire.<\/p>\n<p><strong>Per i neofiti del SE<\/strong>:<\/p>\n<p>Se non ti sei mai rasato con un rasoio <strong>SE<\/strong>, ti esortiamo a iniziare lentamente e a non applicare una pressione eccessiva con il rasoio. Le lame <strong>SE<\/strong> sono pi\u00f9 spesse, pi\u00f9 affilate e pi\u00f9 rigide di una lama <strong>DE<\/strong> e richiedono qualche sbarbata per apprendere al meglio. usa il rasoio per <strong>12-15 rasature<\/strong> di fila prima di giudicare se ti piace la rasatura SE o meno e se vuoi iniziare con qualcosa di basilare prendi in considerazione l&#8217;idea di usare <strong>FEATHER PRO GUARD<\/strong>.<br \/>\nQuando si monta il rasoio, assicurarsi di non applicare una forza eccessiva poich\u00e9 l&#8217;alluminio \u00e8 pi\u00f9 morbido dell&#8217;acciaio e pu\u00f2 piegarsi e danneggiarsi molto pi\u00f9 facilmente. Quando avviti il manico con una lama inserita, consigliamo vivamente di tenere la testa del rasoio all&#8217;interno di un asciugamano spesso nel caso in cui scivoli.<\/p>\n<p><strong>SCHEDA TECNICA<\/strong>:<\/p>\n<p><strong>Peso<\/strong>: 36gr<\/p>\n<p><strong>Impugnatura<\/strong>: 90 mm di lunghezza e 12 mm di diametro<\/p>\n","protected":false},"excerpt":{"rendered":"<p>Razorock rasoio di sicurezza Hawk v2 Electric Blue SE RazoRock con questo nuovo rasoio ha voluto aggiornare la versione preesistente. La geometria della rasatura NON \u00e8 cambiata, quindi ha le stesse prestazioni dell&#8217;HAWK originale, sono semplicemente stati apportati notevoli miglioramenti estetici, di peso e all&#8217;inserimento della lama. Le modifiche nello specifico sono le seguenti: Il [&hellip;]<\/p>\n","protected":false},"featured_media":5276726,"comment_status":"closed","ping_status":"open","template":"","meta":[],"product_brand":[],"product_cat":[142165],"product_tag":[142241],"class_list":{"0":"post-5288659","1":"product","2":"type-product","3":"status-publish","4":"has-post-thumbnail","6":"product_cat-razorock-3","7":"product_tag-razorock","9":"first","10":"onbackorder","11":"purchasable","12":"product-type-simple"},"jetpack_sharing_enabled":true,"_links":{"self":[{"href":"https:\/\/gadgettravellers.eu\/it\/wp-json\/wp\/v2\/product\/5288659","targetHints":{"allow":["GET"]}}],"collection":[{"href":"https:\/\/gadgettravellers.eu\/it\/wp-json\/wp\/v2\/product"}],"about":[{"href":"https:\/\/gadgettravellers.eu\/it\/wp-json\/wp\/v2\/types\/product"}],"replies":[{"embeddable":true,"href":"https:\/\/gadgettravellers.eu\/it\/wp-json\/wp\/v2\/comments?post=5288659"}],"wp:featuredmedia":[{"embeddable":true,"href":"https:\/\/gadgettravellers.eu\/it\/wp-json\/wp\/v2\/media\/5276726"}],"wp:attachment":[{"href":"https:\/\/gadgettravellers.eu\/it\/wp-json\/wp\/v2\/media?parent=5288659"}],"wp:term":[{"taxonomy":"product_brand","embeddable":true,"href":"https:\/\/gadgettravellers.eu\/it\/wp-json\/wp\/v2\/product_brand?post=5288659"},{"taxonomy":"product_cat","embeddable":true,"href":"https:\/\/gadgettravellers.eu\/it\/wp-json\/wp\/v2\/product_cat?post=5288659"},{"taxonomy":"product_tag","embeddable":true,"href":"https:\/\/gadgettravellers.eu\/it\/wp-json\/wp\/v2\/product_tag?post=5288659"}],"curies":[{"name":"wp","href":"https:\/\/api.w.org\/{rel}","templated":true}]}}