{"id":5288664,"date":"2026-01-16T16:58:46","date_gmt":"2026-01-16T14:58:46","guid":{"rendered":"https:\/\/gadgettravellers.eu\/shop\/razorock-rasoio-di-sicurezza-mamba-53-in-acciaio-e-titanio\/"},"modified":"2026-04-22T19:21:18","modified_gmt":"2026-04-22T17:21:18","slug":"razorock-rasoio-di-sicurezza-mamba-53-in-acciaio-e-titanio","status":"publish","type":"product","link":"https:\/\/gadgettravellers.eu\/it\/shop\/razorock-rasoio-di-sicurezza-mamba-53-in-acciaio-e-titanio\/","title":{"rendered":"Razorock rasoio di sicurezza Mamba 53 in acciaio e titanio"},"content":{"rendered":"<h2>Razorock rasoio di sicurezza Mamba 53 in acciaio e titanio<\/h2>\n<p>La migliore qualit\u00e0 costruttiva nel settore. Fresatura CNC da billette in acciaio inossidabile 316L a tolleranze di duemila pollici per una precisione assoluta!<strong> L&#8217;impugnatura del Mamba 53 \u00e8 realizzata in titanio di grado 2<\/strong>.<br \/>\nA differenza dei rasoi in lega economica, il MAMBA 53 \u00e8 costruito per durare per sempre.<br \/>\nL&#8217;acciaio inossidabile 316L \u00e8 di grado marino resistente alla ruggine, cos\u00ec come il manico in titanio di grado 2.<br \/>\n<strong>La sicurezza del design MAMBA 53 non ha eguali e questo significa che puoi persino raderti la testa con sicurezza.<\/strong><\/p>\n<p>La testina RazoRock Mamba \u00e8 realizzata in CNC da una billetta in acciaio inossidabile 316L in Ontario, Canada, su una macchina a cinque assi all&#8217;avanguardia che \u00e8 stata acquistata per oltre mezzo milione di dollari nella primavera del 2017. Quanto \u00e8 preciso? Due millesimi di pollice! Ogni testa Mamba arriver\u00e0 individualmente numerata in serie.<\/p>\n<p><strong>L&#8217;impugnatura del Mamba 53 \u00e8 un design nuovo e unico.<\/strong> CNC ricavato dall&#8217;asta di titanio di grado 2, questo speciale nuovo manico da 100 mm offre al Mamba53 il perfetto equilibrio tra le mani.<\/p>\n<p><strong>Peso:<\/strong> 79gr<br \/>\n<strong>Materiale:<\/strong> acciaio inossidabile 316L di grado marino<\/p>\n<p><strong>Specifiche manico:<\/strong> Impugnatura Halo in titanio: titanio grado 2 (lunghezza 13 mm x 100 mm)<\/p>\n<p><strong>Manico per asta di barbiere:<\/strong> acciaio inossidabile 316L (lunghezza 12 mm x 85 mm, estremit\u00e0 testa 14 mm)<\/p>\n","protected":false},"excerpt":{"rendered":"<p>Razorock rasoio di sicurezza Mamba 53 in acciaio e titanio La migliore qualit\u00e0 costruttiva nel settore. Fresatura CNC da billette in acciaio inossidabile 316L a tolleranze di duemila pollici per una precisione assoluta! L&#8217;impugnatura del Mamba 53 \u00e8 realizzata in titanio di grado 2. A differenza dei rasoi in lega economica, il MAMBA 53 \u00e8 [&hellip;]<\/p>\n","protected":false},"featured_media":5276737,"comment_status":"closed","ping_status":"open","template":"","meta":[],"product_brand":[],"product_cat":[142165],"product_tag":[142241],"class_list":{"0":"post-5288664","1":"product","2":"type-product","3":"status-publish","4":"has-post-thumbnail","6":"product_cat-razorock-3","7":"product_tag-razorock","9":"first","10":"onbackorder","11":"purchasable","12":"product-type-simple"},"jetpack_sharing_enabled":true,"_links":{"self":[{"href":"https:\/\/gadgettravellers.eu\/it\/wp-json\/wp\/v2\/product\/5288664","targetHints":{"allow":["GET"]}}],"collection":[{"href":"https:\/\/gadgettravellers.eu\/it\/wp-json\/wp\/v2\/product"}],"about":[{"href":"https:\/\/gadgettravellers.eu\/it\/wp-json\/wp\/v2\/types\/product"}],"replies":[{"embeddable":true,"href":"https:\/\/gadgettravellers.eu\/it\/wp-json\/wp\/v2\/comments?post=5288664"}],"wp:featuredmedia":[{"embeddable":true,"href":"https:\/\/gadgettravellers.eu\/it\/wp-json\/wp\/v2\/media\/5276737"}],"wp:attachment":[{"href":"https:\/\/gadgettravellers.eu\/it\/wp-json\/wp\/v2\/media?parent=5288664"}],"wp:term":[{"taxonomy":"product_brand","embeddable":true,"href":"https:\/\/gadgettravellers.eu\/it\/wp-json\/wp\/v2\/product_brand?post=5288664"},{"taxonomy":"product_cat","embeddable":true,"href":"https:\/\/gadgettravellers.eu\/it\/wp-json\/wp\/v2\/product_cat?post=5288664"},{"taxonomy":"product_tag","embeddable":true,"href":"https:\/\/gadgettravellers.eu\/it\/wp-json\/wp\/v2\/product_tag?post=5288664"}],"curies":[{"name":"wp","href":"https:\/\/api.w.org\/{rel}","templated":true}]}}