{"id":5288669,"date":"2026-01-16T16:58:47","date_gmt":"2026-01-16T14:58:47","guid":{"rendered":"https:\/\/gadgettravellers.eu\/shop\/stirling-sapone-da-barba-bergamot-lavender-170ml\/"},"modified":"2026-04-22T19:21:21","modified_gmt":"2026-04-22T17:21:21","slug":"stirling-sapone-da-barba-bergamot-lavender-170ml","status":"publish","type":"product","link":"https:\/\/gadgettravellers.eu\/it\/shop\/stirling-sapone-da-barba-bergamot-lavender-170ml\/","title":{"rendered":"Stirling sapone da barba Bergamot Lavender 170ml"},"content":{"rendered":"<h2>Stirling sapone da barba Bergamot Lavender 170ml<\/h2>\n<p>Stirling sapone da barba <strong>Bergamot Lavender<\/strong>, non il classico sapone alla lavanda ma bens\u00ec qualcosa di speziato, dolce, floreale un mix decisamente unico. Se la lavanda avesse una buccia, quello del sapone da barba<strong> Bergamot Lavender<\/strong> sarebbe l&#8217;odore.<\/p>\n<p>Formato: 170ml<\/p>\n<p><strong>Ingredients:<\/strong> Beef Tallow, Stearic Acid, Distilled Water, Castor Oil, Potassium Hydroxide, Vegetable Glycerin, Essential Oil, Almond Oil, Shea Butter, Coconut Milk, Lanolin, Sodium Hydroxide, Sodium Lactate<\/p>\n<p><strong>Stirling<\/strong> \u00e8 sinonimo di qualit\u00e0 ed <strong>ecosostenibilit\u00e0<\/strong>:\u00a0 oltre agli ingredienti naturali<strong>*<\/strong>, la maggior parte delle etichette sono biodegradabili e i contenitori sono creati per essere facilmente smaltiti dal nostro ecosistema rispetto alla comune plastica<\/p>\n<p>Made in USA<\/p>\n<p><strong>*<\/strong>Nell&#8217;interesse di mantenere il rapporto qualit\u00e0\/prezzo, alcuni dei prodotti <strong>Stirling<\/strong> possono contenere oli profumati sintetici.<\/p>\n","protected":false},"excerpt":{"rendered":"<p>Stirling sapone da barba Bergamot Lavender 170ml Stirling sapone da barba Bergamot Lavender, non il classico sapone alla lavanda ma bens\u00ec qualcosa di speziato, dolce, floreale un mix decisamente unico. Se la lavanda avesse una buccia, quello del sapone da barba Bergamot Lavender sarebbe l&#8217;odore. Formato: 170ml Ingredients: Beef Tallow, Stearic Acid, Distilled Water, Castor [&hellip;]<\/p>\n","protected":false},"featured_media":53200,"comment_status":"closed","ping_status":"open","template":"","meta":[],"product_brand":[],"product_cat":[],"product_tag":[1807],"class_list":{"0":"post-5288669","1":"product","2":"type-product","3":"status-publish","4":"has-post-thumbnail","6":"product_tag-stirling-soap-company","8":"first","9":"onbackorder","10":"purchasable","11":"product-type-simple"},"jetpack_sharing_enabled":true,"_links":{"self":[{"href":"https:\/\/gadgettravellers.eu\/it\/wp-json\/wp\/v2\/product\/5288669","targetHints":{"allow":["GET"]}}],"collection":[{"href":"https:\/\/gadgettravellers.eu\/it\/wp-json\/wp\/v2\/product"}],"about":[{"href":"https:\/\/gadgettravellers.eu\/it\/wp-json\/wp\/v2\/types\/product"}],"replies":[{"embeddable":true,"href":"https:\/\/gadgettravellers.eu\/it\/wp-json\/wp\/v2\/comments?post=5288669"}],"wp:featuredmedia":[{"embeddable":true,"href":"https:\/\/gadgettravellers.eu\/it\/wp-json\/wp\/v2\/media\/53200"}],"wp:attachment":[{"href":"https:\/\/gadgettravellers.eu\/it\/wp-json\/wp\/v2\/media?parent=5288669"}],"wp:term":[{"taxonomy":"product_brand","embeddable":true,"href":"https:\/\/gadgettravellers.eu\/it\/wp-json\/wp\/v2\/product_brand?post=5288669"},{"taxonomy":"product_cat","embeddable":true,"href":"https:\/\/gadgettravellers.eu\/it\/wp-json\/wp\/v2\/product_cat?post=5288669"},{"taxonomy":"product_tag","embeddable":true,"href":"https:\/\/gadgettravellers.eu\/it\/wp-json\/wp\/v2\/product_tag?post=5288669"}],"curies":[{"name":"wp","href":"https:\/\/api.w.org\/{rel}","templated":true}]}}