{"id":5288670,"date":"2026-01-16T16:58:48","date_gmt":"2026-01-16T14:58:48","guid":{"rendered":"https:\/\/gadgettravellers.eu\/shop\/razorock-rasoio-di-sicurezza-game-changer-1-05-p\/"},"modified":"2026-04-22T19:21:21","modified_gmt":"2026-04-22T17:21:21","slug":"razorock-rasoio-di-sicurezza-game-changer-1-05-p","status":"publish","type":"product","link":"https:\/\/gadgettravellers.eu\/it\/shop\/razorock-rasoio-di-sicurezza-game-changer-1-05-p\/","title":{"rendered":"Razorock rasoio di sicurezza Game changer 1.05-P"},"content":{"rendered":"<h2>Razorock rasoio di sicurezza Game changer 1.05-P<\/h2>\n<p>Scopri il rasoio di sicurezza <strong>Game Changer 1.05<\/strong>: un&#8217;evoluzione marcata in aggressivit\u00e0 rispetto al suo predecessore 0.84p. Creato nel settembre 2023 per rispondere alle richieste dei nostri affezionati clienti, si distingue audacemente nella categoria &#8220;<strong>AGGRESSIVE<\/strong>&#8221; della scala Razorock. Un passo avanti ispirato tue esigenze.<\/p>\n<p>Perch\u00e9 Razorock ha chiamato questo rasoi \u201cGame Changer\u201c? \u00c8 davvero semplice! Questo rasoio \u00e8 stato prodotto seguendo uno standard superiore, avvicinandosi qualitativamente a rasoi che in genere costano almeno 3 volte tanto.<\/p>\n<p><strong>Nota bene<\/strong>: questi rasoi sono strumenti, non gioielli. Ci\u00f2 significa che i rasoi non saranno rifiniti a specchio e non saranno mai totalmente privi di micro segni di fresatura o rifinitura. I rasoi possono sempre essere lucidati dal cliente in un secondo momento, ma questo, non sar\u00e0 mai davvero necessario.<\/p>\n<p><strong>Ulteriori informazioni<\/strong><br \/>\nManico: Ufo 13mm x  85mm, peso ~ 60 grammi<br \/>\nGap: 1,05 mm<br \/>\nEsposizione della lama: positiva<br \/>\nMateriale: acciaio inossidabile di grado marino 316L<br \/>\nCostruzione: completamente lavorata a CNC<\/p>\n<p><strong>Finitura<\/strong>: 3 fasi, 24 ore. ogni pezzo \u00e8 unico (non ci saranno due pezzi identici). Non crediamo nella lucidatura a mano dei nostri rasoi di sicurezza lavorati perch\u00e9 \u00e8 controproducente. Spendiamo cos\u00ec tanto tempo e sforzi per ottenere tolleranze precise che una lucidatura a mano prolungata le rovinerebbe.<\/p>\n<p>Altri dettagli: ogni rasoio \u00e8 inciso con un numero di serie univoco.<\/p>\n<p>Made in Canada<\/p>\n","protected":false},"excerpt":{"rendered":"<p>Razorock rasoio di sicurezza Game changer 1.05-P Scopri il rasoio di sicurezza Game Changer 1.05: un&#8217;evoluzione marcata in aggressivit\u00e0 rispetto al suo predecessore 0.84p. Creato nel settembre 2023 per rispondere alle richieste dei nostri affezionati clienti, si distingue audacemente nella categoria &#8220;AGGRESSIVE&#8221; della scala Razorock. Un passo avanti ispirato tue esigenze. Perch\u00e9 Razorock ha chiamato [&hellip;]<\/p>\n","protected":false},"featured_media":5276751,"comment_status":"closed","ping_status":"open","template":"","meta":[],"product_brand":[],"product_cat":[142165],"product_tag":[142241],"class_list":{"0":"post-5288670","1":"product","2":"type-product","3":"status-publish","4":"has-post-thumbnail","6":"product_cat-razorock-3","7":"product_tag-razorock","9":"first","10":"onbackorder","11":"purchasable","12":"product-type-simple"},"jetpack_sharing_enabled":true,"_links":{"self":[{"href":"https:\/\/gadgettravellers.eu\/it\/wp-json\/wp\/v2\/product\/5288670","targetHints":{"allow":["GET"]}}],"collection":[{"href":"https:\/\/gadgettravellers.eu\/it\/wp-json\/wp\/v2\/product"}],"about":[{"href":"https:\/\/gadgettravellers.eu\/it\/wp-json\/wp\/v2\/types\/product"}],"replies":[{"embeddable":true,"href":"https:\/\/gadgettravellers.eu\/it\/wp-json\/wp\/v2\/comments?post=5288670"}],"wp:featuredmedia":[{"embeddable":true,"href":"https:\/\/gadgettravellers.eu\/it\/wp-json\/wp\/v2\/media\/5276751"}],"wp:attachment":[{"href":"https:\/\/gadgettravellers.eu\/it\/wp-json\/wp\/v2\/media?parent=5288670"}],"wp:term":[{"taxonomy":"product_brand","embeddable":true,"href":"https:\/\/gadgettravellers.eu\/it\/wp-json\/wp\/v2\/product_brand?post=5288670"},{"taxonomy":"product_cat","embeddable":true,"href":"https:\/\/gadgettravellers.eu\/it\/wp-json\/wp\/v2\/product_cat?post=5288670"},{"taxonomy":"product_tag","embeddable":true,"href":"https:\/\/gadgettravellers.eu\/it\/wp-json\/wp\/v2\/product_tag?post=5288670"}],"curies":[{"name":"wp","href":"https:\/\/api.w.org\/{rel}","templated":true}]}}