{"id":5288681,"date":"2026-01-16T16:58:51","date_gmt":"2026-01-16T14:58:51","guid":{"rendered":"https:\/\/gadgettravellers.eu\/shop\/razorock-rasoio-di-sicurezza-lupo-de\/"},"modified":"2026-04-22T19:21:27","modified_gmt":"2026-04-22T17:21:27","slug":"razorock-rasoio-di-sicurezza-lupo-de","status":"publish","type":"product","link":"https:\/\/gadgettravellers.eu\/it\/shop\/razorock-rasoio-di-sicurezza-lupo-de\/","title":{"rendered":"Razorock rasoio di sicurezza Lupo DE"},"content":{"rendered":"<h2>Razorock rasoio di sicurezza Lupo DE<\/h2>\n<p>Il rasoio di sicurezza <strong>RazoRock Lupo<\/strong> ha una storia interessante. Un cliente ha inviato alla casa produttrice di inviargli un rasoio molto popolare sul mercato ma molto molto caro chiedendogli: riesci a farlo diventare un modello <strong>RazoRock<\/strong> ma con un prezzo competitivo rispetto a questo che ti sto inviando? Ovviamente la casa produttrice ha accettato, studiato, modificato e prodotto il nuovo rasoio Lupo. Il rasoio di sicurezza <strong>Razorock<\/strong> Lupo \u00e8 fresato a <strong>CNC<\/strong> in <strong>allumminio<\/strong> resistente alla corrosione che lo rende leggero ed estremamente restistente. <strong>RazoRock<\/strong> utilizza la frestaura <strong>CNC<\/strong> perch\u00e8 \u00e8 i modo pi\u00f9 preciso per fabbricare un rasoio \u00e8 importante che i rasoi siano realizzati con tolleranze ristrette, in modo che la lama sia perfettamente allineata a ogni rasatura.<\/p>\n","protected":false},"excerpt":{"rendered":"<p>Razorock rasoio di sicurezza Lupo DE Il rasoio di sicurezza RazoRock Lupo ha una storia interessante. Un cliente ha inviato alla casa produttrice di inviargli un rasoio molto popolare sul mercato ma molto molto caro chiedendogli: riesci a farlo diventare un modello RazoRock ma con un prezzo competitivo rispetto a questo che ti sto inviando? [&hellip;]<\/p>\n","protected":false},"featured_media":53248,"comment_status":"closed","ping_status":"open","template":"","meta":[],"product_brand":[],"product_cat":[142165],"product_tag":[142241],"class_list":{"0":"post-5288681","1":"product","2":"type-product","3":"status-publish","4":"has-post-thumbnail","6":"product_cat-razorock-3","7":"product_tag-razorock","9":"first","10":"onbackorder","11":"purchasable","12":"product-type-simple"},"jetpack_sharing_enabled":true,"_links":{"self":[{"href":"https:\/\/gadgettravellers.eu\/it\/wp-json\/wp\/v2\/product\/5288681","targetHints":{"allow":["GET"]}}],"collection":[{"href":"https:\/\/gadgettravellers.eu\/it\/wp-json\/wp\/v2\/product"}],"about":[{"href":"https:\/\/gadgettravellers.eu\/it\/wp-json\/wp\/v2\/types\/product"}],"replies":[{"embeddable":true,"href":"https:\/\/gadgettravellers.eu\/it\/wp-json\/wp\/v2\/comments?post=5288681"}],"wp:featuredmedia":[{"embeddable":true,"href":"https:\/\/gadgettravellers.eu\/it\/wp-json\/wp\/v2\/media\/53248"}],"wp:attachment":[{"href":"https:\/\/gadgettravellers.eu\/it\/wp-json\/wp\/v2\/media?parent=5288681"}],"wp:term":[{"taxonomy":"product_brand","embeddable":true,"href":"https:\/\/gadgettravellers.eu\/it\/wp-json\/wp\/v2\/product_brand?post=5288681"},{"taxonomy":"product_cat","embeddable":true,"href":"https:\/\/gadgettravellers.eu\/it\/wp-json\/wp\/v2\/product_cat?post=5288681"},{"taxonomy":"product_tag","embeddable":true,"href":"https:\/\/gadgettravellers.eu\/it\/wp-json\/wp\/v2\/product_tag?post=5288681"}],"curies":[{"name":"wp","href":"https:\/\/api.w.org\/{rel}","templated":true}]}}