{"id":5288682,"date":"2026-01-16T16:58:51","date_gmt":"2026-01-16T14:58:51","guid":{"rendered":"https:\/\/gadgettravellers.eu\/shop\/lea-sapone-da-barba-in-tubo-di-metallo-formato-professionale-250gr\/"},"modified":"2026-04-13T23:40:31","modified_gmt":"2026-04-13T21:40:31","slug":"lea-sapone-da-barba-in-tubo-di-metallo-formato-professionale-250gr","status":"publish","type":"product","link":"https:\/\/gadgettravellers.eu\/it\/shop\/lea-sapone-da-barba-in-tubo-di-metallo-formato-professionale-250gr\/","title":{"rendered":"Lea sapone da barba in tubo di metallo formato professionale 250gr"},"content":{"rendered":"<h2>Lea sapone da barba in tubo di metallo formato professionale 250gr<\/h2>\n<p>Sapone da barba in tubo studiato per utilizzo professionale. Con i suoi 250Gr \u00e8 tra i saponi in tubo pi\u00f9 capienti e di qualit\u00e0 presenti sul mercato<br \/>\nRegala una rasatura vellutata e duratura.<br \/>\nFormato 250GR<\/p>\n<p>Dermatologicamente testato<\/p>\n","protected":false},"excerpt":{"rendered":"<p>Lea sapone da barba in tubo di metallo formato professionale 250gr Sapone da barba in tubo studiato per utilizzo professionale. Con i suoi 250Gr \u00e8 tra i saponi in tubo pi\u00f9 capienti e di qualit\u00e0 presenti sul mercato Regala una rasatura vellutata e duratura. Formato 250GR Dermatologicamente testato<\/p>\n","protected":false},"featured_media":53252,"comment_status":"closed","ping_status":"open","template":"","meta":[],"product_brand":[],"product_cat":[142162],"product_tag":[142240],"class_list":{"0":"post-5288682","1":"product","2":"type-product","3":"status-publish","4":"has-post-thumbnail","6":"product_cat-lea-3","7":"product_tag-lea","9":"first","10":"onbackorder","11":"purchasable","12":"product-type-simple"},"jetpack_sharing_enabled":true,"_links":{"self":[{"href":"https:\/\/gadgettravellers.eu\/it\/wp-json\/wp\/v2\/product\/5288682","targetHints":{"allow":["GET"]}}],"collection":[{"href":"https:\/\/gadgettravellers.eu\/it\/wp-json\/wp\/v2\/product"}],"about":[{"href":"https:\/\/gadgettravellers.eu\/it\/wp-json\/wp\/v2\/types\/product"}],"replies":[{"embeddable":true,"href":"https:\/\/gadgettravellers.eu\/it\/wp-json\/wp\/v2\/comments?post=5288682"}],"wp:featuredmedia":[{"embeddable":true,"href":"https:\/\/gadgettravellers.eu\/it\/wp-json\/wp\/v2\/media\/53252"}],"wp:attachment":[{"href":"https:\/\/gadgettravellers.eu\/it\/wp-json\/wp\/v2\/media?parent=5288682"}],"wp:term":[{"taxonomy":"product_brand","embeddable":true,"href":"https:\/\/gadgettravellers.eu\/it\/wp-json\/wp\/v2\/product_brand?post=5288682"},{"taxonomy":"product_cat","embeddable":true,"href":"https:\/\/gadgettravellers.eu\/it\/wp-json\/wp\/v2\/product_cat?post=5288682"},{"taxonomy":"product_tag","embeddable":true,"href":"https:\/\/gadgettravellers.eu\/it\/wp-json\/wp\/v2\/product_tag?post=5288682"}],"curies":[{"name":"wp","href":"https:\/\/api.w.org\/{rel}","templated":true}]}}