{"id":5288685,"date":"2026-01-16T16:58:52","date_gmt":"2026-01-16T14:58:52","guid":{"rendered":"https:\/\/gadgettravellers.eu\/shop\/razorock-rasoio-di-sicurezza-switch-black\/"},"modified":"2026-04-22T19:21:28","modified_gmt":"2026-04-22T17:21:28","slug":"razorock-rasoio-di-sicurezza-switch-black","status":"publish","type":"product","link":"https:\/\/gadgettravellers.eu\/it\/shop\/razorock-rasoio-di-sicurezza-switch-black\/","title":{"rendered":"Razorock rasoio di sicurezza Switch Black"},"content":{"rendered":"<h2>Razorock rasoio di sicurezza Switch Black<\/h2>\n<p><strong>RazoRock Switch DE<\/strong> \u00e8 il primo rasoio nel suo genere! Un rasoio che pu\u00f2 trasformarsi da rasoio da barbiere a rasoio di sicurezza tradizionale quindi: <strong>DUE RASOI IN UNO<\/strong>!<\/p>\n<p>Il rasoio <strong>RazoRock Switch<\/strong> \u00e8 fresato a <strong>CNC<\/strong> in alluminio (resistente alla corrosione) che lo rende estremamente leggero e assolutamente resistente. Inoltre, l&#8217;alluminio \u00e8 stato anodizzato per una maggiore protezione e resistenza alla corrosione.<br \/>\n<strong>RazoRock<\/strong> utilizza la fresatura <strong>CNC<\/strong> perch\u00e8 \u00e8 il modo pi\u00f9 preciso per fabbricare un rasoio. E&#8217; infatti importante che i rasoi siano realizzati con tolleranze ristrette, in modo che la lama sia perfettamente allineata a ogni rasatura.<\/p>\n<p>Questo rasoio pu\u00f2 essere utilizzato anche per la rasatura del corpo, in particolare gambe, braccia petto e schiena. Molte donne hanno utilizzato Switch <strong>RazoRock<\/strong> per radersi!<\/p>\n<p><strong>Peso<\/strong>: 40 grammi circa<br \/>\n<strong>Lunghezza manico<\/strong>: 100mm<\/p>\n","protected":false},"excerpt":{"rendered":"<p>Razorock rasoio di sicurezza Switch Black RazoRock Switch DE \u00e8 il primo rasoio nel suo genere! Un rasoio che pu\u00f2 trasformarsi da rasoio da barbiere a rasoio di sicurezza tradizionale quindi: DUE RASOI IN UNO! Il rasoio RazoRock Switch \u00e8 fresato a CNC in alluminio (resistente alla corrosione) che lo rende estremamente leggero e assolutamente [&hellip;]<\/p>\n","protected":false},"featured_media":5276784,"comment_status":"closed","ping_status":"open","template":"","meta":[],"product_brand":[],"product_cat":[142165],"product_tag":[142241],"class_list":{"0":"post-5288685","1":"product","2":"type-product","3":"status-publish","4":"has-post-thumbnail","6":"product_cat-razorock-3","7":"product_tag-razorock","9":"first","10":"onbackorder","11":"purchasable","12":"product-type-simple"},"jetpack_sharing_enabled":true,"_links":{"self":[{"href":"https:\/\/gadgettravellers.eu\/it\/wp-json\/wp\/v2\/product\/5288685","targetHints":{"allow":["GET"]}}],"collection":[{"href":"https:\/\/gadgettravellers.eu\/it\/wp-json\/wp\/v2\/product"}],"about":[{"href":"https:\/\/gadgettravellers.eu\/it\/wp-json\/wp\/v2\/types\/product"}],"replies":[{"embeddable":true,"href":"https:\/\/gadgettravellers.eu\/it\/wp-json\/wp\/v2\/comments?post=5288685"}],"wp:featuredmedia":[{"embeddable":true,"href":"https:\/\/gadgettravellers.eu\/it\/wp-json\/wp\/v2\/media\/5276784"}],"wp:attachment":[{"href":"https:\/\/gadgettravellers.eu\/it\/wp-json\/wp\/v2\/media?parent=5288685"}],"wp:term":[{"taxonomy":"product_brand","embeddable":true,"href":"https:\/\/gadgettravellers.eu\/it\/wp-json\/wp\/v2\/product_brand?post=5288685"},{"taxonomy":"product_cat","embeddable":true,"href":"https:\/\/gadgettravellers.eu\/it\/wp-json\/wp\/v2\/product_cat?post=5288685"},{"taxonomy":"product_tag","embeddable":true,"href":"https:\/\/gadgettravellers.eu\/it\/wp-json\/wp\/v2\/product_tag?post=5288685"}],"curies":[{"name":"wp","href":"https:\/\/api.w.org\/{rel}","templated":true}]}}