{"id":5288707,"date":"2026-01-16T16:58:59","date_gmt":"2026-01-16T14:58:59","guid":{"rendered":"https:\/\/gadgettravellers.eu\/shop\/stirling-sapone-da-barba-haverford-170ml\/"},"modified":"2026-04-21T18:06:26","modified_gmt":"2026-04-21T16:06:26","slug":"stirling-sapone-da-barba-haverford-170ml","status":"publish","type":"product","link":"https:\/\/gadgettravellers.eu\/it\/shop\/stirling-sapone-da-barba-haverford-170ml\/","title":{"rendered":"Stirling sapone da barba Haverford 170ml"},"content":{"rendered":"<h2>Stirling sapone da barba Haverford 170ml<\/h2>\n<p>Stirling Sapone da barba <strong>Haverford<\/strong> prende il nome da uno dei nostri personaggi preferiti di Parks and Rec, questo profumo \u00e8 ispirato a Tabacco Vaniglia di Tom Ford.<\/p>\n<p>Il sapone da barba <strong>Haverford<\/strong> \u00e8 composto da calda vaniglia che circonda una base di tabacco floreale in questa sexy combinazione maschile. Sicuramente amerai usarlo ben pi\u00f9 di una volta al giorno.<\/p>\n<p><strong>N.B<\/strong>: A causa dell&#8217;alto contenuto di vanillina di questo sapone, c&#8217;\u00e8 la possibilit\u00e0 che macchi alcuni tipi di pennelli di tasso.<\/p>\n<p>Formato: 170ml<\/p>\n<p><strong>Ingredients:<\/strong> Beef Tallow, Stearic Acid, Distilled Water, Castor Oil, Potassium Hydroxide, Vegetable Glycerin, Fragrance Oil, Almond Oil, Shea Butter, Coconut Milk, Lanolin, Sodium Hydroxide, Sodium Lactate<\/p>\n<p><strong>Stirling<\/strong> \u00e8 sinonimo di qualit\u00e0 ed <strong>ecosostenibilit\u00e0<\/strong>:\u00a0 oltre agli ingredienti naturali<strong>*<\/strong>, la maggior parte delle etichette sono biodegradabili e i contenitori sono creati per essere facilmente smaltiti dal nostro ecosistema rispetto alla comune plastica<\/p>\n<p>Made in USA<\/p>\n<p><strong>*<\/strong>Nell&#8217;interesse di mantenere il rapporto qualit\u00e0\/prezzo, alcuni dei prodotti <strong>Stirling<\/strong> possono contenere oli profumati sintetici.<\/p>\n","protected":false},"excerpt":{"rendered":"<p>Stirling sapone da barba Haverford 170ml Stirling Sapone da barba Haverford prende il nome da uno dei nostri personaggi preferiti di Parks and Rec, questo profumo \u00e8 ispirato a Tabacco Vaniglia di Tom Ford. Il sapone da barba Haverford \u00e8 composto da calda vaniglia che circonda una base di tabacco floreale in questa sexy combinazione [&hellip;]<\/p>\n","protected":false},"featured_media":5276834,"comment_status":"closed","ping_status":"open","template":"","meta":[],"product_brand":[],"product_cat":[],"product_tag":[1807],"class_list":{"0":"post-5288707","1":"product","2":"type-product","3":"status-publish","4":"has-post-thumbnail","6":"product_tag-stirling-soap-company","8":"first","9":"onbackorder","10":"purchasable","11":"product-type-simple"},"jetpack_sharing_enabled":true,"_links":{"self":[{"href":"https:\/\/gadgettravellers.eu\/it\/wp-json\/wp\/v2\/product\/5288707","targetHints":{"allow":["GET"]}}],"collection":[{"href":"https:\/\/gadgettravellers.eu\/it\/wp-json\/wp\/v2\/product"}],"about":[{"href":"https:\/\/gadgettravellers.eu\/it\/wp-json\/wp\/v2\/types\/product"}],"replies":[{"embeddable":true,"href":"https:\/\/gadgettravellers.eu\/it\/wp-json\/wp\/v2\/comments?post=5288707"}],"wp:featuredmedia":[{"embeddable":true,"href":"https:\/\/gadgettravellers.eu\/it\/wp-json\/wp\/v2\/media\/5276834"}],"wp:attachment":[{"href":"https:\/\/gadgettravellers.eu\/it\/wp-json\/wp\/v2\/media?parent=5288707"}],"wp:term":[{"taxonomy":"product_brand","embeddable":true,"href":"https:\/\/gadgettravellers.eu\/it\/wp-json\/wp\/v2\/product_brand?post=5288707"},{"taxonomy":"product_cat","embeddable":true,"href":"https:\/\/gadgettravellers.eu\/it\/wp-json\/wp\/v2\/product_cat?post=5288707"},{"taxonomy":"product_tag","embeddable":true,"href":"https:\/\/gadgettravellers.eu\/it\/wp-json\/wp\/v2\/product_tag?post=5288707"}],"curies":[{"name":"wp","href":"https:\/\/api.w.org\/{rel}","templated":true}]}}