{"id":5288710,"date":"2026-01-16T16:59:00","date_gmt":"2026-01-16T14:59:00","guid":{"rendered":"https:\/\/gadgettravellers.eu\/shop\/just-for-men-colorante-capelli-uomo-istantaneo-castano-chiaro-h25\/"},"modified":"2026-04-22T19:21:38","modified_gmt":"2026-04-22T17:21:38","slug":"just-for-men-colorante-capelli-uomo-istantaneo-castano-chiaro-h25","status":"publish","type":"product","link":"https:\/\/gadgettravellers.eu\/it\/shop\/just-for-men-colorante-capelli-uomo-istantaneo-castano-chiaro-h25\/","title":{"rendered":"Just for Men colorante capelli uomo istantaneo castano chiaro H25"},"content":{"rendered":"<h2>Just for Men colorante capelli uomo istantaneo castano chiaro H25<\/h2>\n<p>Just for men \u00e8 leader mondiale nella colorazione maschile dei capelli. Progettato per ridare colore ai capelli in modo naturale, coprendo solo i capelli grigi con una tonalit\u00e0 adatta, <strong>Just for men<\/strong> colorante capelli uomo istantaneo castano chiaro H25 \u00e8 in grado di eliminare il grigio per un look pi\u00f9 intenso e folto.<br \/>\n<strong>Look naturale<\/strong> La formula brevettata Gray Target Technology copre i capelli grigi con una tonalit\u00e0 che si armonizza con il tuo colore naturale. <strong>Facile e veloce<\/strong> Miscelare. Applicare. Attendere 5 minuti. Risciacquare con shampoo. Seguire tutte le istruzioni riportate sul foglio illustrativo allegato. <strong>Lunga durata<\/strong> Non schiarisce con il lavaggio. Un&#8217;applicazione dura fino a 8 settimane o fino alla naturale ricrescita.<\/p>\n<p>Just for Men colorante capelli uomo istantaneo castano chiaro H25 dona ai capelli un aspetto pi\u00f9 sano e corposo senza ammoniaca. Delicato sui capelli. Con cheratina, olio d&#8217;oliva e vitamina E.<\/p>\n<p>La linea colorante capelli uomo istantaneo <strong>Just for Men<\/strong> \u00e8 stata studiata per garantire un utilizzo semplice e veloce. Alcuni prodotti si applicano come uno shampoo, altri direttamente con il pettine, sempre fornito nella confezione. La durata del prodotto \u00e8 garantita per 8 settimane o fino alla ricrescita naturale dei capelli. Per un risultato ottimale e un look completamente rinnovato, si consiglia di utilizzare il prodotto lo stesso giorno in cui si effettua il taglio dei capelli. La maggior parte dei prodotti della linea <strong>Just for Men<\/strong> agisce in soli <strong>5 minuti<\/strong>.<\/p>\n<p>Nella confezione di <strong>Just for Men<\/strong> Just for Men colorante capelli uomo istantaneo castano chiaro H25:<\/p>\n<ul>\n<li>Flacone applicatore con attivatore colore<\/li>\n<li>Base colore<\/li>\n<li>Guanti<\/li>\n<li>Istruzioni<\/li>\n<\/ul>\n<p><strong>Trova la colorazione pi\u00f9 adatta<\/strong> Se sei indeciso tra 2 colorazioni, o se hai pochi capelli grigi, scegli la tonalit\u00e0 pi\u00f9 chiara per ottenere un look pi\u00f9 naturale.<\/p>\n<p><strong>Come applicare Just for Men colorante capelli uomo istantaneo castano chiaro H25:<\/strong> Miscelazione: Mescolare i componenti del prodotto come indicato nelle istruzioni (rapporto 1:1) Applicazione: Applicare il prodotto sui capelli secondo le indicazioni fornite. Tempo di attesa: Attendere il tempo specificato nelle istruzioni (solitamente circa 5 minuti). Risciacquo: Risciacquare abbondantemente i capelli con acqua.<\/p>\n<p><strong>Si consiglia vivamente di leggere attentamente e seguire tutte le istruzioni fornite all&#8217;interno della confezione del prodotto per ottenere i migliori risultati.<\/strong><\/p>\n<p><strong>Nota bene<\/strong> l&#8217;effetto del colore potrebbe variare leggermente a seconda del tipo e del colore dei capelli di partenza. Si consiglia di seguire attentamente le istruzioni fornite con il prodotto per ottenere i migliori risultati.<\/p>\n<p>Made in USA<\/p>\n","protected":false},"excerpt":{"rendered":"<p>Just for Men colorante capelli uomo istantaneo castano chiaro H25 Just for men \u00e8 leader mondiale nella colorazione maschile dei capelli. Progettato per ridare colore ai capelli in modo naturale, coprendo solo i capelli grigi con una tonalit\u00e0 adatta, Just for men colorante capelli uomo istantaneo castano chiaro H25 \u00e8 in grado di eliminare il [&hellip;]<\/p>\n","protected":false},"featured_media":53361,"comment_status":"closed","ping_status":"open","template":"","meta":[],"product_brand":[],"product_cat":[142170],"product_tag":[143146],"class_list":{"0":"post-5288710","1":"product","2":"type-product","3":"status-publish","4":"has-post-thumbnail","6":"product_cat-just-for-men-3","7":"product_tag-just-for-men","9":"first","10":"onbackorder","11":"purchasable","12":"product-type-simple"},"jetpack_sharing_enabled":true,"_links":{"self":[{"href":"https:\/\/gadgettravellers.eu\/it\/wp-json\/wp\/v2\/product\/5288710","targetHints":{"allow":["GET"]}}],"collection":[{"href":"https:\/\/gadgettravellers.eu\/it\/wp-json\/wp\/v2\/product"}],"about":[{"href":"https:\/\/gadgettravellers.eu\/it\/wp-json\/wp\/v2\/types\/product"}],"replies":[{"embeddable":true,"href":"https:\/\/gadgettravellers.eu\/it\/wp-json\/wp\/v2\/comments?post=5288710"}],"wp:featuredmedia":[{"embeddable":true,"href":"https:\/\/gadgettravellers.eu\/it\/wp-json\/wp\/v2\/media\/53361"}],"wp:attachment":[{"href":"https:\/\/gadgettravellers.eu\/it\/wp-json\/wp\/v2\/media?parent=5288710"}],"wp:term":[{"taxonomy":"product_brand","embeddable":true,"href":"https:\/\/gadgettravellers.eu\/it\/wp-json\/wp\/v2\/product_brand?post=5288710"},{"taxonomy":"product_cat","embeddable":true,"href":"https:\/\/gadgettravellers.eu\/it\/wp-json\/wp\/v2\/product_cat?post=5288710"},{"taxonomy":"product_tag","embeddable":true,"href":"https:\/\/gadgettravellers.eu\/it\/wp-json\/wp\/v2\/product_tag?post=5288710"}],"curies":[{"name":"wp","href":"https:\/\/api.w.org\/{rel}","templated":true}]}}