{"id":5288717,"date":"2026-01-16T16:59:02","date_gmt":"2026-01-16T14:59:02","guid":{"rendered":"https:\/\/gadgettravellers.eu\/shop\/stirling-sapone-da-barba-mountain-man-170ml\/"},"modified":"2026-04-21T18:06:30","modified_gmt":"2026-04-21T16:06:30","slug":"stirling-sapone-da-barba-mountain-man-170ml","status":"publish","type":"product","link":"https:\/\/gadgettravellers.eu\/it\/shop\/stirling-sapone-da-barba-mountain-man-170ml\/","title":{"rendered":"Stirling sapone da barba Mountain Man 170ml"},"content":{"rendered":"<h2>Stirling sapone da barba Mountain Man 170ml<\/h2>\n<p>Stirling sapone da barba <strong>Mountain Man<\/strong> \u00e8 una miscela di Bergamotto, Arancia, T\u00e8 verde, Ribes Nero, Legno di Sandalo e Petitgrain.<\/p>\n<p>La fragranza di Stirling Sapone da Barba <strong>Mountain Man<\/strong> \u00e8 liberamente ispirata alla colonia Creed Silver Mountain Water.<\/p>\n<p>Formato: 170ml<\/p>\n<p><strong>Ingredients:\u00a0<\/strong>Beef Tallow, Stearic Acid, Distilled Water, Castor Oil, Potassium Hydroxide, Vegetable Glycerin, Fragrance Oil, Almond Oil, Shea Butter, Coconut Milk, Lanolin, Sodium Hydroxide, Sodium Lactate<\/p>\n<p>Made in USA<\/p>\n<p><strong>*<\/strong>Nell&#8217;interesse di mantenere il rapporto qualit\u00e0\/prezzo, alcuni dei prodotti <strong>Stirling<\/strong> possono contenere oli profumati sintetici.<\/p>\n","protected":false},"excerpt":{"rendered":"<p>Stirling sapone da barba Mountain Man 170ml Stirling sapone da barba Mountain Man \u00e8 una miscela di Bergamotto, Arancia, T\u00e8 verde, Ribes Nero, Legno di Sandalo e Petitgrain. La fragranza di Stirling Sapone da Barba Mountain Man \u00e8 liberamente ispirata alla colonia Creed Silver Mountain Water. Formato: 170ml Ingredients:\u00a0Beef Tallow, Stearic Acid, Distilled Water, Castor [&hellip;]<\/p>\n","protected":false},"featured_media":53389,"comment_status":"closed","ping_status":"open","template":"","meta":[],"product_brand":[],"product_cat":[],"product_tag":[1807],"class_list":{"0":"post-5288717","1":"product","2":"type-product","3":"status-publish","4":"has-post-thumbnail","6":"product_tag-stirling-soap-company","8":"first","9":"onbackorder","10":"purchasable","11":"product-type-simple"},"jetpack_sharing_enabled":true,"_links":{"self":[{"href":"https:\/\/gadgettravellers.eu\/it\/wp-json\/wp\/v2\/product\/5288717","targetHints":{"allow":["GET"]}}],"collection":[{"href":"https:\/\/gadgettravellers.eu\/it\/wp-json\/wp\/v2\/product"}],"about":[{"href":"https:\/\/gadgettravellers.eu\/it\/wp-json\/wp\/v2\/types\/product"}],"replies":[{"embeddable":true,"href":"https:\/\/gadgettravellers.eu\/it\/wp-json\/wp\/v2\/comments?post=5288717"}],"wp:featuredmedia":[{"embeddable":true,"href":"https:\/\/gadgettravellers.eu\/it\/wp-json\/wp\/v2\/media\/53389"}],"wp:attachment":[{"href":"https:\/\/gadgettravellers.eu\/it\/wp-json\/wp\/v2\/media?parent=5288717"}],"wp:term":[{"taxonomy":"product_brand","embeddable":true,"href":"https:\/\/gadgettravellers.eu\/it\/wp-json\/wp\/v2\/product_brand?post=5288717"},{"taxonomy":"product_cat","embeddable":true,"href":"https:\/\/gadgettravellers.eu\/it\/wp-json\/wp\/v2\/product_cat?post=5288717"},{"taxonomy":"product_tag","embeddable":true,"href":"https:\/\/gadgettravellers.eu\/it\/wp-json\/wp\/v2\/product_tag?post=5288717"}],"curies":[{"name":"wp","href":"https:\/\/api.w.org\/{rel}","templated":true}]}}