{"id":5288719,"date":"2026-01-16T16:59:03","date_gmt":"2026-01-16T14:59:03","guid":{"rendered":"https:\/\/gadgettravellers.eu\/shop\/razorock-rasoio-di-sicurezza-game-changer-84p-open-comb\/"},"modified":"2026-04-22T19:21:42","modified_gmt":"2026-04-22T17:21:42","slug":"razorock-rasoio-di-sicurezza-game-changer-84p-open-comb","status":"publish","type":"product","link":"https:\/\/gadgettravellers.eu\/it\/shop\/razorock-rasoio-di-sicurezza-game-changer-84p-open-comb\/","title":{"rendered":"Razorock rasoio di sicurezza Game changer 84P open comb"},"content":{"rendered":"<h2>Razorock rasoio di sicurezza Game changer 84P open comb<\/h2>\n<p>Dopo mesi di sviluppo ecco pronto il nuovo Game Changer 84p open comb! Un rasoio DE a pettine aperto adatto ad affrontare sia barbe di pochi giorni che barbe pi\u00f9 spesse e lunghe. Ogni pezzo \u00e8 fresato a macchina CNC da una solida billetta in acciaio inossidabile. <strong>Il nuovo RazoRock Game Changer Open Comb \u00e8 costruito per durare tutta la vita.<\/strong><\/p>\n<p>Perch\u00e9 Razorock ha chiamato questo rasoi &#8220;<strong>Game Changer<\/strong>&#8220;? \u00c8 davvero semplice! <strong>Questo rasoio \u00e8 stato prodotto seguendo uno standard superiore<\/strong>, avvicinandosi qualitativamente a rasoi che in genere costano almeno 3 volte tanto.<\/p>\n<p><strong>Nota bene<\/strong>: questi rasoi <strong>sono strumenti, non gioielli<\/strong>. Ci\u00f2 significa che i rasoi non saranno rifiniti a specchio e non saranno mai totalmente privi di micro segni di fresatura o rifinitura. I rasoi possono sempre essere lucidati dal cliente in un secondo momento, ma questo, non sar\u00e0 mai davvero necessario.<\/p>\n<p><strong>Ulteriori informazioni:<\/strong><br \/>\n<strong>Manico:<\/strong> Super Knurl 13 mm x 90 mm, peso ~ 82 grammi<br \/>\n<strong>Gap:<\/strong> 0,84 mm<br \/>\n<strong>Esposizione della lama:<\/strong> positiva<br \/>\n<strong>Materiale:<\/strong> acciaio inossidabile di grado marino 316L<br \/>\n<strong>Costruzione:<\/strong> completamente lavorata a CNC<\/p>\n<p><strong>Finitura<\/strong>: 3 fasi, 24 ore. ogni pezzo \u00e8 unico (non ci saranno due pezzi identici). Non crediamo nella lucidatura a mano dei nostri rasoi di sicurezza lavorati perch\u00e9 \u00e8 controproducente. Spendiamo cos\u00ec tanto tempo e sforzi per ottenere tolleranze precise che una lucidatura a mano prolungata le rovinerebbe.<\/p>\n<p><strong>Altri dettagli: ogni rasoio \u00e8 inciso con un numero di serie univoco.<\/strong><\/p>\n","protected":false},"excerpt":{"rendered":"<p>Razorock rasoio di sicurezza Game changer 84P open comb Dopo mesi di sviluppo ecco pronto il nuovo Game Changer 84p open comb! Un rasoio DE a pettine aperto adatto ad affrontare sia barbe di pochi giorni che barbe pi\u00f9 spesse e lunghe. Ogni pezzo \u00e8 fresato a macchina CNC da una solida billetta in acciaio [&hellip;]<\/p>\n","protected":false},"featured_media":5276859,"comment_status":"closed","ping_status":"open","template":"","meta":[],"product_brand":[],"product_cat":[142165],"product_tag":[142241],"class_list":{"0":"post-5288719","1":"product","2":"type-product","3":"status-publish","4":"has-post-thumbnail","6":"product_cat-razorock-3","7":"product_tag-razorock","9":"first","10":"onbackorder","11":"purchasable","12":"product-type-simple"},"jetpack_sharing_enabled":true,"_links":{"self":[{"href":"https:\/\/gadgettravellers.eu\/it\/wp-json\/wp\/v2\/product\/5288719","targetHints":{"allow":["GET"]}}],"collection":[{"href":"https:\/\/gadgettravellers.eu\/it\/wp-json\/wp\/v2\/product"}],"about":[{"href":"https:\/\/gadgettravellers.eu\/it\/wp-json\/wp\/v2\/types\/product"}],"replies":[{"embeddable":true,"href":"https:\/\/gadgettravellers.eu\/it\/wp-json\/wp\/v2\/comments?post=5288719"}],"wp:featuredmedia":[{"embeddable":true,"href":"https:\/\/gadgettravellers.eu\/it\/wp-json\/wp\/v2\/media\/5276859"}],"wp:attachment":[{"href":"https:\/\/gadgettravellers.eu\/it\/wp-json\/wp\/v2\/media?parent=5288719"}],"wp:term":[{"taxonomy":"product_brand","embeddable":true,"href":"https:\/\/gadgettravellers.eu\/it\/wp-json\/wp\/v2\/product_brand?post=5288719"},{"taxonomy":"product_cat","embeddable":true,"href":"https:\/\/gadgettravellers.eu\/it\/wp-json\/wp\/v2\/product_cat?post=5288719"},{"taxonomy":"product_tag","embeddable":true,"href":"https:\/\/gadgettravellers.eu\/it\/wp-json\/wp\/v2\/product_tag?post=5288719"}],"curies":[{"name":"wp","href":"https:\/\/api.w.org\/{rel}","templated":true}]}}