{"id":5288728,"date":"2026-01-16T16:59:06","date_gmt":"2026-01-16T14:59:06","guid":{"rendered":"https:\/\/gadgettravellers.eu\/shop\/stirling-sapone-da-barba-pharaohs-dreamsicle-170ml\/"},"modified":"2026-04-22T19:21:46","modified_gmt":"2026-04-22T17:21:46","slug":"stirling-sapone-da-barba-pharaohs-dreamsicle-170ml","status":"publish","type":"product","link":"https:\/\/gadgettravellers.eu\/it\/shop\/stirling-sapone-da-barba-pharaohs-dreamsicle-170ml\/","title":{"rendered":"Stirling sapone da barba Pharaoh&#8217;s Dreamsicle 170ml"},"content":{"rendered":"<h2>Stirling sapone da barba Pharaoh&#8217;s Dreamsicle 170ml<\/h2>\n<p>Re Tut \u00e8 venuto da me in sogno e &#8230; no, no, non l&#8217;ha fatto. Mandy ed io eravamo in vacanza al Cairo e &#8230; no, no, non lo eravamo. In realt\u00e0 stavamo scherzando con gli oli essenziali e cercavamo di inventare qualcosa per sostituire il nostro sapone Vanilla Tangerine, e questo \u00e8 tutto. Il sapone da barba <strong>Pharaoh&#8217;s Dreamsicle<\/strong> \u00e8 una miscela di arancia dolce, arancia rossa, vaniglia e muschio egiziano. Questa \u00e8 una versione davvero unica della crema di arancia.<\/p>\n<p>Formato: 170ml<\/p>\n<p><strong>Ingredients:<\/strong> Beef Tallow, Stearic Acid, Distilled Water, Castor Oil, Potassium Hydroxide, Vegetable Glycerin, Essential Oil, Almond Oil, Shea Butter, Coconut Milk, Lanolin, Sodium Hydroxide, Fragrance Oil, Sodium Lactate<\/p>\n<p><strong>Stirling<\/strong> \u00e8 sinonimo di qualit\u00e0 ed <strong>ecosostenibilit\u00e0<\/strong>:\u00a0 oltre agli ingredienti naturali<strong>*<\/strong>, la maggior parte delle etichette sono biodegradabili e i contenitori sono creati per essere facilmente smaltiti dal nostro ecosistema rispetto alla comune plastica<\/p>\n<p>Made in USA<\/p>\n<p><strong>*<\/strong>Nell&#8217;interesse di mantenere il rapporto qualit\u00e0\/prezzo, alcuni dei prodotti <strong>Stirling<\/strong> possono contenere oli profumati sintetici.<\/p>\n","protected":false},"excerpt":{"rendered":"<p>Stirling sapone da barba Pharaoh&#8217;s Dreamsicle 170ml Re Tut \u00e8 venuto da me in sogno e &#8230; no, no, non l&#8217;ha fatto. Mandy ed io eravamo in vacanza al Cairo e &#8230; no, no, non lo eravamo. In realt\u00e0 stavamo scherzando con gli oli essenziali e cercavamo di inventare qualcosa per sostituire il nostro sapone [&hellip;]<\/p>\n","protected":false},"featured_media":53433,"comment_status":"closed","ping_status":"open","template":"","meta":[],"product_brand":[],"product_cat":[],"product_tag":[1807],"class_list":{"0":"post-5288728","1":"product","2":"type-product","3":"status-publish","4":"has-post-thumbnail","6":"product_tag-stirling-soap-company","8":"first","9":"onbackorder","10":"purchasable","11":"product-type-simple"},"jetpack_sharing_enabled":true,"_links":{"self":[{"href":"https:\/\/gadgettravellers.eu\/it\/wp-json\/wp\/v2\/product\/5288728","targetHints":{"allow":["GET"]}}],"collection":[{"href":"https:\/\/gadgettravellers.eu\/it\/wp-json\/wp\/v2\/product"}],"about":[{"href":"https:\/\/gadgettravellers.eu\/it\/wp-json\/wp\/v2\/types\/product"}],"replies":[{"embeddable":true,"href":"https:\/\/gadgettravellers.eu\/it\/wp-json\/wp\/v2\/comments?post=5288728"}],"wp:featuredmedia":[{"embeddable":true,"href":"https:\/\/gadgettravellers.eu\/it\/wp-json\/wp\/v2\/media\/53433"}],"wp:attachment":[{"href":"https:\/\/gadgettravellers.eu\/it\/wp-json\/wp\/v2\/media?parent=5288728"}],"wp:term":[{"taxonomy":"product_brand","embeddable":true,"href":"https:\/\/gadgettravellers.eu\/it\/wp-json\/wp\/v2\/product_brand?post=5288728"},{"taxonomy":"product_cat","embeddable":true,"href":"https:\/\/gadgettravellers.eu\/it\/wp-json\/wp\/v2\/product_cat?post=5288728"},{"taxonomy":"product_tag","embeddable":true,"href":"https:\/\/gadgettravellers.eu\/it\/wp-json\/wp\/v2\/product_tag?post=5288728"}],"curies":[{"name":"wp","href":"https:\/\/api.w.org\/{rel}","templated":true}]}}