{"id":5288732,"date":"2026-01-16T16:59:07","date_gmt":"2026-01-16T14:59:07","guid":{"rendered":"https:\/\/gadgettravellers.eu\/shop\/stirling-sapone-da-barba-ramblin-man-170ml\/"},"modified":"2026-05-05T02:57:02","modified_gmt":"2026-05-05T00:57:02","slug":"stirling-sapone-da-barba-ramblin-man-170ml","status":"publish","type":"product","link":"https:\/\/gadgettravellers.eu\/it\/shop\/stirling-sapone-da-barba-ramblin-man-170ml\/","title":{"rendered":"Stirling sapone da barba Ramblin&#8217; Man 170ml"},"content":{"rendered":"<h2>Stirling sapone da barba Ramblin&#8217; Man 170ml<\/h2>\n<p>L&#8217;ultima aggiunta alla linea &#8220;Stirling Man&#8221;. Una miscela intensamente maschile di note di testa di agrumi, note centrali di legno di sandalo e una base densa di muschio, cedro e ambra grigia.  Questo \u00e8 certamente un profumo che rimarr\u00e0 con voi e porter\u00e0 gli altri a dare un&#8217;occhiata pi\u00f9 da vicino.<\/p>\n<p>Formato: 170ml<\/p>\n<p><strong>Ingredients:<\/strong> Beef Tallow, Stearic Acid, Distilled Water, Castor Oil, Potassium Hydroxide, Vegetable Glycerin, Fragrance Oil, Almond Oil, Shea Butter, Coconut Milk, Lanolin, Sodium Hydroxide, Sodium Lactate<\/p>\n<p>Made in USA<\/p>\n<p><strong>*<\/strong>Nell&#8217;interesse di mantenere il rapporto qualit\u00e0\/prezzo, alcuni dei prodotti <strong>Stirling<\/strong> possono contenere oli profumati sintetici.<\/p>\n","protected":false},"excerpt":{"rendered":"<p>Stirling sapone da barba Ramblin&#8217; Man 170ml L&#8217;ultima aggiunta alla linea &#8220;Stirling Man&#8221;. Una miscela intensamente maschile di note di testa di agrumi, note centrali di legno di sandalo e una base densa di muschio, cedro e ambra grigia. Questo \u00e8 certamente un profumo che rimarr\u00e0 con voi e porter\u00e0 gli altri a dare un&#8217;occhiata [&hellip;]<\/p>\n","protected":false},"featured_media":53449,"comment_status":"closed","ping_status":"open","template":"","meta":[],"product_brand":[],"product_cat":[],"product_tag":[1807],"class_list":{"0":"post-5288732","1":"product","2":"type-product","3":"status-publish","4":"has-post-thumbnail","6":"product_tag-stirling-soap-company","8":"first","9":"onbackorder","10":"purchasable","11":"product-type-simple"},"jetpack_sharing_enabled":true,"_links":{"self":[{"href":"https:\/\/gadgettravellers.eu\/it\/wp-json\/wp\/v2\/product\/5288732","targetHints":{"allow":["GET"]}}],"collection":[{"href":"https:\/\/gadgettravellers.eu\/it\/wp-json\/wp\/v2\/product"}],"about":[{"href":"https:\/\/gadgettravellers.eu\/it\/wp-json\/wp\/v2\/types\/product"}],"replies":[{"embeddable":true,"href":"https:\/\/gadgettravellers.eu\/it\/wp-json\/wp\/v2\/comments?post=5288732"}],"wp:featuredmedia":[{"embeddable":true,"href":"https:\/\/gadgettravellers.eu\/it\/wp-json\/wp\/v2\/media\/53449"}],"wp:attachment":[{"href":"https:\/\/gadgettravellers.eu\/it\/wp-json\/wp\/v2\/media?parent=5288732"}],"wp:term":[{"taxonomy":"product_brand","embeddable":true,"href":"https:\/\/gadgettravellers.eu\/it\/wp-json\/wp\/v2\/product_brand?post=5288732"},{"taxonomy":"product_cat","embeddable":true,"href":"https:\/\/gadgettravellers.eu\/it\/wp-json\/wp\/v2\/product_cat?post=5288732"},{"taxonomy":"product_tag","embeddable":true,"href":"https:\/\/gadgettravellers.eu\/it\/wp-json\/wp\/v2\/product_tag?post=5288732"}],"curies":[{"name":"wp","href":"https:\/\/api.w.org\/{rel}","templated":true}]}}