{"id":5288741,"date":"2026-01-16T16:59:10","date_gmt":"2026-01-16T14:59:10","guid":{"rendered":"https:\/\/gadgettravellers.eu\/shop\/saponificio-varesino-deodorante-80th-anniversary-100ml\/"},"modified":"2026-04-22T19:21:53","modified_gmt":"2026-04-22T17:21:53","slug":"saponificio-varesino-deodorante-80th-anniversary-100ml","status":"publish","type":"product","link":"https:\/\/gadgettravellers.eu\/it\/shop\/saponificio-varesino-deodorante-80th-anniversary-100ml\/","title":{"rendered":"Saponificio Varesino deodorante 80th Anniversary 100ml"},"content":{"rendered":"<h2>Saponificio Varesino deodorante 80th Anniversary 100ml<\/h2>\n<p>Un prodotto che nasce per offrire un\u2019elevata efficacia nel contrastare i cattivi odori, rispettando al tempo stesso la pelle e l\u2019ambiente. Formulato senza alcol, utilizza un mix di ingredienti naturali e biotecnologici, capaci di garantire un effetto deodorante duraturo, un\u2019azione lenitiva e idratante, oltre a una profumazione unica e raffinata.<\/p>\n<p>Agitare bene prima dell\u2019uso, cos\u00ec da miscelare correttamente gli attivi all\u2019interno del prodotto. La sua <strong>texture<\/strong> \u00e8 morbida e delicata: si assorbe velocemente senza lasciare residui, offrendo una protezione affidabile per tutta la giornata. Protagonisti della formulazione sono l\u2019Allume di Rocca e l\u2019Acqua Vulcanica Marina, due elementi che lavorano in sinergia per preservare la pelle da umidit\u00e0 eccessiva, odori sgradevoli e aggressioni esterne.<\/p>\n<p>La forza dell\u2019Allume di Rocca<br \/>\nL\u2019<strong>Allume di Rocca<\/strong> (noto anche come allume potassico) \u00e8 un sale minerale naturale dall\u2019efficace azione deodorante, astringente e antibatterica. Grazie alla sua componente salina, crea un ambiente sfavorevole alla proliferazione dei batteri che causano i cattivi odori, regolarizzando al contempo la sudorazione senza bloccarla. Di conseguenza, la pelle resta pi\u00f9 fresca e asciutta, ma conserva la sua naturale capacit\u00e0 di traspirare.<\/p>\n<p>Acqua Vulcanica Marina di Jeju<br \/>\nCuore della formulazione, l\u2019<strong>Acqua Vulcanica Marina<\/strong> proviene dall\u2019isola di Jeju, dove compie un lungo viaggio attraverso la roccia vulcanica, arricchendosi di propriet\u00e0 antiossidanti, idratanti e lenitive. Questa acqua speciale mantiene stabili temperatura e pH, favorendo l\u2019equilibrio cutaneo e contrastando eventuali irritazioni o rossori.<\/p>\n<p>Estratti e ingredienti attivi<br \/>\nPer rendere il <strong>deodorante<\/strong> Saponificio Varesino 80th Anniversary davvero unico, sono stati selezionati diversi estratti vegetali e sostanze funzionali, ognuno con un compito preciso. Di seguito, un elenco delle principali componenti:<\/p>\n<ul>\n<li><strong>Wasabia japonica leaf extract:<\/strong> il wasabi, cresciuto esclusivamente in acque purissime, svolge un\u2019efficace azione anti-batterica e anti-odore. Un aiuto fondamentale per mantenere una fresca sensazione sotto le ascelle.<\/li>\n<li><strong>Triethyl Citrate:<\/strong> lavora sinergicamente con l\u2019allume di rocca per inibire gli enzimi responsabili dei cattivi odori. \u00c8 delicato e adatto alle pelli sensibili.<\/li>\n<li><strong>Cetraria islandica extract (Muschio d\u2019Islanda):<\/strong> ricco di acido Usnico e acidi Lichenici, offre propriet\u00e0 purificanti, emollienti e anti-microbiche, aiutando a calmare possibili irritazioni.<\/li>\n<li><strong>Undecylenic acid:<\/strong> rallenta la crescita dei microrganismi sulla pelle, svolgendo un ruolo chiave nel mantenimento di una cute fresca e pulita.<\/li>\n<li><strong>E.g avena:<\/strong> conosciuto per le sue virt\u00f9 lenitive e idratanti, dona sollievo in caso di pelle stressata o delicata.<\/li>\n<li><strong>E.g salvia:<\/strong> limita la proliferazione batterica, contribuendo a ridurre al minimo gli odori indesiderati e conferendo una sensazione di freschezza.<\/li>\n<li><strong>Microsfere di silice:<\/strong> svolgono un\u2019azione adsorbente su umidit\u00e0 e sebo in eccesso, regalando una finitura setosa e asciutta.<\/li>\n<li><strong>Spirea Ulmaria extract:<\/strong> antinfiammatorio e astringente, dona un senso di benessere e aiuta a mantenere la pelle in buono stato.<\/li>\n<li><strong>Rubus idaeus fruit extract:<\/strong> estratto di lampone con propriet\u00e0 astringenti e cheratolitiche, contribuisce alla levigatezza cutanea.<\/li>\n<li><strong>Maranta Arundinacea Root Powder:<\/strong> polvere di arrowroot, inserita come agente adsorbente per controllare l\u2019umidit\u00e0 e offrire un tocco morbido al tatto.<\/li>\n<li><strong>Gel aloe vera:<\/strong> apprezzato per le sue doti idratanti, lenitive e antibatteriche, rinfresca la pelle e contribuisce a proteggerla.<\/li>\n<li><strong>Lactobacillus ferment:<\/strong> fornisce un\u2019ampia protezione antimicrobica di origine naturale, migliorando la tollerabilit\u00e0 e la sicurezza del prodotto.<\/li>\n<\/ul>\n<p>Una fragranza foug\u00e8re legnosa<br \/>\nOltre alle sue funzioni deodoranti e protettive, questo <strong>deodorante<\/strong> propone una profumazione che riflette l\u2019esclusiva fragranza \u201cFoug\u00e8re Legnoso\u201d della linea 80th Anniversary. Il bouquet si apre con note frizzanti di bergamotto, arancio, limone e pompelmo, per poi rivelare un cuore aromatico e legnoso di lavanda, patchouli, legno di cashmere e legno di guaiaco. La scia finale \u00e8 calda e sensualissima, grazie a un mix avvolgente di ambra grigia, legno di cedro, mirra e vaniglia. Una fusione olfattiva che dona energia e vitalit\u00e0 durante l\u2019intero arco della giornata, trasformando un gesto quotidiano in un vero piacere sensoriale.<\/p>\n<p>Come utilizzare il deodorante<\/p>\n<ul>\n<li>Agitare prima dell\u2019uso: \u00e8 importante miscelare gli ingredienti per assicurarsi che le particelle attive si distribuiscano uniformemente nel prodotto.<\/li>\n<li>Applicazione: vaporizza o distribuisci il deodorante sulle ascelle pulite e asciutte, mantenendo una breve distanza dalla pelle. Un leggero massaggio o picchiettio potrebbe facilitare l\u2019assorbimento, ma non \u00e8 strettamente necessario.<\/li>\n<li>Frequenza: ideale per l\u2019uso quotidiano, pu\u00f2 essere riapplicato quando senti la necessit\u00e0 di un ulteriore tocco di freschezza, pur non risultando aggressivo grazie alla formulazione priva di alcol.<\/li>\n<li>Conservazione: tieni il flacone in un luogo asciutto, lontano da fonti di calore e luce diretta. Chiudi bene dopo l\u2019uso per preservare le caratteristiche del prodotto.<\/li>\n<\/ul>\n<p>Delicatezza e rispetto per la pelle<br \/>\nLa scelta di formulare il prodotto senza alcol \u00e8 mirata a ridurre possibili effetti irritanti, specialmente sulle pelli sensibili o soggette a reazioni avverse. Grazie al <strong>deodorante<\/strong> 80th Anniversary, \u00e8 possibile beneficiare di un fresco effetto anti-odore, mantenendo inalterata la naturale traspirazione del corpo e riducendo il rischio di secchezza e irritazione. L\u2019allume di rocca si occupa di contrastare i batteri responsabili del cattivo odore, mentre gli estratti vegetali, come quello di avena o aloe vera, apportano un surplus di idratazione e protezione.<\/p>\n<p>Il valore di una scelta consapevole<br \/>\nSaponificio Varesino ha radici profonde nel panorama artigianale italiano e, da 80 anni, si impegna a ricercare materie prime di qualit\u00e0, formulazioni sicure e processi produttivi che limitino al minimo l\u2019impatto ambientale. Anche in questo <strong>deodorante<\/strong>, la cura per i dettagli si traduce in un equilibrio ideale tra performance e rispetto per la pelle. L\u2019aggiunta di attivi come la polvere di arrowroot, l\u2019estratto di muschio d\u2019Islanda e il Lactobacillus ferment conferma il costante desiderio di innovare, pur rimanendo fedeli ai princ\u00ecpi fondanti dell\u2019azienda.<\/p>\n<p><strong>Saponificio Varesino deodorante 80th Anniversary 100ml<\/strong> \u00e8 dunque molto pi\u00f9 di un semplice prodotto contro il sudore: rappresenta un gesto quotidiano di attenzione verso s\u00e9 stessi, un\u2019alleanza con ingredienti selezionati per offrire freschezza, comfort e protezione in ogni momento della giornata. La fragranza foug\u00e8re legnosa completa il quadro, regalando un\u2019aura di elegante freschezza che ti accompagna con discrezione e persistenza.<\/p>\n<p>Se cerchi un deodorante che coniughi efficacia, naturalit\u00e0 ed esperienza sensoriale, questa proposta firmata Saponificio Varesino soddisfer\u00e0 le tue aspettative. Dai profumi intensi e bilanciati fino alla sinergia di attivi di origine vegetale e minerale, ogni aspetto \u00e8 stato studiato con attenzione per garantire un prodotto affidabile e piacevole, pronto a testimoniare il valore di un marchio che fa della tradizione e dell\u2019innovazione i suoi punti di forza.<\/p>\n<p><strong>Ingredients:<\/strong> Aqua\/Water, Sea Water, Potassium Alum, Triethyl Citrate, Polyglyceryl-4 Caprylare, Parfum\/Fragrance, Aloe Barbadensis Leaf Juice, Wasabia Japonica Leaf Extract, Cetraria Islandica Extract, Rubus Idaeus Fruit Extract, Spiraea Ulmaria Extract, Avena Sativa Kernel Extract, Sericin, Silica, Glycerin, Diglycerin, Lactobacillus\/Portulaca Oleracea Ferment Extract, Decyl Glucoside, Sodium Lauroyl Glutamate,Propylene Glycol, Butylene Glycol, 1,3-Butanediol, Benzyl Alcohol, Sodium Benzoate, Potassium Sorbate, Citric Acid, Phenoxyethanol, Ethylhexylglycerin, Tetramethyl Acetyloctahydronaphthalenes, Hexamethylindanopyran, Linalyl Acetate, Limonene, Citrus Aurantium Dulcis Peel Oil, Pogostemon Cablin Oil, Linalool<\/p>\n<p>Formato: 100ml<\/p>\n<p>Made in Italy<\/p>\n","protected":false},"excerpt":{"rendered":"<p>Saponificio Varesino deodorante 80th Anniversary 100ml Un prodotto che nasce per offrire un\u2019elevata efficacia nel contrastare i cattivi odori, rispettando al tempo stesso la pelle e l\u2019ambiente. Formulato senza alcol, utilizza un mix di ingredienti naturali e biotecnologici, capaci di garantire un effetto deodorante duraturo, un\u2019azione lenitiva e idratante, oltre a una profumazione unica e [&hellip;]<\/p>\n","protected":false},"featured_media":75351,"comment_status":"closed","ping_status":"open","template":"","meta":[],"product_brand":[],"product_cat":[142171],"product_tag":[142246],"class_list":{"0":"post-5288741","1":"product","2":"type-product","3":"status-publish","4":"has-post-thumbnail","6":"product_cat-saponificio-varesino-3","7":"product_tag-saponificio-varesino","9":"first","10":"onbackorder","11":"purchasable","12":"product-type-simple"},"jetpack_sharing_enabled":true,"_links":{"self":[{"href":"https:\/\/gadgettravellers.eu\/it\/wp-json\/wp\/v2\/product\/5288741","targetHints":{"allow":["GET"]}}],"collection":[{"href":"https:\/\/gadgettravellers.eu\/it\/wp-json\/wp\/v2\/product"}],"about":[{"href":"https:\/\/gadgettravellers.eu\/it\/wp-json\/wp\/v2\/types\/product"}],"replies":[{"embeddable":true,"href":"https:\/\/gadgettravellers.eu\/it\/wp-json\/wp\/v2\/comments?post=5288741"}],"wp:featuredmedia":[{"embeddable":true,"href":"https:\/\/gadgettravellers.eu\/it\/wp-json\/wp\/v2\/media\/75351"}],"wp:attachment":[{"href":"https:\/\/gadgettravellers.eu\/it\/wp-json\/wp\/v2\/media?parent=5288741"}],"wp:term":[{"taxonomy":"product_brand","embeddable":true,"href":"https:\/\/gadgettravellers.eu\/it\/wp-json\/wp\/v2\/product_brand?post=5288741"},{"taxonomy":"product_cat","embeddable":true,"href":"https:\/\/gadgettravellers.eu\/it\/wp-json\/wp\/v2\/product_cat?post=5288741"},{"taxonomy":"product_tag","embeddable":true,"href":"https:\/\/gadgettravellers.eu\/it\/wp-json\/wp\/v2\/product_tag?post=5288741"}],"curies":[{"name":"wp","href":"https:\/\/api.w.org\/{rel}","templated":true}]}}