{"id":5288753,"date":"2026-01-16T16:59:14","date_gmt":"2026-01-16T14:59:14","guid":{"rendered":"https:\/\/gadgettravellers.eu\/shop\/razorock-rasoio-di-sicurezza-game-changer-76-p-manico-ufo\/"},"modified":"2026-04-15T19:46:53","modified_gmt":"2026-04-15T17:46:53","slug":"razorock-rasoio-di-sicurezza-game-changer-76-p-manico-ufo","status":"publish","type":"product","link":"https:\/\/gadgettravellers.eu\/it\/shop\/razorock-rasoio-di-sicurezza-game-changer-76-p-manico-ufo\/","title":{"rendered":"Razorock rasoio di sicurezza Game Changer 76-P manico Ufo"},"content":{"rendered":"<h2>Razorock rasoio di sicurezza Game Changer 76-P manico Ufo<\/h2>\n<p>Razorock <strong>rasoio di sicurezza Game Changer 76-P<\/strong> \u00e8 l&#8217;innovativo modello della linea Game Changer di Razorock, una vera e propria pietra miliare nel mondo della rasatura. Il nuovo rasoio di sicurezza <strong>Game Changer 76-p<\/strong>, prodotto ambiziosamente progettato, rappresenta un punto di riferimento nella gamma media dei rasoi, caratterizzato da una testa con un gap di 0.76 unica nel suo genere. Il suo design \u00e8 frutto di uno studio attento e minuzioso, con l&#8217;obiettivo di creare un equilibrio ottimale tra la testa 68-P, apprezzata per la sua precisione, e la 84-P, conosciuta per la sua potenza di rasatura. La nascita del Game Changer 76-P \u00e8 l&#8217;espressione del costante impegno per offrire ai clienti una qualit\u00e0 senza pari. Con questo rasoio, Razorock non solo migliora l&#8217;esperienza di rasatura, ma eleva lo standard dell&#8217;intero settore, promettendo un comfort e una precisione senza precedenti.<\/p>\n<p>Perch\u00e8 Game Changer? E\u2019 davvero semplice! Questo rasoio \u00e8 stato prodotto secondo uno standard superiore a quello dei rasoi che in genere costano 4-8 volte il prezzo, ma nel consueto stile RazoRock viene fornito il pi\u00f9 alto standard di qualit\u00e0 a un prezzo accessibile a tutti. RazoRock Game Changer \u00e8 creato per durare a vita, realizzato in acciaio inossidabile (lo stesso processo che viene utilizzato per fabbricare la cassa per orologi svizzeri).<\/p>\n<p><strong>Finitura<\/strong>: Per la produzione di questi rasoi viene utilizzato un processo di finitura a vibrazione che mantiene le pi\u00f9 basse tolleranze possibili. Ci\u00f2 significa che i rasoi non saranno rifiniti a specchio e non saranno privi di segni infatti, possono presentare segni di fresatura o di finitura. Ricordiamo che i rasoi possono essere lucidati come gioielli anche successivamente ma l\u2019obiettivo di Razorock \u00e8 quello di vendere il rasoio alle migliori tolleranze e al prezzo pi\u00f9 basso possibile.<\/p>\n<p><strong>Scheda tecnica<\/strong><\/p>\n<ul>\n<li>Gap: 0,76<\/li>\n<li>Esposizione della lama: Positiva<\/li>\n<li>Materiale: Acciaio inox 316L<\/li>\n<li>Lunghezza manico: 82mm<\/li>\n<li>Peso: 74 gr circa<\/li>\n<\/ul>\n<p>Made in Canada<\/p>\n","protected":false},"excerpt":{"rendered":"<p>Razorock rasoio di sicurezza Game Changer 76-P manico Ufo Razorock rasoio di sicurezza Game Changer 76-P \u00e8 l&#8217;innovativo modello della linea Game Changer di Razorock, una vera e propria pietra miliare nel mondo della rasatura. Il nuovo rasoio di sicurezza Game Changer 76-p, prodotto ambiziosamente progettato, rappresenta un punto di riferimento nella gamma media dei [&hellip;]<\/p>\n","protected":false},"featured_media":53514,"comment_status":"closed","ping_status":"open","template":"","meta":[],"product_brand":[],"product_cat":[142165],"product_tag":[142241],"class_list":{"0":"post-5288753","1":"product","2":"type-product","3":"status-publish","4":"has-post-thumbnail","6":"product_cat-razorock-3","7":"product_tag-razorock","9":"first","10":"onbackorder","11":"purchasable","12":"product-type-simple"},"jetpack_sharing_enabled":true,"_links":{"self":[{"href":"https:\/\/gadgettravellers.eu\/it\/wp-json\/wp\/v2\/product\/5288753","targetHints":{"allow":["GET"]}}],"collection":[{"href":"https:\/\/gadgettravellers.eu\/it\/wp-json\/wp\/v2\/product"}],"about":[{"href":"https:\/\/gadgettravellers.eu\/it\/wp-json\/wp\/v2\/types\/product"}],"replies":[{"embeddable":true,"href":"https:\/\/gadgettravellers.eu\/it\/wp-json\/wp\/v2\/comments?post=5288753"}],"wp:featuredmedia":[{"embeddable":true,"href":"https:\/\/gadgettravellers.eu\/it\/wp-json\/wp\/v2\/media\/53514"}],"wp:attachment":[{"href":"https:\/\/gadgettravellers.eu\/it\/wp-json\/wp\/v2\/media?parent=5288753"}],"wp:term":[{"taxonomy":"product_brand","embeddable":true,"href":"https:\/\/gadgettravellers.eu\/it\/wp-json\/wp\/v2\/product_brand?post=5288753"},{"taxonomy":"product_cat","embeddable":true,"href":"https:\/\/gadgettravellers.eu\/it\/wp-json\/wp\/v2\/product_cat?post=5288753"},{"taxonomy":"product_tag","embeddable":true,"href":"https:\/\/gadgettravellers.eu\/it\/wp-json\/wp\/v2\/product_tag?post=5288753"}],"curies":[{"name":"wp","href":"https:\/\/api.w.org\/{rel}","templated":true}]}}