{"id":5288762,"date":"2026-01-16T16:59:17","date_gmt":"2026-01-16T14:59:17","guid":{"rendered":"https:\/\/gadgettravellers.eu\/shop\/razorock-rasoio-di-sicurezza-german-37-slant\/"},"modified":"2026-04-22T19:22:04","modified_gmt":"2026-04-22T17:22:04","slug":"razorock-rasoio-di-sicurezza-german-37-slant","status":"publish","type":"product","link":"https:\/\/gadgettravellers.eu\/it\/shop\/razorock-rasoio-di-sicurezza-german-37-slant\/","title":{"rendered":"Razorock rasoio di sicurezza German 37 slant"},"content":{"rendered":"<h2>Razorock rasoio di sicurezza German 37 slant<\/h2>\n<p>Il vantaggio di questo rasoio <strong>Slant<\/strong>\u00a0\u00e8 che la lama \u00e8 piegata in due direzioni aumentando la resistenza meccanica e rendendo la lama pi\u00f9 rigida, una lama sottile ma rigida taglia in modo pi\u00f9 efficiente.<br \/>\nI rasoi <strong>Slant<\/strong> sono perfetti per chi ha barba dura e pelle sensibile, avendo una lama pi\u00f9 affilata tagliano meglio di un rasoio normale e quindi richiedono meno passaggi con il rasoio.<\/p>\n<p>Scheda tecnica:<br \/>\n<strong>Materiale testa<\/strong>: lega di zinco cromata<br \/>\n<strong>Materiale impugnatura<\/strong>: SS316L HD<br \/>\n<strong>Diametro impugnatura x Lunghezza<\/strong>: 12mmx80mm<\/p>\n","protected":false},"excerpt":{"rendered":"<p>Razorock rasoio di sicurezza German 37 slant Il vantaggio di questo rasoio Slant\u00a0\u00e8 che la lama \u00e8 piegata in due direzioni aumentando la resistenza meccanica e rendendo la lama pi\u00f9 rigida, una lama sottile ma rigida taglia in modo pi\u00f9 efficiente. I rasoi Slant sono perfetti per chi ha barba dura e pelle sensibile, avendo [&hellip;]<\/p>\n","protected":false},"featured_media":53538,"comment_status":"closed","ping_status":"open","template":"","meta":[],"product_brand":[],"product_cat":[142165],"product_tag":[142241],"class_list":{"0":"post-5288762","1":"product","2":"type-product","3":"status-publish","4":"has-post-thumbnail","6":"product_cat-razorock-3","7":"product_tag-razorock","9":"first","10":"onbackorder","11":"purchasable","12":"product-type-simple"},"jetpack_sharing_enabled":true,"_links":{"self":[{"href":"https:\/\/gadgettravellers.eu\/it\/wp-json\/wp\/v2\/product\/5288762","targetHints":{"allow":["GET"]}}],"collection":[{"href":"https:\/\/gadgettravellers.eu\/it\/wp-json\/wp\/v2\/product"}],"about":[{"href":"https:\/\/gadgettravellers.eu\/it\/wp-json\/wp\/v2\/types\/product"}],"replies":[{"embeddable":true,"href":"https:\/\/gadgettravellers.eu\/it\/wp-json\/wp\/v2\/comments?post=5288762"}],"wp:featuredmedia":[{"embeddable":true,"href":"https:\/\/gadgettravellers.eu\/it\/wp-json\/wp\/v2\/media\/53538"}],"wp:attachment":[{"href":"https:\/\/gadgettravellers.eu\/it\/wp-json\/wp\/v2\/media?parent=5288762"}],"wp:term":[{"taxonomy":"product_brand","embeddable":true,"href":"https:\/\/gadgettravellers.eu\/it\/wp-json\/wp\/v2\/product_brand?post=5288762"},{"taxonomy":"product_cat","embeddable":true,"href":"https:\/\/gadgettravellers.eu\/it\/wp-json\/wp\/v2\/product_cat?post=5288762"},{"taxonomy":"product_tag","embeddable":true,"href":"https:\/\/gadgettravellers.eu\/it\/wp-json\/wp\/v2\/product_tag?post=5288762"}],"curies":[{"name":"wp","href":"https:\/\/api.w.org\/{rel}","templated":true}]}}