{"id":5288808,"date":"2026-01-16T16:59:32","date_gmt":"2026-01-16T14:59:32","guid":{"rendered":"https:\/\/gadgettravellers.eu\/shop\/taylor-of-old-bond-street-sapone-da-barba-coconut-150gr\/"},"modified":"2026-04-22T19:22:29","modified_gmt":"2026-04-22T17:22:29","slug":"taylor-of-old-bond-street-sapone-da-barba-coconut-150gr","status":"publish","type":"product","link":"https:\/\/gadgettravellers.eu\/it\/shop\/taylor-of-old-bond-street-sapone-da-barba-coconut-150gr\/","title":{"rendered":"Taylor of Old Bond Street sapone da barba Coconut 150gr"},"content":{"rendered":"<h2>Taylor of Old Bond Street sapone da barba coconut 150gr<\/h2>\n<p>Taylor of Old Bond Street \u00e8 pi\u00f9 di un semplice marchio, \u00e8 un vero e proprio punto di riferimento nel mondo dei saponi da barba. <br \/> Quando un uomo decide di immergersi nel mondo della <strong>rasatura tradizionale<\/strong>, inevitabilmente si imbatte in Taylor of Old Bond Street. <br \/> Questo sapone da barba \u00e8 una scelta consapevole, fatta da chi apprezza la qualit\u00e0 e l&#8217;eleganza.  <\/p>\n<p>I prodotti Taylor of Old Bond Street sono un elemento imprescindibile nell&#8217;armadietto di un vero appassionato di <strong>rasatura tradizionale<\/strong>.<br \/> Questo sapone da barba offre un&#8217;esperienza di rasatura ineguagliabile, grazie alla sua straordinaria texture che permette al rasoio di scorrere con estrema facilit\u00e0 e piacere.  <\/p>\n<p><strong>Ingredients:<\/strong>aqua (water) stearic acid myristic acid potassium hydroxide coconut fatty acid glycerin parfum (fragrance) triethanolamine sodium hydroxide benzyl alcohol methylchloroisothiazolinone methylisothiazolinone (parfum contains: coumarin benzyl alcohol). <\/p>\n<p>La fragranza di questo sapone da barba \u00e8 unica e inconfondibile: noce di cocco. Un profumo esotico e avvolgente che trasforma ogni rasatura in un momento di puro piacere.  <\/p>\n<p>Formato: 150gr  <\/p>\n<p>Taylor of Old Bond Street, un nome che \u00e8 sinonimo di qualit\u00e0 e tradizione nella <strong>rasatura tradizionale<\/strong>. Prodotto con orgoglio in Inghilterra.<\/p>\n","protected":false},"excerpt":{"rendered":"<p>Taylor of Old Bond Street sapone da barba coconut 150gr Taylor of Old Bond Street \u00e8 pi\u00f9 di un semplice marchio, \u00e8 un vero e proprio punto di riferimento nel mondo dei saponi da barba. Quando un uomo decide di immergersi nel mondo della rasatura tradizionale, inevitabilmente si imbatte in Taylor of Old Bond Street. [&hellip;]<\/p>\n","protected":false},"featured_media":53697,"comment_status":"closed","ping_status":"open","template":"","meta":[],"product_brand":[],"product_cat":[142175],"product_tag":[142249],"class_list":{"0":"post-5288808","1":"product","2":"type-product","3":"status-publish","4":"has-post-thumbnail","6":"product_cat-taylor-of-old-bond-street-3","7":"product_tag-taylor-of-old-bond-street","9":"first","10":"onbackorder","11":"purchasable","12":"product-type-simple"},"jetpack_sharing_enabled":true,"_links":{"self":[{"href":"https:\/\/gadgettravellers.eu\/it\/wp-json\/wp\/v2\/product\/5288808","targetHints":{"allow":["GET"]}}],"collection":[{"href":"https:\/\/gadgettravellers.eu\/it\/wp-json\/wp\/v2\/product"}],"about":[{"href":"https:\/\/gadgettravellers.eu\/it\/wp-json\/wp\/v2\/types\/product"}],"replies":[{"embeddable":true,"href":"https:\/\/gadgettravellers.eu\/it\/wp-json\/wp\/v2\/comments?post=5288808"}],"wp:featuredmedia":[{"embeddable":true,"href":"https:\/\/gadgettravellers.eu\/it\/wp-json\/wp\/v2\/media\/53697"}],"wp:attachment":[{"href":"https:\/\/gadgettravellers.eu\/it\/wp-json\/wp\/v2\/media?parent=5288808"}],"wp:term":[{"taxonomy":"product_brand","embeddable":true,"href":"https:\/\/gadgettravellers.eu\/it\/wp-json\/wp\/v2\/product_brand?post=5288808"},{"taxonomy":"product_cat","embeddable":true,"href":"https:\/\/gadgettravellers.eu\/it\/wp-json\/wp\/v2\/product_cat?post=5288808"},{"taxonomy":"product_tag","embeddable":true,"href":"https:\/\/gadgettravellers.eu\/it\/wp-json\/wp\/v2\/product_tag?post=5288808"}],"curies":[{"name":"wp","href":"https:\/\/api.w.org\/{rel}","templated":true}]}}