{"id":5288818,"date":"2026-01-16T16:59:35","date_gmt":"2026-01-16T14:59:35","guid":{"rendered":"https:\/\/gadgettravellers.eu\/shop\/taylor-of-old-bond-street-sapone-da-barba-sandalwood-in-tubo-50ml\/"},"modified":"2026-04-22T19:22:34","modified_gmt":"2026-04-22T17:22:34","slug":"taylor-of-old-bond-street-sapone-da-barba-sandalwood-in-tubo-50ml","status":"publish","type":"product","link":"https:\/\/gadgettravellers.eu\/it\/shop\/taylor-of-old-bond-street-sapone-da-barba-sandalwood-in-tubo-50ml\/","title":{"rendered":"Taylor of Old Bond Street sapone da barba Sandalwood in tubo 50ml"},"content":{"rendered":"<h2>Taylor of Old Bond Street sapone da barba in tubo sandalwood 50ml<\/h2>\n<p><strong>Taylor of Old Bond Street<\/strong> rappresenta un punto di riferimento nel panorama dei saponi da barba. Questo marchio \u00e8 spesso il primo a cui un uomo si rivolge quando decide di esplorare il mondo della rasatura tradizionale. <\/p>\n<p>La scelta di Taylor of Old Bond Street non \u00e8 mai casuale, ma \u00e8 sempre il risultato di una decisione ponderata. Questi prodotti di alta qualit\u00e0 sono un elemento fondamentale nella routine di rasatura di un vero appassionato. <\/p>\n<p>Il sapone da barba Taylor of Old Bond Street offre un&#8217;esperienza di rasatura senza pari, grazie alla sua straordinaria texture che permette al rasoio di scivolare sulla pelle con estrema facilit\u00e0. Questo sapone da barba non \u00e8 solo un prodotto di qualit\u00e0, ma anche un vero e proprio piacere da utilizzare. <\/p>\n<p><strong><strong>Ingredients:<\/strong><\/strong> Aqua (Water), Stearic Acid, Myristic Acid, Potassium Hydroxide, Coconut Acid, Glycerin, Parfum (Fragrance), Triethanolamine, Sodium Hydroxide, Benzyl Alcohol, Methylchloroisothiazolinone, Methylisothiazolinone (Parfum (Fragrance) contains: Benzyl Benzoate, Benzyl Cinnamate, Benzyl Salicylate, Citronellol, Coumarin, Eugenol, Geraniol, Linalool, Evernia Prunastri Extract, Evernia Furfuracea Extract, D-Limonene). <\/p>\n<p>La fragranza Sandalwood, o sandalo, dona al sapone un profumo caldo e avvolgente, che rende l&#8217;esperienza di rasatura ancora pi\u00f9 piacevole. <\/p>\n<p>Formato: 50ml. Prodotto in Inghilterra.<\/p>\n","protected":false},"excerpt":{"rendered":"<p>Taylor of Old Bond Street sapone da barba in tubo sandalwood 50ml Taylor of Old Bond Street rappresenta un punto di riferimento nel panorama dei saponi da barba. Questo marchio \u00e8 spesso il primo a cui un uomo si rivolge quando decide di esplorare il mondo della rasatura tradizionale. La scelta di Taylor of Old [&hellip;]<\/p>\n","protected":false},"featured_media":53738,"comment_status":"closed","ping_status":"open","template":"","meta":[],"product_brand":[],"product_cat":[142175],"product_tag":[142249],"class_list":{"0":"post-5288818","1":"product","2":"type-product","3":"status-publish","4":"has-post-thumbnail","6":"product_cat-taylor-of-old-bond-street-3","7":"product_tag-taylor-of-old-bond-street","9":"first","10":"onbackorder","11":"purchasable","12":"product-type-simple"},"jetpack_sharing_enabled":true,"_links":{"self":[{"href":"https:\/\/gadgettravellers.eu\/it\/wp-json\/wp\/v2\/product\/5288818","targetHints":{"allow":["GET"]}}],"collection":[{"href":"https:\/\/gadgettravellers.eu\/it\/wp-json\/wp\/v2\/product"}],"about":[{"href":"https:\/\/gadgettravellers.eu\/it\/wp-json\/wp\/v2\/types\/product"}],"replies":[{"embeddable":true,"href":"https:\/\/gadgettravellers.eu\/it\/wp-json\/wp\/v2\/comments?post=5288818"}],"wp:featuredmedia":[{"embeddable":true,"href":"https:\/\/gadgettravellers.eu\/it\/wp-json\/wp\/v2\/media\/53738"}],"wp:attachment":[{"href":"https:\/\/gadgettravellers.eu\/it\/wp-json\/wp\/v2\/media?parent=5288818"}],"wp:term":[{"taxonomy":"product_brand","embeddable":true,"href":"https:\/\/gadgettravellers.eu\/it\/wp-json\/wp\/v2\/product_brand?post=5288818"},{"taxonomy":"product_cat","embeddable":true,"href":"https:\/\/gadgettravellers.eu\/it\/wp-json\/wp\/v2\/product_cat?post=5288818"},{"taxonomy":"product_tag","embeddable":true,"href":"https:\/\/gadgettravellers.eu\/it\/wp-json\/wp\/v2\/product_tag?post=5288818"}],"curies":[{"name":"wp","href":"https:\/\/api.w.org\/{rel}","templated":true}]}}