{"id":5289165,"date":"2026-01-16T17:01:20","date_gmt":"2026-01-16T15:01:20","guid":{"rendered":"https:\/\/gadgettravellers.eu\/shop\/barrister-and-mann-dopobarba-midnight-special-100ml\/"},"modified":"2026-04-13T23:43:54","modified_gmt":"2026-04-13T21:43:54","slug":"barrister-and-mann-dopobarba-midnight-special-100ml","status":"publish","type":"product","link":"https:\/\/gadgettravellers.eu\/it\/shop\/barrister-and-mann-dopobarba-midnight-special-100ml\/","title":{"rendered":"Barrister and Mann dopobarba Midnight Special 100ml"},"content":{"rendered":"<h2>Barrister and Mann dopobarba Midnight Special 100ml<\/h2>\n<p>Il Barrister and Mann Dopobarba Midnight Special da \u00e8 un dopobarba che unisce un&#8217;elegante fragranza notturna a propriet\u00e0 lenitive e idratanti di alta qualit\u00e0. Questo prodotto \u00e8 perfetto per gli uomini che desiderano un&#8217;esperienza di rasatura di lusso e una fragranza che si distingue per il suo carattere misterioso e seducente.<\/p>\n<p>Il profumo del dopobarba Midnight Special \u00e8 una miscela armoniosa di note scure e speziate, arricchite da un tocco di freschezza che evoca l&#8217;eleganza della notte. \u00c8 una fragranza complessa, pensata per chi cerca un aroma sofisticato e durevole che accompagni l&#8217;intera giornata.<\/p>\n<p>Note olfattive: Sandalo, Nagarmotha, Pepe, Noce moscata, Legno<\/p>\n<p>Oltre alla sua fragranza avvolgente, questo dopobarba \u00e8 formulato per offrire un&#8217;efficace azione lenitiva, ideale per calmare la pelle dopo la rasatura. La sua formula \u00e8 arricchita con ingredienti nutrienti che aiutano a ridurre arrossamenti e irritazioni, lasciando la pelle morbida, idratata e piacevolmente profumata.<\/p>\n<p><strong>Ingredients:<strong> Alcohol Denat., Allantoin Extract, Hamamelis virginiana (Witch Hazel) Leaf Water, Glycyrrhiza Glabra (Licorice) l. Extract, Water (and) Glycerin (and) Taurine (and) Chlorella Vulgaris\/Lupinus Albus Protein Ferment (and) Acanthopanax Senticosus (Eleuthero) Root Extract (and) Sodium Benzoate (and) Potassium Sorbate, Parfum (Fragrance), Acetylsalicylic Acid, (Vegetable) Glycerin, Dl-Panthenol (Provitamin B5), Sodium Lactate, Citric Acid, Pelargonium Graveolens (Geranium) Flower Oil, Coumarin, Matricaria Chamomilla(German Chamomile) l. Extract, Tetramethyl (Sylvamber) Acetyloctahydronaphthalenes<\/p>\n<p>Formato:100ml<\/p>\n<p>Made in Usa<\/p>\n","protected":false},"excerpt":{"rendered":"<p>Barrister and Mann dopobarba Midnight Special 100ml Il Barrister and Mann Dopobarba Midnight Special da \u00e8 un dopobarba che unisce un&#8217;elegante fragranza notturna a propriet\u00e0 lenitive e idratanti di alta qualit\u00e0. Questo prodotto \u00e8 perfetto per gli uomini che desiderano un&#8217;esperienza di rasatura di lusso e una fragranza che si distingue per il suo carattere [&hellip;]<\/p>\n","protected":false},"featured_media":5277873,"comment_status":"closed","ping_status":"open","template":"","meta":[],"product_brand":[],"product_cat":[142173],"product_tag":[142247],"class_list":{"0":"post-5289165","1":"product","2":"type-product","3":"status-publish","4":"has-post-thumbnail","6":"product_cat-barrister-and-mann-3","7":"product_tag-barrister-and-mann","9":"first","10":"onbackorder","11":"purchasable","12":"product-type-simple"},"jetpack_sharing_enabled":true,"_links":{"self":[{"href":"https:\/\/gadgettravellers.eu\/it\/wp-json\/wp\/v2\/product\/5289165","targetHints":{"allow":["GET"]}}],"collection":[{"href":"https:\/\/gadgettravellers.eu\/it\/wp-json\/wp\/v2\/product"}],"about":[{"href":"https:\/\/gadgettravellers.eu\/it\/wp-json\/wp\/v2\/types\/product"}],"replies":[{"embeddable":true,"href":"https:\/\/gadgettravellers.eu\/it\/wp-json\/wp\/v2\/comments?post=5289165"}],"wp:featuredmedia":[{"embeddable":true,"href":"https:\/\/gadgettravellers.eu\/it\/wp-json\/wp\/v2\/media\/5277873"}],"wp:attachment":[{"href":"https:\/\/gadgettravellers.eu\/it\/wp-json\/wp\/v2\/media?parent=5289165"}],"wp:term":[{"taxonomy":"product_brand","embeddable":true,"href":"https:\/\/gadgettravellers.eu\/it\/wp-json\/wp\/v2\/product_brand?post=5289165"},{"taxonomy":"product_cat","embeddable":true,"href":"https:\/\/gadgettravellers.eu\/it\/wp-json\/wp\/v2\/product_cat?post=5289165"},{"taxonomy":"product_tag","embeddable":true,"href":"https:\/\/gadgettravellers.eu\/it\/wp-json\/wp\/v2\/product_tag?post=5289165"}],"curies":[{"name":"wp","href":"https:\/\/api.w.org\/{rel}","templated":true}]}}