{"id":5289239,"date":"2026-01-16T17:01:44","date_gmt":"2026-01-16T15:01:44","guid":{"rendered":"https:\/\/gadgettravellers.eu\/shop\/wholly-kaw-dopobarba-double-agent-118ml\/"},"modified":"2026-04-13T23:44:26","modified_gmt":"2026-04-13T21:44:26","slug":"wholly-kaw-dopobarba-double-agent-118ml","status":"publish","type":"product","link":"https:\/\/gadgettravellers.eu\/it\/shop\/wholly-kaw-dopobarba-double-agent-118ml\/","title":{"rendered":"Wholly Kaw dopobarba Double Agent 118ml"},"content":{"rendered":"<h2>Wholly Kaw dopobarba Double Agent 118ml<\/h2>\n<p><strong>Il dopobarba Wholly Kaw Double Agent<\/strong> offre la stessa irresistibile fragranza del sapone da barba Double Agent, in una pratica formulazione splash arricchita con Sangue di Drago e feromoni di origine botanica. Gli estratti botanici inclusi nella formulazione sono noti per le loro propriet\u00e0 lenitive per la pelle, offrendo un&#8217;esperienza di cura post-rasatura superiore.<\/p>\n<p><strong>Il profumo<\/strong> \u00e8 un foug\u00e8re aromatico con note di Geranio e Lavanda, accompagnate da una base rassicurante di Muschio di Quercia e Fava Tonka. Questa combinazione \u00e8 ulteriormente arricchita da un fondo profondamente legnoso di Oud e Sandalo. La complessit\u00e0 delle note ti terr\u00e0 sempre incuriosito, con un blend pulito ma non troppo fresco, speziato ma non eccessivamente legnoso, caldo ma non troppo muschiato. Un vero doppio agente.<\/p>\n<p><strong>Il Sangue di Drago<\/strong> \u00e8 un estratto idro-glicolico ottenuto dal lattice dell&#8217;albero Croton Lechleri, noto per le sue molteplici propriet\u00e0 benefiche per la cura della pelle. Grazie al suo alto contenuto di Taspina e Polifenoli, il Sangue di Drago offre effetti antinfiammatori e cicatrizzanti, ideali per trattamenti post-rasatura.<\/p>\n<p><strong>Ingredients<\/strong>: Alcohol Denat., Aqua (Water), Glycerin, Propanediol, Croton Lechleri Resin Powder, d-Panthenol, Coleus Forskohlii Root Extract, Camellia Sinensis Leaf Extract, Chamomilla Recutita (Matricaria) Flower Extract, Cucumis Sativus (Cucumber) Fruit Extract, Parfum (Fragrance), Sodium Benzoate, Potassium Sorbate, Menthol, Linalool, Limonene<\/p>\n<p>Formato: 118ml<br \/>\nMade in Usa<\/p>\n","protected":false},"excerpt":{"rendered":"<p>Wholly Kaw dopobarba Double Agent 118ml Il dopobarba Wholly Kaw Double Agent offre la stessa irresistibile fragranza del sapone da barba Double Agent, in una pratica formulazione splash arricchita con Sangue di Drago e feromoni di origine botanica. Gli estratti botanici inclusi nella formulazione sono noti per le loro propriet\u00e0 lenitive per la pelle, offrendo [&hellip;]<\/p>\n","protected":false},"featured_media":55242,"comment_status":"closed","ping_status":"open","template":"","meta":[],"product_brand":[],"product_cat":[142168],"product_tag":[142245],"class_list":{"0":"post-5289239","1":"product","2":"type-product","3":"status-publish","4":"has-post-thumbnail","6":"product_cat-wholly-kaw-3","7":"product_tag-wholly-kaw","9":"first","10":"onbackorder","11":"purchasable","12":"product-type-simple"},"jetpack_sharing_enabled":true,"_links":{"self":[{"href":"https:\/\/gadgettravellers.eu\/it\/wp-json\/wp\/v2\/product\/5289239","targetHints":{"allow":["GET"]}}],"collection":[{"href":"https:\/\/gadgettravellers.eu\/it\/wp-json\/wp\/v2\/product"}],"about":[{"href":"https:\/\/gadgettravellers.eu\/it\/wp-json\/wp\/v2\/types\/product"}],"replies":[{"embeddable":true,"href":"https:\/\/gadgettravellers.eu\/it\/wp-json\/wp\/v2\/comments?post=5289239"}],"wp:featuredmedia":[{"embeddable":true,"href":"https:\/\/gadgettravellers.eu\/it\/wp-json\/wp\/v2\/media\/55242"}],"wp:attachment":[{"href":"https:\/\/gadgettravellers.eu\/it\/wp-json\/wp\/v2\/media?parent=5289239"}],"wp:term":[{"taxonomy":"product_brand","embeddable":true,"href":"https:\/\/gadgettravellers.eu\/it\/wp-json\/wp\/v2\/product_brand?post=5289239"},{"taxonomy":"product_cat","embeddable":true,"href":"https:\/\/gadgettravellers.eu\/it\/wp-json\/wp\/v2\/product_cat?post=5289239"},{"taxonomy":"product_tag","embeddable":true,"href":"https:\/\/gadgettravellers.eu\/it\/wp-json\/wp\/v2\/product_tag?post=5289239"}],"curies":[{"name":"wp","href":"https:\/\/api.w.org\/{rel}","templated":true}]}}