{"id":5289248,"date":"2026-01-16T17:01:47","date_gmt":"2026-01-16T15:01:47","guid":{"rendered":"https:\/\/gadgettravellers.eu\/shop\/wholly-kaw-sapone-da-barba-peach-karma-114gr\/"},"modified":"2026-04-13T23:44:30","modified_gmt":"2026-04-13T21:44:30","slug":"wholly-kaw-sapone-da-barba-peach-karma-114gr","status":"publish","type":"product","link":"https:\/\/gadgettravellers.eu\/it\/shop\/wholly-kaw-sapone-da-barba-peach-karma-114gr\/","title":{"rendered":"Wholly Kaw sapone da barba Peach Karma 114gr"},"content":{"rendered":"<h2>Wholly Kaw sapone da barba Peach Karma 114gr<\/h2>\n<p>Il Wholly Kaw sapone da barba Peach Karma \u00e8 la scelta perfetta per l&#8217;estate, ricreando l&#8217;inconfondibile profumo dei frutti estivi.<br \/>\n<strong>Questa fragranza<\/strong> combina le note succose di Pesca e Arancia Rossa con la dolcezza dei Lamponi maturi, arricchite da un leggero accenno di Artemisia, Vaniglia e note legnose.<br \/>\n<strong>Il risultato<\/strong> \u00e8 un profumo avvolgente che \u00e8 tanto fruttato e seducente quanto dolce.<\/p>\n<p><strong>Questo sapone<\/strong>, a base tallow, \u00e8 realizzato con l&#8217;innovativa base Siero, formulata con siero di latte d&#8217;asina e di bufalo, latte di bufalo e latte d&#8217;asina.<br \/>\n<strong>La base Siero<\/strong>, che prende il nome dal termine italiano per siero, \u00e8 arricchita con proteine del siero di latte d&#8217;asina e di bufalo.<br \/>\n<strong>Contiene inoltre<\/strong> sego bovino, semi di lino ad alta concentrazione di acidi grassi essenziali Omega 3 e Omega 6, e altri ingredienti nutritivi per la pelle, garantendo una straordinaria idratazione post-rasatura.<\/p>\n<p><strong>L&#8217;estratto di Luppolo<\/strong> \u00e8 aggiunto per le sue propriet\u00e0 benefiche, come le attivit\u00e0 antinfiammatorie e anti-angiogeniche, che offrono sollievo dall&#8217;infiammazione e prevengono la formazione di vene varicose.<\/p>\n<p><strong>Gli acidi grassi Omega-6 Linoleico e Omega-3 Linolenico<\/strong>, fondamentali per una pelle sana e luminosa, sono inclusi in questa formula, riconosciuti da tempo come essenziali per la salute della pelle.<\/p>\n<p><strong>Ingredients:<\/strong> Aqua (Water), Potassium Stearate, Sodium Stearate, Potassium Tallowate, Sodium Tallowate, Potassium Ricinoleate, Sodium Ricinoleate, (Vegetable) Glycerin, Lac Asinae (Donkey Milk), Potassium Shea Butterate, Sodium Shea Butterate, Garcinia Indica Seed (Kokum) Butter, Theobroma Cacao Seed (Cocoa) Butter, Milk Protein, Lac (Milk), Humulus Lupulus (Hops) Extract, Parfum (Fragrance), Linum Usitatissimum (Hydrolyzed Linseed) Seed Extract, Linoleic Acid, Linolenic Acid, Lanolin, Phenoxyethanol, Caprylyl Glycol, Sorbic Acid, Limonene, Coumarin<\/p>\n<p>Formato: 114gr<br \/>\nMade in Usa<\/p>\n","protected":false},"excerpt":{"rendered":"<p>Wholly Kaw sapone da barba Peach Karma 114gr Il Wholly Kaw sapone da barba Peach Karma \u00e8 la scelta perfetta per l&#8217;estate, ricreando l&#8217;inconfondibile profumo dei frutti estivi. Questa fragranza combina le note succose di Pesca e Arancia Rossa con la dolcezza dei Lamponi maturi, arricchite da un leggero accenno di Artemisia, Vaniglia e note [&hellip;]<\/p>\n","protected":false},"featured_media":55271,"comment_status":"closed","ping_status":"open","template":"","meta":[],"product_brand":[],"product_cat":[142168],"product_tag":[142245],"class_list":{"0":"post-5289248","1":"product","2":"type-product","3":"status-publish","4":"has-post-thumbnail","6":"product_cat-wholly-kaw-3","7":"product_tag-wholly-kaw","9":"first","10":"onbackorder","11":"purchasable","12":"product-type-simple"},"jetpack_sharing_enabled":true,"_links":{"self":[{"href":"https:\/\/gadgettravellers.eu\/it\/wp-json\/wp\/v2\/product\/5289248","targetHints":{"allow":["GET"]}}],"collection":[{"href":"https:\/\/gadgettravellers.eu\/it\/wp-json\/wp\/v2\/product"}],"about":[{"href":"https:\/\/gadgettravellers.eu\/it\/wp-json\/wp\/v2\/types\/product"}],"replies":[{"embeddable":true,"href":"https:\/\/gadgettravellers.eu\/it\/wp-json\/wp\/v2\/comments?post=5289248"}],"wp:featuredmedia":[{"embeddable":true,"href":"https:\/\/gadgettravellers.eu\/it\/wp-json\/wp\/v2\/media\/55271"}],"wp:attachment":[{"href":"https:\/\/gadgettravellers.eu\/it\/wp-json\/wp\/v2\/media?parent=5289248"}],"wp:term":[{"taxonomy":"product_brand","embeddable":true,"href":"https:\/\/gadgettravellers.eu\/it\/wp-json\/wp\/v2\/product_brand?post=5289248"},{"taxonomy":"product_cat","embeddable":true,"href":"https:\/\/gadgettravellers.eu\/it\/wp-json\/wp\/v2\/product_cat?post=5289248"},{"taxonomy":"product_tag","embeddable":true,"href":"https:\/\/gadgettravellers.eu\/it\/wp-json\/wp\/v2\/product_tag?post=5289248"}],"curies":[{"name":"wp","href":"https:\/\/api.w.org\/{rel}","templated":true}]}}