{"id":5289257,"date":"2026-01-16T17:01:50","date_gmt":"2026-01-16T15:01:50","guid":{"rendered":"https:\/\/gadgettravellers.eu\/shop\/wholly-kaw-sapone-da-barba-nightcap-114gr\/"},"modified":"2026-04-13T23:44:33","modified_gmt":"2026-04-13T21:44:33","slug":"wholly-kaw-sapone-da-barba-nightcap-114gr","status":"publish","type":"product","link":"https:\/\/gadgettravellers.eu\/it\/shop\/wholly-kaw-sapone-da-barba-nightcap-114gr\/","title":{"rendered":"Wholly Kaw sapone da barba Nightcap 114gr"},"content":{"rendered":"<h2>Wholly Kaw sapone da barba Nightcap 114gr<\/h2>\n<p>Il Wholly Kaw sapone da barba Nightcap offre un&#8217;esperienza olfattiva unica e avvolgente, ideale per chi cerca un momento di relax e riflessione. Le note aromatiche di questo sapone comprendono Tabacco, Erba, Aldeidi, Vetiver, Caff\u00e8, Cannabis, Fieno, Sandalo, Palissandro e Oud, creando una fragranza complessa e intrigante.<\/p>\n<p>Questo sapone, a base tallow, \u00e8 realizzato con l&#8217;innovativa base Siero, formulata con siero di latte d&#8217;asina e di bufalo, latte di bufalo e latte d&#8217;asina. La base Siero, che prende il nome dal termine italiano per siero, \u00e8 arricchita con proteine del siero di latte d&#8217;asina e di bufalo. Contiene inoltre sego bovino, semi di lino ad alta concentrazione di acidi grassi essenziali Omega 3 e Omega 6, e altri ingredienti nutritivi per la pelle, garantendo una straordinaria idratazione post-rasatura.<\/p>\n<p><strong>L&#8217;estratto di Luppolo<\/strong> \u00e8 aggiunto per le sue propriet\u00e0 benefiche, come le attivit\u00e0 antinfiammatorie e anti-angiogeniche, che offrono sollievo dall&#8217;infiammazione e prevengono la formazione di vene varicose.<\/p>\n<p><strong>Gli acidi grassi Omega-6 Linoleico e Omega-3 Linolenico<\/strong>, fondamentali per una pelle sana e luminosa, sono inclusi in questa formula, riconosciuti da tempo come essenziali per la salute della pelle.<\/p>\n<p><strong>Ingredients:<\/strong> Aqua (Water), Potassium Stearate, Sodium Stearate, Potassium Tallowate , Sodium Tallowate, Potassium Ricinoleate, Sodium Ricinoleate, (Vegetable) Glycerin , Lac Asinae (Donkey Milk), Potassium Shea Butterate, Sodium Shea Butterate, Garcinia Indica Seed (Kokum) Butter, Theobroma Cacao Seed (Cocoa) Butter , Milk Protein , Linoleic Acid, Lac (Milk) , Humulus Lupulus (Hops) Extract, Parfum (Fragrance), Linolenic Acid, Lanolin, Linalool, Eugenol, Coumarin<\/p>\n<p>Formato: 114gr<\/p>\n<p>Made in Usa<\/p>\n","protected":false},"excerpt":{"rendered":"<p>Wholly Kaw sapone da barba Nightcap 114gr Il Wholly Kaw sapone da barba Nightcap offre un&#8217;esperienza olfattiva unica e avvolgente, ideale per chi cerca un momento di relax e riflessione. Le note aromatiche di questo sapone comprendono Tabacco, Erba, Aldeidi, Vetiver, Caff\u00e8, Cannabis, Fieno, Sandalo, Palissandro e Oud, creando una fragranza complessa e intrigante. Questo [&hellip;]<\/p>\n","protected":false},"featured_media":55307,"comment_status":"closed","ping_status":"open","template":"","meta":[],"product_brand":[],"product_cat":[142168],"product_tag":[142245],"class_list":{"0":"post-5289257","1":"product","2":"type-product","3":"status-publish","4":"has-post-thumbnail","6":"product_cat-wholly-kaw-3","7":"product_tag-wholly-kaw","9":"first","10":"onbackorder","11":"purchasable","12":"product-type-simple"},"jetpack_sharing_enabled":true,"_links":{"self":[{"href":"https:\/\/gadgettravellers.eu\/it\/wp-json\/wp\/v2\/product\/5289257","targetHints":{"allow":["GET"]}}],"collection":[{"href":"https:\/\/gadgettravellers.eu\/it\/wp-json\/wp\/v2\/product"}],"about":[{"href":"https:\/\/gadgettravellers.eu\/it\/wp-json\/wp\/v2\/types\/product"}],"replies":[{"embeddable":true,"href":"https:\/\/gadgettravellers.eu\/it\/wp-json\/wp\/v2\/comments?post=5289257"}],"wp:featuredmedia":[{"embeddable":true,"href":"https:\/\/gadgettravellers.eu\/it\/wp-json\/wp\/v2\/media\/55307"}],"wp:attachment":[{"href":"https:\/\/gadgettravellers.eu\/it\/wp-json\/wp\/v2\/media?parent=5289257"}],"wp:term":[{"taxonomy":"product_brand","embeddable":true,"href":"https:\/\/gadgettravellers.eu\/it\/wp-json\/wp\/v2\/product_brand?post=5289257"},{"taxonomy":"product_cat","embeddable":true,"href":"https:\/\/gadgettravellers.eu\/it\/wp-json\/wp\/v2\/product_cat?post=5289257"},{"taxonomy":"product_tag","embeddable":true,"href":"https:\/\/gadgettravellers.eu\/it\/wp-json\/wp\/v2\/product_tag?post=5289257"}],"curies":[{"name":"wp","href":"https:\/\/api.w.org\/{rel}","templated":true}]}}