{"id":5289272,"date":"2026-01-16T17:01:54","date_gmt":"2026-01-16T15:01:54","guid":{"rendered":"https:\/\/gadgettravellers.eu\/shop\/wholly-kaw-sapone-da-barba-new-york-114gr\/"},"modified":"2026-04-13T23:44:39","modified_gmt":"2026-04-13T21:44:39","slug":"wholly-kaw-sapone-da-barba-new-york-114gr","status":"publish","type":"product","link":"https:\/\/gadgettravellers.eu\/it\/shop\/wholly-kaw-sapone-da-barba-new-york-114gr\/","title":{"rendered":"Wholly Kaw sapone da barba New York 114gr"},"content":{"rendered":"<h2>Wholly Kaw sapone da barba New York 114gr<\/h2>\n<p>Il <strong>sapone da barba New York<\/strong> con la <strong>formula Siero Base<\/strong> di Wholly Kaw \u00e8 \u00e8 un&#8217;esclusiva miscela che sfrutta le proteine del latte d&#8217;asina e del latte di bufala, offrendo propriet\u00e0 lenitive e idratanti per la pelle. Questa base \u00e8 arricchita con Tallow, che conferisce qualit\u00e0 ricche e condizionanti, essenziali per una rasatura fluida e piacevole. Inoltre, di semi di lino, ricchi di acidi grassi essenziali Omega 3 e Omega 6, giocano un ruolo fondamentale nel mantenere la pelle sana e ben idratata anche in post rasatura.<\/p>\n<p>La combinazione di questi ingredienti del <strong>sapone da barba New York<\/strong> non solo assicurano un&#8217;eccellente idratazione e propriet\u00e0 lenitive ma rendono anche l&#8217;esperienza di rasatura estremamente confortevole, lasciando la pelle morbida e ben idratata.<\/p>\n<p><strong>Profilo olfattivo<\/strong>: un profumo caldo e speziato, caratterizzato da note di Caff\u00e8, Cardamomo, Geranio, Foglie Verdi, Ambra, Vaniglia, Cuoio, Pepe Rosa, Fava Tonka, Vetiver, Sandalo e Muschio.<\/p>\n<p><strong>Ingredients<\/strong>: Aqua (Water), Potassium Stearate, Sodium Stearate, Potassium Tallowate, Sodium Tallowate, Potassium Ricinoleate, Sodium Ricinoleate, (Vegetable) Glycerin, Lac Asinae (Donkey Milk), Potassium Shea Butterate, Sodium Shea Butterate, Garcinia Indica Seed (Kokum) Butter, Theobroma Cacao Seed (Cocoa) Butter, Milk Protein, Lac (Milk), Humulus Lupulus (Hops) Extract, Parfum (Fragrance), Linum Usitatissimum (Hydrolyzed Linseed) Seed Extract, Linoleic Acid, Linolenic Acid, Lanolin, Phenoxyethanol, Caprylyl Glycol, Sorbic Acid, Citral, Limonene, Linalool<\/p>\n<p>Formato: 114gr<br \/>\nSapone da barba a base Tallow, <strong>siero base<\/strong><\/p>\n<p>Made in USA<\/p>\n","protected":false},"excerpt":{"rendered":"<p>Wholly Kaw sapone da barba New York 114gr Il sapone da barba New York con la formula Siero Base di Wholly Kaw \u00e8 \u00e8 un&#8217;esclusiva miscela che sfrutta le proteine del latte d&#8217;asina e del latte di bufala, offrendo propriet\u00e0 lenitive e idratanti per la pelle. Questa base \u00e8 arricchita con Tallow, che conferisce qualit\u00e0 [&hellip;]<\/p>\n","protected":false},"featured_media":55349,"comment_status":"closed","ping_status":"open","template":"","meta":[],"product_brand":[],"product_cat":[142168],"product_tag":[142245],"class_list":{"0":"post-5289272","1":"product","2":"type-product","3":"status-publish","4":"has-post-thumbnail","6":"product_cat-wholly-kaw-3","7":"product_tag-wholly-kaw","9":"first","10":"onbackorder","11":"purchasable","12":"product-type-simple"},"jetpack_sharing_enabled":true,"_links":{"self":[{"href":"https:\/\/gadgettravellers.eu\/it\/wp-json\/wp\/v2\/product\/5289272","targetHints":{"allow":["GET"]}}],"collection":[{"href":"https:\/\/gadgettravellers.eu\/it\/wp-json\/wp\/v2\/product"}],"about":[{"href":"https:\/\/gadgettravellers.eu\/it\/wp-json\/wp\/v2\/types\/product"}],"replies":[{"embeddable":true,"href":"https:\/\/gadgettravellers.eu\/it\/wp-json\/wp\/v2\/comments?post=5289272"}],"wp:featuredmedia":[{"embeddable":true,"href":"https:\/\/gadgettravellers.eu\/it\/wp-json\/wp\/v2\/media\/55349"}],"wp:attachment":[{"href":"https:\/\/gadgettravellers.eu\/it\/wp-json\/wp\/v2\/media?parent=5289272"}],"wp:term":[{"taxonomy":"product_brand","embeddable":true,"href":"https:\/\/gadgettravellers.eu\/it\/wp-json\/wp\/v2\/product_brand?post=5289272"},{"taxonomy":"product_cat","embeddable":true,"href":"https:\/\/gadgettravellers.eu\/it\/wp-json\/wp\/v2\/product_cat?post=5289272"},{"taxonomy":"product_tag","embeddable":true,"href":"https:\/\/gadgettravellers.eu\/it\/wp-json\/wp\/v2\/product_tag?post=5289272"}],"curies":[{"name":"wp","href":"https:\/\/api.w.org\/{rel}","templated":true}]}}