{"id":5289400,"date":"2026-01-16T17:02:35","date_gmt":"2026-01-16T15:02:35","guid":{"rendered":"https:\/\/gadgettravellers.eu\/shop\/ariana-evans-dopobarba-bahian-leather-100ml\/"},"modified":"2026-04-15T19:50:56","modified_gmt":"2026-04-15T17:50:56","slug":"ariana-evans-dopobarba-bahian-leather-100ml","status":"publish","type":"product","link":"https:\/\/gadgettravellers.eu\/it\/shop\/ariana-evans-dopobarba-bahian-leather-100ml\/","title":{"rendered":"Ariana &#038; Evans dopobarba Bahian Leather 100ml"},"content":{"rendered":"<h2>Ariana &#038; Evans dopobarba Bahian Leather 100ml<\/h2>\n<p><strong>Dopobarba Bahian Leather<\/strong> di Ariana &#038; Evans \u00e8 una raffinata miscela che trasforma il rituale della rasatura in un\u2019esperienza di puro piacere sensoriale. Ispirato dalle note avvolgenti della Memo African Leather, questo dopobarba da 100ml si distingue per la sua capacit\u00e0 di evocare un\u2019aria di esotismo e selvaggia eleganza, portando sulla pelle una fragranza intensa e seducente.<\/p>\n<p>La fragranza del <strong>Dopobarba Bahian Leather<\/strong> si apre con un\u2019esplosione di bergamotto brillante, che illumina immediatamente i sensi, affiancato da spezie erbacee e toccanti. Note di cardamomo, cumino e zafferano si fondono in un\u2019armonia sofisticata, dando vita a un bouquet di note di testa energizzanti e avvolgenti. Questi elementi si combinano per creare una scintilla di vitalit\u00e0 che accende il desiderio di avventura e passione.<\/p>\n<p>Nel cuore del <strong>Dopobarba Bahian Leather<\/strong> si sviluppa una sinfonia olfattiva dove il geranio e il patchouli offrono profondit\u00e0 e calore, mentre il vetiver, in tutta la sua naturalit\u00e0, aggiunge una sfumatura erbacea e terrosa, richiamando la vastit\u00e0 delle savane africane. Questo mix si sposa perfettamente con l\u2019intensit\u00e0 dell\u2019oud e la presenza del muschio, che completano la fragranza con un\u2019eco di eleganza e mistero.<\/p>\n<p>Infine, la base della composizione \u00e8 dominata da una maestosa nota di cuoio, che si fonde con il carattere robusto delle altre essenze, creando un effetto seducente e avvolgente. Questo cuoio, lavorato in maniera impeccabile, evoca la raffinatezza e la forza dei grandi animali della savana, donando al <strong>Dopobarba Bahian Leather<\/strong> una scia duratura e distintiva.<\/p>\n<p><strong>Caratteristiche principali del Dopobarba Bahian Leather:<\/strong><\/p>\n<ul>\n<li>Fragranza esotica e seducente, che combina note agrumate, speziate e legnose;<\/li>\n<li>Formula studiata per proteggere e lenire la pelle dopo la rasatura, garantendo un effetto rinfrescante e nutriente;<\/li>\n<li>Presentato in un pratico formato da 100ml, ideale per l\u2019uso quotidiano e per chi ama un tocco di eleganza sofisticata;<\/li>\n<li>Una composizione armoniosa che si sviluppa in pi\u00f9 fasi, regalando un\u2019esperienza sensoriale completa.<\/li>\n<\/ul>\n<p>Il <strong>Dopobarba Bahian Leather<\/strong> \u00e8 realizzato con una formula di alta qualit\u00e0, studiata per soddisfare le esigenze della pelle maschile, garantendo una rasatura impeccabile e una protezione duratura. La sua fragranza, intensa e seducente, si trasforma in un autentico rituale di benessere, capace di evocare emozioni e ricordi unici ad ogni applicazione.<\/p>\n<p><strong>Ingredients: <\/strong>Aloe Barbedensis Leaf Juice, Alcohol Denat., (Vegetable) Glycerin, Rosa\u00a0Gallica\u00a0Flower Water (Rose Hydrosol), Calendula\u00a0Officinalis\u00a0Extract, Trifolium Pratense Flore (Red Clover)\u00a0Extract, Recutita Flower Extract (Chamomile), Plantago Lanceolata\u00a0Leaf\u00a0Extract (Plantain Leaves), Salix Alba\u00a0Bark Extract (White Willow Bark), Parfum (Fragrance), Alpha\u00a0Tocopherol (Vitamin E), Caprylic\/Capric\u00a0Triglycerides, Coumarin, Benzyl Benzoate, Benzyl Salicylate, Eugenol, Citronellol<\/p>\n<p>formula pedro fiasco<br \/>\nformato: 100ml<br \/>\nMade in USA<\/p>\n","protected":false},"excerpt":{"rendered":"<p>Ariana &#038; Evans dopobarba Bahian Leather 100ml Dopobarba Bahian Leather di Ariana &#038; Evans \u00e8 una raffinata miscela che trasforma il rituale della rasatura in un\u2019esperienza di puro piacere sensoriale. Ispirato dalle note avvolgenti della Memo African Leather, questo dopobarba da 100ml si distingue per la sua capacit\u00e0 di evocare un\u2019aria di esotismo e selvaggia [&hellip;]<\/p>\n","protected":false},"featured_media":5278387,"comment_status":"closed","ping_status":"open","template":"","meta":[],"product_brand":[],"product_cat":[142172],"product_tag":[1960],"class_list":{"0":"post-5289400","1":"product","2":"type-product","3":"status-publish","4":"has-post-thumbnail","6":"product_cat-ariana-evans-3","7":"product_tag-ariana-evans","9":"first","10":"onbackorder","11":"purchasable","12":"product-type-simple"},"jetpack_sharing_enabled":true,"_links":{"self":[{"href":"https:\/\/gadgettravellers.eu\/it\/wp-json\/wp\/v2\/product\/5289400","targetHints":{"allow":["GET"]}}],"collection":[{"href":"https:\/\/gadgettravellers.eu\/it\/wp-json\/wp\/v2\/product"}],"about":[{"href":"https:\/\/gadgettravellers.eu\/it\/wp-json\/wp\/v2\/types\/product"}],"replies":[{"embeddable":true,"href":"https:\/\/gadgettravellers.eu\/it\/wp-json\/wp\/v2\/comments?post=5289400"}],"wp:featuredmedia":[{"embeddable":true,"href":"https:\/\/gadgettravellers.eu\/it\/wp-json\/wp\/v2\/media\/5278387"}],"wp:attachment":[{"href":"https:\/\/gadgettravellers.eu\/it\/wp-json\/wp\/v2\/media?parent=5289400"}],"wp:term":[{"taxonomy":"product_brand","embeddable":true,"href":"https:\/\/gadgettravellers.eu\/it\/wp-json\/wp\/v2\/product_brand?post=5289400"},{"taxonomy":"product_cat","embeddable":true,"href":"https:\/\/gadgettravellers.eu\/it\/wp-json\/wp\/v2\/product_cat?post=5289400"},{"taxonomy":"product_tag","embeddable":true,"href":"https:\/\/gadgettravellers.eu\/it\/wp-json\/wp\/v2\/product_tag?post=5289400"}],"curies":[{"name":"wp","href":"https:\/\/api.w.org\/{rel}","templated":true}]}}