{"id":5289569,"date":"2026-01-16T17:03:32","date_gmt":"2026-01-16T15:03:32","guid":{"rendered":"https:\/\/gadgettravellers.eu\/shop\/ariana-evans-sapone-da-barba-dirty-ginger-157ml\/"},"modified":"2026-04-15T19:52:00","modified_gmt":"2026-04-15T17:52:00","slug":"ariana-evans-sapone-da-barba-dirty-ginger-157ml","status":"publish","type":"product","link":"https:\/\/gadgettravellers.eu\/it\/shop\/ariana-evans-sapone-da-barba-dirty-ginger-157ml\/","title":{"rendered":"Ariana &#038; Evans sapone da barba Dirty Ginger 157ml"},"content":{"rendered":"<h2>Ariana &#038; Evans sapone da barba Dirty Ginger 157ml<\/h2>\n<p><strong>Sapone da barba Dirty Ginger<\/strong> di Ariana &#038; Evans \u00e8 una reinterpretazione moderna di una fragranza gi\u00e0 apprezzata qualche anno fa, studiata per offrire un\u2019esperienza sensoriale sorprendente e rinfrescante. Questo sapone da barba da 157ml si caratterizza per il suo profumo originale, che ricorda l\u2019effervescenza della ginger ale, arricchita da un accenno deciso di foglie di tabacco e ambra. Il risultato \u00e8 una fragranza audace e avvolgente, pensata per chi desidera distinguersi con un prodotto di alta qualit\u00e0 e dal carattere inconfondibile.<\/p>\n<p>La composizione olfattiva del <strong>Sapone da barba Dirty Ginger<\/strong> si apre con note vivaci e agrumate, grazie alla presenza del bergamotto, che dona un\u2019immediata sensazione di freschezza ed energia. Seguono poi le note di zenzero, che si combinano perfettamente con l\u2019aroma effervescente della ginger ale soda, creando un\u2019esplosione di vitalit\u00e0 e originalit\u00e0. Questa apertura dinamica \u00e8 ulteriormente valorizzata dall\u2019aggiunta di foglie di tabacco, che introducono una nota leggermente affumicata, ed dall\u2019ambra, che apporta calore e profondit\u00e0 alla composizione.<\/p>\n<p>Il <strong>Sapone da barba Dirty Ginger<\/strong> \u00e8 stato formulato per garantire una rasatura confortevole e nutriente, grazie alla sua texture ricca e cremosa che permette una schiuma densa e protettiva. La formula \u00e8 studiata per lenire la pelle e prevenire irritazioni, offrendo una sensazione di morbidezza e idratazione duratura. Questo prodotto, ideale per l\u2019uso quotidiano, si presta a trasformare il semplice gesto della rasatura in un rituale di benessere e cura personale.<\/p>\n<p><strong>Caratteristiche principali del Sapone da barba Dirty Ginger:<\/strong><\/p>\n<ul>\n<li>Fragranza fresca e dinamica, che combina le note di bergamotto, zenzero e ginger ale con un tocco deciso di tabacco e ambra;<\/li>\n<li>Formula nutriente e lenitiva, studiata per proteggere e idratare la pelle durante e dopo la rasatura;<\/li>\n<li>Texture cremosa che consente la formazione di una schiuma densa e ricca, per una rasatura confortevole;<\/li>\n<li>Formato da 157ml, ideale per chi cerca un prodotto performante e dal design moderno;<\/li>\n<li>Un\u2019esperienza sensoriale unica che trasforma il rituale quotidiano della rasatura in un momento di piacere e relax.<\/li>\n<\/ul>\n<p>Il <strong>Sapone da barba Dirty Ginger<\/strong> di Ariana &#038; Evans \u00e8 la scelta perfetta per l\u2019uomo che desidera un prodotto capace di coniugare un profumo originale e raffinato con una formula efficace, pensata per garantire una rasatura impeccabile e una pelle nutrita e protetta.<\/p>\n<p><strong>Ingredients: <\/strong>Stearic Acid, Aqua (Water), Butyrospermum Parkii (Shea) Butter, Potassium Hydroxide, Castor Oil, (Vegetable) Glycerin, Beer, Helianthus Annuus (Sunflower) Seed Oil, Butter (Manteca), Beef Tallow, Elaeis Guinneensis (Palm) Oil, Parfum (Fragrance), Coconut Oil, Sodium Hydroxide, Simmondsia Chinensis (Jojoba) Oil, Benzyl Benzoate, Xanthan Gum, Limonene, Citral<\/p>\n<p>Formula Pedro fiasco<\/p>\n<p>Formato 157ml<br \/>\nMade in USA<\/p>\n","protected":false},"excerpt":{"rendered":"<p>Ariana &#038; Evans sapone da barba Dirty Ginger 157ml Sapone da barba Dirty Ginger di Ariana &#038; Evans \u00e8 una reinterpretazione moderna di una fragranza gi\u00e0 apprezzata qualche anno fa, studiata per offrire un\u2019esperienza sensoriale sorprendente e rinfrescante. Questo sapone da barba da 157ml si caratterizza per il suo profumo originale, che ricorda l\u2019effervescenza della [&hellip;]<\/p>\n","protected":false},"featured_media":5278813,"comment_status":"closed","ping_status":"open","template":"","meta":[],"product_brand":[],"product_cat":[142172],"product_tag":[1960],"class_list":{"0":"post-5289569","1":"product","2":"type-product","3":"status-publish","4":"has-post-thumbnail","6":"product_cat-ariana-evans-3","7":"product_tag-ariana-evans","9":"first","10":"onbackorder","11":"purchasable","12":"product-type-simple"},"jetpack_sharing_enabled":true,"_links":{"self":[{"href":"https:\/\/gadgettravellers.eu\/it\/wp-json\/wp\/v2\/product\/5289569","targetHints":{"allow":["GET"]}}],"collection":[{"href":"https:\/\/gadgettravellers.eu\/it\/wp-json\/wp\/v2\/product"}],"about":[{"href":"https:\/\/gadgettravellers.eu\/it\/wp-json\/wp\/v2\/types\/product"}],"replies":[{"embeddable":true,"href":"https:\/\/gadgettravellers.eu\/it\/wp-json\/wp\/v2\/comments?post=5289569"}],"wp:featuredmedia":[{"embeddable":true,"href":"https:\/\/gadgettravellers.eu\/it\/wp-json\/wp\/v2\/media\/5278813"}],"wp:attachment":[{"href":"https:\/\/gadgettravellers.eu\/it\/wp-json\/wp\/v2\/media?parent=5289569"}],"wp:term":[{"taxonomy":"product_brand","embeddable":true,"href":"https:\/\/gadgettravellers.eu\/it\/wp-json\/wp\/v2\/product_brand?post=5289569"},{"taxonomy":"product_cat","embeddable":true,"href":"https:\/\/gadgettravellers.eu\/it\/wp-json\/wp\/v2\/product_cat?post=5289569"},{"taxonomy":"product_tag","embeddable":true,"href":"https:\/\/gadgettravellers.eu\/it\/wp-json\/wp\/v2\/product_tag?post=5289569"}],"curies":[{"name":"wp","href":"https:\/\/api.w.org\/{rel}","templated":true}]}}