{"id":5289581,"date":"2026-01-16T17:03:35","date_gmt":"2026-01-16T15:03:35","guid":{"rendered":"https:\/\/gadgettravellers.eu\/shop\/officina-artigiana-olio-di-argan-100-puro-250ml\/"},"modified":"2026-04-13T23:46:47","modified_gmt":"2026-04-13T21:46:47","slug":"officina-artigiana-olio-di-argan-100-puro-250ml","status":"publish","type":"product","link":"https:\/\/gadgettravellers.eu\/it\/shop\/officina-artigiana-olio-di-argan-100-puro-250ml\/","title":{"rendered":"Officina Artigiana olio di argan 100% puro 250ml"},"content":{"rendered":"<h2>Officina Artigiana olio di argan 100% puro 250ml<\/h2>\n<p>L&#8217;olio di <strong>Argan<\/strong> prodotto da <strong>Officina Artigiana<\/strong> \u00e8 composto da un solo <strong>ingrediente<\/strong> puro e <strong>certificato<\/strong>: <strong>Argania Spinosa Kernel Oil<\/strong>.<\/p>\n<p>Olio Spremuto a freddo proveniente dal Marocco e tra i pi\u00f9 preziosi disponibili, viene ricavato dall&#8217;albero della vita (Argania Spinosa). Estremamente ricco di <strong>vitamina E<\/strong>, <strong>vitamina A<\/strong>, <strong>fitosteroli<\/strong>, <strong>polifenoli<\/strong>, <strong>Omega<\/strong> <strong>3<\/strong> e <strong>6<\/strong>, l&#8217;olio di <strong>Argan<\/strong> \u00e8 considerato un antirughe naturale.<\/p>\n<p>La sua composizione \u00e8 ricca di <strong>antiossidanti<\/strong> che contrastano l&#8217;invecchiamento della pelle non che di <strong>sostanze idratanti<\/strong> che favoriscono la produzione di collagene aiutando cos\u00ec la pelle del viso a rimanere fresca e giovane nel tempo.<\/p>\n<p>Applicato sulle pelli delicate, l&#8217;olio di <strong>Argan<\/strong> <strong>lenisce<\/strong>\u00a0le <strong>infiammazioni<\/strong> ed il <strong>prurito<\/strong> dovuti ad allergie o problemi cutanei, tanto da essere sempre pi\u00f9 utilizzato e consigliato da dermatologi e medici estetici. L&#8217;olio puro \u00e8 consigliato anche per malattie dermatologiche (eczemi e psoriasi), poich\u00e8 lascia l&#8217;epidermide delicatamente idratata, senza occludere i pori o impedirne la traspirazione<\/p>\n<p><strong>Curiosit\u00e0 e Modo d&#8217;uso:<\/strong><br \/>\nApplicare la quantit\u00e0 di olio desiderato sul palmo della mano quindi applicare sulle parti interessate massaggiando fino a completo assorbimento.<\/p>\n<p>Questo <strong>olio puro<\/strong> \u00e8 indicato per la cura della pelle grazie alle sue propriet\u00e0 <strong>idratanti<\/strong>, <strong>elasticizzanti<\/strong>, <strong>ricostituenti<\/strong>, <strong>antiet\u00e0<\/strong> e <strong>antirughe<\/strong>. Utilizzato sui capelli li rinforza e previene le doppie punte.<\/p>\n<p>Grazie all&#8217;esperienza di <strong>Officina Artigiana<\/strong>, tutti gli oli di nostra produzione, possono essere applicati puri, o miscelati a fluidi in gel, per facilitarne l&#8217;applicazione ed evitare l&#8217;effetto &#8220;unto&#8221;, cos\u00ec che il loro uso sia pi\u00f9 piacevole e adatto anche per l&#8217;uso quotidiano.<\/p>\n<p><strong>Formato<\/strong>: 250ml<\/p>\n<p><strong>100% puro<\/strong><\/p>\n","protected":false},"excerpt":{"rendered":"<p>Officina Artigiana olio di argan 100% puro 250ml L&#8217;olio di Argan prodotto da Officina Artigiana \u00e8 composto da un solo ingrediente puro e certificato: Argania Spinosa Kernel Oil. Olio Spremuto a freddo proveniente dal Marocco e tra i pi\u00f9 preziosi disponibili, viene ricavato dall&#8217;albero della vita (Argania Spinosa). Estremamente ricco di vitamina E, vitamina A, [&hellip;]<\/p>\n","protected":false},"featured_media":56299,"comment_status":"closed","ping_status":"open","template":"","meta":[],"product_brand":[],"product_cat":[142202],"product_tag":[142273],"class_list":{"0":"post-5289581","1":"product","2":"type-product","3":"status-publish","4":"has-post-thumbnail","6":"product_cat-officina-artigiana-3","7":"product_tag-officina-artigiana","9":"first","10":"onbackorder","11":"purchasable","12":"product-type-simple"},"jetpack_sharing_enabled":true,"_links":{"self":[{"href":"https:\/\/gadgettravellers.eu\/it\/wp-json\/wp\/v2\/product\/5289581","targetHints":{"allow":["GET"]}}],"collection":[{"href":"https:\/\/gadgettravellers.eu\/it\/wp-json\/wp\/v2\/product"}],"about":[{"href":"https:\/\/gadgettravellers.eu\/it\/wp-json\/wp\/v2\/types\/product"}],"replies":[{"embeddable":true,"href":"https:\/\/gadgettravellers.eu\/it\/wp-json\/wp\/v2\/comments?post=5289581"}],"wp:featuredmedia":[{"embeddable":true,"href":"https:\/\/gadgettravellers.eu\/it\/wp-json\/wp\/v2\/media\/56299"}],"wp:attachment":[{"href":"https:\/\/gadgettravellers.eu\/it\/wp-json\/wp\/v2\/media?parent=5289581"}],"wp:term":[{"taxonomy":"product_brand","embeddable":true,"href":"https:\/\/gadgettravellers.eu\/it\/wp-json\/wp\/v2\/product_brand?post=5289581"},{"taxonomy":"product_cat","embeddable":true,"href":"https:\/\/gadgettravellers.eu\/it\/wp-json\/wp\/v2\/product_cat?post=5289581"},{"taxonomy":"product_tag","embeddable":true,"href":"https:\/\/gadgettravellers.eu\/it\/wp-json\/wp\/v2\/product_tag?post=5289581"}],"curies":[{"name":"wp","href":"https:\/\/api.w.org\/{rel}","templated":true}]}}