{"id":5290357,"date":"2026-01-16T17:07:50","date_gmt":"2026-01-16T15:07:50","guid":{"rendered":"https:\/\/gadgettravellers.eu\/shop\/ariana-evans-dopobarba-dos-dalagas-barbera-100ml\/"},"modified":"2026-04-05T19:28:13","modified_gmt":"2026-04-05T17:28:13","slug":"ariana-evans-dopobarba-dos-dalagas-barbera-100ml","status":"publish","type":"product","link":"https:\/\/gadgettravellers.eu\/it\/shop\/ariana-evans-dopobarba-dos-dalagas-barbera-100ml\/","title":{"rendered":"Ariana &#038; Evans dopobarba Dos Dalagas Barbera 100ml"},"content":{"rendered":"<h2>Ariana &#038; Evans dopobarba Dos Dalagas Barbera 100ml<\/h2>\n<p>Il dopobarba <strong>Dos Dalagas Barbera<\/strong>, confezionato in flacone di vetro da 100ml, unisce praticit\u00e0 e cura per i dettagli.<br \/>\nIl design minimalista del flacone \u00e8 arricchito da un riduttore pensato per garantire un&#8217;erogazione misurata e precisa, permettendo cos\u00ec di utilizzare la quantit\u00e0 ottimale di prodotto ad ogni uso.<br \/>\nQuesto sistema non solo aiuta a ridurre gli sprechi, ma assicura anche un&#8217;applicazione uniforme e piacevole. La scelta del vetro per il flacone contribuisce a mantenere inalterate le qualit\u00e0 del dopobarba, preservandone la fragranza e le propriet\u00e0 benefiche nel tempo. Un accessorio indispensabile per l&#8217;uomo moderno, che cerca funzionalit\u00e0 e qualit\u00e0 durante e dopo la rasatura.<\/p>\n<p><strong>Interrompere l\u2019uso in caso di arrossamenti e\/o irritazioni. Agitare bene prima dell&#8217;uso.<\/strong><\/p>\n<p><strong>Profilo olfattivo<\/strong>: un mix di note di Lavanda, Talco, Mango, Geranio, Arancia rossa, Cumarina, Tabacco, Vetiver, Legno di cedro, Fieno, Cardamomo, Sandalo, Vaniglia, Muschio<\/p>\n<p><strong>Ingredients<\/strong>: Aloe Barbedensis Leaf juice, Alcohol Denat., ( Vegetable) Glycerin , Rosa Gallica Flower Water (Rose Hydrosol), Calendula Officinalis Extract, Trifolium pratense flore (red clover) extract, Recutita Flower Extract (Chamomile), Plantago Lanceolata Leaf Extract (Plantain Leaves), Salix Alba Bark Extract (White Willow Bark), Parfum (Fragrance), Alpha Tocopherol (Vitamin E), Caprylic\/Capric Triglycerides<\/p>\n<p>Formato: 100ml<br \/>\nMade in USA<\/p>\n","protected":false},"excerpt":{"rendered":"<p>Ariana &#038; Evans dopobarba Dos Dalagas Barbera 100ml Il dopobarba Dos Dalagas Barbera, confezionato in flacone di vetro da 100ml, unisce praticit\u00e0 e cura per i dettagli. Il design minimalista del flacone \u00e8 arricchito da un riduttore pensato per garantire un&#8217;erogazione misurata e precisa, permettendo cos\u00ec di utilizzare la quantit\u00e0 ottimale di prodotto ad ogni [&hellip;]<\/p>\n","protected":false},"featured_media":59041,"comment_status":"closed","ping_status":"open","template":"","meta":[],"product_brand":[],"product_cat":[142172],"product_tag":[1960],"class_list":{"0":"post-5290357","1":"product","2":"type-product","3":"status-publish","4":"has-post-thumbnail","6":"product_cat-ariana-evans-3","7":"product_tag-ariana-evans","9":"first","10":"onbackorder","11":"purchasable","12":"product-type-simple"},"jetpack_sharing_enabled":true,"_links":{"self":[{"href":"https:\/\/gadgettravellers.eu\/it\/wp-json\/wp\/v2\/product\/5290357","targetHints":{"allow":["GET"]}}],"collection":[{"href":"https:\/\/gadgettravellers.eu\/it\/wp-json\/wp\/v2\/product"}],"about":[{"href":"https:\/\/gadgettravellers.eu\/it\/wp-json\/wp\/v2\/types\/product"}],"replies":[{"embeddable":true,"href":"https:\/\/gadgettravellers.eu\/it\/wp-json\/wp\/v2\/comments?post=5290357"}],"wp:featuredmedia":[{"embeddable":true,"href":"https:\/\/gadgettravellers.eu\/it\/wp-json\/wp\/v2\/media\/59041"}],"wp:attachment":[{"href":"https:\/\/gadgettravellers.eu\/it\/wp-json\/wp\/v2\/media?parent=5290357"}],"wp:term":[{"taxonomy":"product_brand","embeddable":true,"href":"https:\/\/gadgettravellers.eu\/it\/wp-json\/wp\/v2\/product_brand?post=5290357"},{"taxonomy":"product_cat","embeddable":true,"href":"https:\/\/gadgettravellers.eu\/it\/wp-json\/wp\/v2\/product_cat?post=5290357"},{"taxonomy":"product_tag","embeddable":true,"href":"https:\/\/gadgettravellers.eu\/it\/wp-json\/wp\/v2\/product_tag?post=5290357"}],"curies":[{"name":"wp","href":"https:\/\/api.w.org\/{rel}","templated":true}]}}